{"id":10325,"date":"2019-03-19T14:36:48","date_gmt":"2019-03-19T13:36:48","guid":{"rendered":"https:\/\/www.fgc.cat\/sol-licitud_servitud\/"},"modified":"2020-10-07T11:46:55","modified_gmt":"2020-10-07T09:46:55","slug":"solicitud-autorizacion-obras","status":"publish","type":"page","link":"https:\/\/www.fgc.cat\/es\/solicitud-autorizacion-obras\/","title":{"rendered":"Solicitud Autorizaci\u00f3n Obras"},"content":{"rendered":"<section class=\"l-section wpb_row height_medium\"><div class=\"l-section-h i-cf\"><div class=\"g-cols vc_row via_flex valign_top type_default stacking_default\"><div class=\"vc_col-sm-2 wpb_column vc_column_container\"><div class=\"vc_column-inner\"><div class=\"wpb_wrapper\"><\/div><\/div><\/div><div class=\"vc_col-sm-8 wpb_column vc_column_container\"><div class=\"vc_column-inner\"><div class=\"wpb_wrapper\">[vc_custom_heading text=\u00bbSolicitud de Autorizaci\u00f3n de Obras\u00bb font_container=\u00bbtag:h1|text_align:left\u00bb use_theme_fonts=\u00bbyes\u00bb][dhvc_form id=\u00bb10324&#8243;]<\/div><\/div><\/div><div class=\"vc_col-sm-2 wpb_column vc_column_container\"><div class=\"vc_column-inner\"><div class=\"wpb_wrapper\"><\/div><\/div><\/div><\/div><\/div><\/section>\n","protected":false},"excerpt":{"rendered":"[vc_custom_heading text=\"Solicitud de Autorizaci\u00f3n de Obras\" font_container=\"tag:h1|text_align:left\" use_theme_fonts=\"yes\"][dhvc_form id=\"10324\"]","protected":false},"author":1,"featured_media":0,"parent":0,"menu_order":0,"comment_status":"closed","ping_status":"closed","template":"","meta":{"footnotes":""},"class_list":["post-10325","page","type-page","status-publish","hentry"],"yoast_head":"<!-- This site is optimized with the Yoast SEO Premium plugin v27.3 (Yoast SEO v27.3) - https:\/\/yoast.com\/product\/yoast-seo-premium-wordpress\/ -->\n<title>Solicitud Autorizaci\u00f3n Obras | FGC<\/title>\n<meta name=\"description\" content=\"Consulta informaci\u00f3n de la solicitud de autorizaci\u00f3n de obras en zona de dominio p\u00fablico y protecci\u00f3n de infraestructuras ferroviarias gestionadas por FGC.\" \/>\n<meta name=\"robots\" content=\"index, follow, max-snippet:-1, max-image-preview:large, max-video-preview:-1\" \/>\n<link rel=\"canonical\" href=\"https:\/\/www.fgc.cat\/es\/solicitud-autorizacion-obras\/\" \/>\n<meta property=\"og:locale\" content=\"es_ES\" \/>\n<meta property=\"og:type\" content=\"article\" \/>\n<meta property=\"og:title\" content=\"Solicitud Autorizaci\u00f3n Obras\" \/>\n<meta property=\"og:description\" content=\"Consulta informaci\u00f3n de la solicitud de autorizaci\u00f3n de obras en zona de dominio p\u00fablico y protecci\u00f3n de infraestructuras ferroviarias gestionadas por FGC.\" \/>\n<meta property=\"og:url\" content=\"https:\/\/www.fgc.cat\/es\/solicitud-autorizacion-obras\/\" \/>\n<meta property=\"og:site_name\" content=\"Ferrocarrils de la Generalitat de Catalunya\" \/>\n<meta property=\"article:publisher\" content=\"https:\/\/www.facebook.com\/fgcferrocarrils\" \/>\n<meta property=\"article:modified_time\" content=\"2020-10-07T09:46:55+00:00\" \/>\n<meta property=\"og:image\" content=\"https:\/\/www.fgc.cat\/wp-content\/uploads\/2020\/06\/MONISTROL-MONTSERRAT-FGC-003-scaled.jpg\" \/>\n\t<meta property=\"og:image:width\" content=\"3300\" \/>\n\t<meta property=\"og:image:height\" content=\"2200\" \/>\n\t<meta property=\"og:image:type\" content=\"image\/jpeg\" \/>\n<meta name=\"twitter:card\" content=\"summary_large_image\" \/>\n<meta name=\"twitter:site\" content=\"@FGC\" \/>\n<script type=\"application\/ld+json\" class=\"yoast-schema-graph\">{\"@context\":\"https:\\\/\\\/schema.org\",\"@graph\":[{\"@type\":\"WebPage\",\"@id\":\"https:\\\/\\\/www.fgc.cat\\\/es\\\/solicitud-autorizacion-obras\\\/\",\"url\":\"https:\\\/\\\/www.fgc.cat\\\/es\\\/solicitud-autorizacion-obras\\\/\",\"name\":\"Solicitud Autorizaci\u00f3n Obras | FGC\",\"isPartOf\":{\"@id\":\"https:\\\/\\\/www.fgc.cat\\\/es\\\/#website\"},\"datePublished\":\"2019-03-19T13:36:48+00:00\",\"dateModified\":\"2020-10-07T09:46:55+00:00\",\"description\":\"Consulta informaci\u00f3n de la solicitud de autorizaci\u00f3n de obras en zona de dominio p\u00fablico y protecci\u00f3n de infraestructuras ferroviarias gestionadas por FGC.\",\"breadcrumb\":{\"@id\":\"https:\\\/\\\/www.fgc.cat\\\/es\\\/solicitud-autorizacion-obras\\\/#breadcrumb\"},\"inLanguage\":\"es\",\"potentialAction\":[{\"@type\":\"ReadAction\",\"target\":[\"https:\\\/\\\/www.fgc.cat\\\/es\\\/solicitud-autorizacion-obras\\\/\"]}]},{\"@type\":\"BreadcrumbList\",\"@id\":\"https:\\\/\\\/www.fgc.cat\\\/es\\\/solicitud-autorizacion-obras\\\/#breadcrumb\",\"itemListElement\":[{\"@type\":\"ListItem\",\"position\":1,\"name\":\"Portada\",\"item\":\"https:\\\/\\\/www.fgc.cat\\\/es\\\/\"},{\"@type\":\"ListItem\",\"position\":2,\"name\":\"Solicitud Autorizaci\u00f3n Obras\"}]},{\"@type\":\"WebSite\",\"@id\":\"https:\\\/\\\/www.fgc.cat\\\/es\\\/#website\",\"url\":\"https:\\\/\\\/www.fgc.cat\\\/es\\\/\",\"name\":\"FGC\",\"description\":\"Ferrocarrils de la Generalitat de Catalunya\",\"publisher\":{\"@id\":\"https:\\\/\\\/www.fgc.cat\\\/es\\\/#organization\"},\"potentialAction\":[{\"@type\":\"SearchAction\",\"target\":{\"@type\":\"EntryPoint\",\"urlTemplate\":\"https:\\\/\\\/www.fgc.cat\\\/es\\\/?s={search_term_string}\"},\"query-input\":{\"@type\":\"PropertyValueSpecification\",\"valueRequired\":true,\"valueName\":\"search_term_string\"}}],\"inLanguage\":\"es\"},{\"@type\":\"Organization\",\"@id\":\"https:\\\/\\\/www.fgc.cat\\\/es\\\/#organization\",\"name\":\"Ferrocarrils de la Generalitat de Catalunya\",\"url\":\"https:\\\/\\\/www.fgc.cat\\\/es\\\/\",\"logo\":{\"@type\":\"ImageObject\",\"inLanguage\":\"es\",\"@id\":\"https:\\\/\\\/www.fgc.cat\\\/es\\\/#\\\/schema\\\/logo\\\/image\\\/\",\"url\":\"https:\\\/\\\/www.fgc.cat\\\/wp-content\\\/uploads\\\/2020\\\/06\\\/logo-FGC-square.png\",\"contentUrl\":\"https:\\\/\\\/www.fgc.cat\\\/wp-content\\\/uploads\\\/2020\\\/06\\\/logo-FGC-square.png\",\"width\":1024,\"height\":1024,\"caption\":\"Ferrocarrils de la Generalitat de Catalunya\"},\"image\":{\"@id\":\"https:\\\/\\\/www.fgc.cat\\\/es\\\/#\\\/schema\\\/logo\\\/image\\\/\"},\"sameAs\":[\"https:\\\/\\\/www.facebook.com\\\/fgcferrocarrils\",\"https:\\\/\\\/x.com\\\/FGC\",\"https:\\\/\\\/www.instagram.com\\\/fgc.cat\\\/?hl=es\",\"http:\\\/\\\/www.youtube.com\\\/user\\\/FGCferrocarrils\"]}]}<\/script>\n<!-- \/ Yoast SEO Premium plugin. -->","yoast_head_json":{"title":"Solicitud Autorizaci\u00f3n Obras | FGC","description":"Consulta informaci\u00f3n de la solicitud de autorizaci\u00f3n de obras en zona de dominio p\u00fablico y protecci\u00f3n de infraestructuras ferroviarias gestionadas por FGC.","robots":{"index":"index","follow":"follow","max-snippet":"max-snippet:-1","max-image-preview":"max-image-preview:large","max-video-preview":"max-video-preview:-1"},"canonical":"https:\/\/www.fgc.cat\/es\/solicitud-autorizacion-obras\/","og_locale":"es_ES","og_type":"article","og_title":"Solicitud Autorizaci\u00f3n Obras","og_description":"Consulta informaci\u00f3n de la solicitud de autorizaci\u00f3n de obras en zona de dominio p\u00fablico y protecci\u00f3n de infraestructuras ferroviarias gestionadas por FGC.","og_url":"https:\/\/www.fgc.cat\/es\/solicitud-autorizacion-obras\/","og_site_name":"Ferrocarrils de la Generalitat de Catalunya","article_publisher":"https:\/\/www.facebook.com\/fgcferrocarrils","article_modified_time":"2020-10-07T09:46:55+00:00","og_image":[{"width":3300,"height":2200,"url":"https:\/\/www.fgc.cat\/wp-content\/uploads\/2020\/06\/MONISTROL-MONTSERRAT-FGC-003-scaled.jpg","type":"image\/jpeg"}],"twitter_card":"summary_large_image","twitter_site":"@FGC","schema":{"@context":"https:\/\/schema.org","@graph":[{"@type":"WebPage","@id":"https:\/\/www.fgc.cat\/es\/solicitud-autorizacion-obras\/","url":"https:\/\/www.fgc.cat\/es\/solicitud-autorizacion-obras\/","name":"Solicitud Autorizaci\u00f3n Obras | FGC","isPartOf":{"@id":"https:\/\/www.fgc.cat\/es\/#website"},"datePublished":"2019-03-19T13:36:48+00:00","dateModified":"2020-10-07T09:46:55+00:00","description":"Consulta informaci\u00f3n de la solicitud de autorizaci\u00f3n de obras en zona de dominio p\u00fablico y protecci\u00f3n de infraestructuras ferroviarias gestionadas por FGC.","breadcrumb":{"@id":"https:\/\/www.fgc.cat\/es\/solicitud-autorizacion-obras\/#breadcrumb"},"inLanguage":"es","potentialAction":[{"@type":"ReadAction","target":["https:\/\/www.fgc.cat\/es\/solicitud-autorizacion-obras\/"]}]},{"@type":"BreadcrumbList","@id":"https:\/\/www.fgc.cat\/es\/solicitud-autorizacion-obras\/#breadcrumb","itemListElement":[{"@type":"ListItem","position":1,"name":"Portada","item":"https:\/\/www.fgc.cat\/es\/"},{"@type":"ListItem","position":2,"name":"Solicitud Autorizaci\u00f3n Obras"}]},{"@type":"WebSite","@id":"https:\/\/www.fgc.cat\/es\/#website","url":"https:\/\/www.fgc.cat\/es\/","name":"FGC","description":"Ferrocarrils de la Generalitat de Catalunya","publisher":{"@id":"https:\/\/www.fgc.cat\/es\/#organization"},"potentialAction":[{"@type":"SearchAction","target":{"@type":"EntryPoint","urlTemplate":"https:\/\/www.fgc.cat\/es\/?s={search_term_string}"},"query-input":{"@type":"PropertyValueSpecification","valueRequired":true,"valueName":"search_term_string"}}],"inLanguage":"es"},{"@type":"Organization","@id":"https:\/\/www.fgc.cat\/es\/#organization","name":"Ferrocarrils de la Generalitat de Catalunya","url":"https:\/\/www.fgc.cat\/es\/","logo":{"@type":"ImageObject","inLanguage":"es","@id":"https:\/\/www.fgc.cat\/es\/#\/schema\/logo\/image\/","url":"https:\/\/www.fgc.cat\/wp-content\/uploads\/2020\/06\/logo-FGC-square.png","contentUrl":"https:\/\/www.fgc.cat\/wp-content\/uploads\/2020\/06\/logo-FGC-square.png","width":1024,"height":1024,"caption":"Ferrocarrils de la Generalitat de Catalunya"},"image":{"@id":"https:\/\/www.fgc.cat\/es\/#\/schema\/logo\/image\/"},"sameAs":["https:\/\/www.facebook.com\/fgcferrocarrils","https:\/\/x.com\/FGC","https:\/\/www.instagram.com\/fgc.cat\/?hl=es","http:\/\/www.youtube.com\/user\/FGCferrocarrils"]}]}},"publishpress_future_action":{"enabled":false,"date":"2026-04-22 13:31:23","action":"change-status","newStatus":"draft","terms":[],"taxonomy":"translation_priority","extraData":[]},"publishpress_future_workflow_manual_trigger":{"enabledWorkflows":[]},"_links":{"self":[{"href":"https:\/\/www.fgc.cat\/es\/wp-json\/wp\/v2\/pages\/10325","targetHints":{"allow":["GET"]}}],"collection":[{"href":"https:\/\/www.fgc.cat\/es\/wp-json\/wp\/v2\/pages"}],"about":[{"href":"https:\/\/www.fgc.cat\/es\/wp-json\/wp\/v2\/types\/page"}],"author":[{"embeddable":true,"href":"https:\/\/www.fgc.cat\/es\/wp-json\/wp\/v2\/users\/1"}],"replies":[{"embeddable":true,"href":"https:\/\/www.fgc.cat\/es\/wp-json\/wp\/v2\/comments?post=10325"}],"version-history":[{"count":3,"href":"https:\/\/www.fgc.cat\/es\/wp-json\/wp\/v2\/pages\/10325\/revisions"}],"predecessor-version":[{"id":29272,"href":"https:\/\/www.fgc.cat\/es\/wp-json\/wp\/v2\/pages\/10325\/revisions\/29272"}],"wp:attachment":[{"href":"https:\/\/www.fgc.cat\/es\/wp-json\/wp\/v2\/media?parent=10325"}],"curies":[{"name":"wp","href":"https:\/\/api.w.org\/{rel}","templated":true}]}}