{"id":10792,"date":"2019-07-08T13:20:53","date_gmt":"2019-07-08T11:20:53","guid":{"rendered":"https:\/\/www.fgc.cat\/?page_id=10792"},"modified":"2021-04-14T14:42:42","modified_gmt":"2021-04-14T12:42:42","slug":"riesgos-de-verano","status":"publish","type":"page","link":"https:\/\/www.fgc.cat\/es\/riesgos-de-verano\/","title":{"rendered":"Riesgos de verano"},"content":{"rendered":"<section class=\"l-section wpb_row container breadcrumb2 height_medium\"><div class=\"l-section-h i-cf\"><div class=\"g-cols vc_row via_flex valign_top type_default stacking_default\"><div class=\"vc_col-sm-12 wpb_column vc_column_container\"><div class=\"vc_column-inner\"><div class=\"wpb_wrapper\"><div class=\"wpb_text_column\"><div class=\"wpb_wrapper\"><span><span><a href=\"https:\/\/www.fgc.cat\/es\/\">Portada<\/a><\/span><\/span>\n<\/div><\/div>[vc_empty_space]<\/div><\/div><\/div><\/div><\/div><\/section><section class=\"l-section wpb_row container height_medium\"><div class=\"l-section-h i-cf\"><div class=\"g-cols vc_row via_flex valign_top type_default stacking_default\"><div class=\"vc_col-sm-12 wpb_column vc_column_container\"><div class=\"vc_column-inner\"><div class=\"wpb_wrapper\">[vc_custom_heading text=\u00bbRIESGOS DE VERANO\u00bb font_container=\u00bbtag:h1|text_align:left\u00bb use_theme_fonts=\u00bbyes\u00bb el_class=\u00bbencabezado1&#8243;]<div class=\"wpb_text_column\"><div class=\"wpb_wrapper\"><p>Desde Protecci\u00f3n Civil iniciamos un a\u00f1o m\u00e1s la campa\u00f1a de prevenci\u00f3n y sensibilizaci\u00f3n ante los riesgos de verano y os enviamos los res\u00famenes t\u00e9cnicos sobre el riesgo de incendios forestales y de inundaciones y sobre los correspondientes planes <u><a href=\"http:\/\/interior.gencat.cat\/web\/.content\/home\/030_arees_dactuacio\/proteccio_civil\/plans_de_proteccio_civil\/plans_de_proteccio_civil_a_catalunya\/documents\/campanya_INFOCAT.pdf\" target=\"_blank\" rel=\"noopener noreferrer\">Infocat<\/a><\/u> e <u><a href=\"http:\/\/interior.gencat.cat\/web\/.content\/home\/030_arees_dactuacio\/proteccio_civil\/plans_de_proteccio_civil\/plans_de_proteccio_civil_a_catalunya\/documents\/campanya_inundacions.pdf\" target=\"_blank\" rel=\"noopener noreferrer\">Inuncat<\/a>\u00a0<\/u>.<\/p>\n<\/div><\/div><\/div><\/div><\/div><\/div><\/div><\/section><section class=\"l-section wpb_row container height_medium\"><div class=\"l-section-h i-cf\"><div class=\"g-cols vc_row via_flex valign_top type_default stacking_default\"><div class=\"vc_col-sm-6 wpb_column vc_column_container\"><div class=\"vc_column-inner\"><div class=\"wpb_wrapper\"><div class=\"wpb_text_column\"><div class=\"wpb_wrapper\"><p><a class=\"link_descarga \" href=\"http:\/\/interior.gencat.cat\/es\/arees_dactuacio\/proteccio_civil\/consells_autoproteccio_emergencia\/riscos_naturals\/incendi_del_bosc\/index.html\" target=\"_blank\" rel=\"noopener noreferrer\"><img decoding=\"async\" src=\"https:\/\/www.fgc.cat\/wp-content\/uploads\/2019\/07\/incendis-forestals.png\" alt=\"Incendis\" \/><span class=\"tabla\"> Consejos ante los incendios forestales <\/span><\/a><\/p>\n<\/div><\/div><div class=\"wpb_text_column\"><div class=\"wpb_wrapper\"><p><a class=\"link_descarga\" href=\"http:\/\/interior.gencat.cat\/es\/arees_dactuacio\/proteccio_civil\/consells_autoproteccio_emergencia\/riscos_naturals\/onada_de_calor\/index.html\" target=\"_blank\" rel=\"noopener noreferrer\"> <img decoding=\"async\" src=\"https:\/\/www.fgc.cat\/wp-content\/uploads\/2019\/07\/episodis-de-calor.png\" alt=\"calor\" \/><span class=\"tabla\">Consejos ante los episodios de calor<\/span><br \/>\n<\/a><\/p>\n<\/div><\/div><div class=\"wpb_text_column\"><div class=\"wpb_wrapper\"><p><a class=\"link_descarga\" href=\"http:\/\/interior.gencat.cat\/es\/arees_dactuacio\/proteccio_civil\/consells_autoproteccio_emergencia\/riscos_naturals\/aiguats_i_inundacions\/index.html\" target=\"_blank\" rel=\"noopener noreferrer\"><img decoding=\"async\" src=\"https:\/\/www.fgc.cat\/wp-content\/uploads\/2019\/07\/pluges-i-tempestes-fortes.png\" alt=\"inundacions\" \/> Consejos ante las lluvias y tormentas fuertes<\/a><\/p>\n<\/div><\/div><div class=\"wpb_text_column\"><div class=\"wpb_wrapper\"><p><a class=\"link_descarga\" href=\"http:\/\/interior.gencat.cat\/es\/arees_dactuacio\/proteccio_civil\/consells_autoproteccio_emergencia\/riscos_naturals\/atmosfera_ozo_contaminacio\/index.html\" target=\"_blank\" rel=\"noopener noreferrer\"> <img decoding=\"async\" src=\"https:\/\/www.fgc.cat\/wp-content\/uploads\/2019\/07\/contaminacio---d---ozo--.png\" alt=\"atmosfera\" \/><span class=\"tabla\">Consejos ante la contaminaci\u00f3n de ozono <\/span><br \/>\n<\/a><\/p>\n<\/div><\/div><div class=\"wpb_text_column\"><div class=\"wpb_wrapper\"><p><a class=\"link_descarga \" href=\"http:\/\/interior.gencat.cat\/es\/arees_dactuacio\/proteccio_civil\/consells_autoproteccio_emergencia\/mes_consells_dautoproteccio\/revetlles\/index.html\" target=\"_blank\" rel=\"noopener noreferrer\"><img decoding=\"async\" src=\"https:\/\/www.fgc.cat\/wp-content\/uploads\/2019\/07\/revetlles-correfocs-i-fogueres.png\" alt=\"revetlles\" \/><span class=\"tabla\">Consejos ante las verbenas, correfuegos y hogueras<\/span><\/a><\/p>\n<\/div><\/div><\/div><\/div><\/div><div class=\"vc_col-sm-6 wpb_column vc_column_container\"><div class=\"vc_column-inner\"><div class=\"wpb_wrapper\"><div class=\"wpb_text_column\"><div class=\"wpb_wrapper\"><p><a class=\"link_descarga \" href=\"http:\/\/interior.gencat.cat\/es\/arees_dactuacio\/proteccio_civil\/consells_autoproteccio_emergencia\/mes_consells_dautoproteccio\/platges2\/index.html\" target=\"_blank\" rel=\"noopener noreferrer\"><img decoding=\"async\" src=\"https:\/\/www.fgc.cat\/wp-content\/uploads\/2019\/07\/seguretat-en-el-bany-a-la-platja.png\" alt=\"platges\" \/><span class=\"tabla\">Consejos para la seguridad en el ba\u00f1o en la playa<\/span><\/a><\/p>\n<\/div><\/div><div class=\"wpb_text_column\"><div class=\"wpb_wrapper\"><p><a class=\"link_descarga \" href=\"http:\/\/interior.gencat.cat\/es\/arees_dactuacio\/proteccio_civil\/consells_autoproteccio_emergencia\/mes_consells_dautoproteccio\/seguretat_en_el_bany_a_rius_pantans_i_llacs\/index.html\" target=\"_blank\" rel=\"noopener noreferrer\"><img decoding=\"async\" src=\"https:\/\/www.fgc.cat\/wp-content\/uploads\/2019\/07\/aigu--es-interiors-i-piscines.png\" alt=\"bany\" \/><span class=\"tabla\">Consejos para el ba\u00f1o en aguas interiores y piscinas<\/span><\/a><\/p>\n<\/div><\/div><div class=\"wpb_text_column\"><div class=\"wpb_wrapper\"><p><a class=\"link_descarga \" href=\"http:\/\/interior.gencat.cat\/es\/arees_dactuacio\/proteccio_civil\/consells_autoproteccio_emergencia\/mes_consells_dautoproteccio\/grans_concentracions_persones\/index.html\" target=\"_blank\" rel=\"noopener noreferrer\"><img decoding=\"async\" src=\"https:\/\/www.fgc.cat\/wp-content\/uploads\/2019\/07\/aglomeracions-de-persones.png\" alt=\"aglomeracions\" \/><span class=\"tabla\">Consejos ante grandes aglomeraciones de personas<\/span><\/a><\/p>\n<\/div><\/div><div class=\"wpb_text_column\"><div class=\"wpb_wrapper\"><p><a class=\"link_descarga \" href=\"http:\/\/interior.gencat.cat\/es\/arees_dactuacio\/proteccio_civil\/consells_autoproteccio_emergencia\/versions_accessibles\/index.html\" target=\"_blank\" rel=\"noopener noreferrer\"><img decoding=\"async\" src=\"https:\/\/www.fgc.cat\/wp-content\/uploads\/2019\/07\/persones-amb-dificultats-auditives.png\" alt=\"auditives\" \/><span class=\"tabla\">Consejos para personas con dificultades auditivas<\/span><\/a><\/p>\n<\/div><\/div><\/div><\/div><\/div><\/div><\/div><\/section><section class=\"l-section wpb_row us_custom_531632b7 container height_medium\"><div class=\"l-section-h i-cf\"><div class=\"g-cols vc_row via_flex valign_top type_default stacking_default\"><div class=\"vc_col-sm-6 wpb_column vc_column_container\"><div class=\"vc_column-inner\"><div class=\"wpb_wrapper\"><div class=\"wpb_text_column\"><div class=\"wpb_wrapper\"><p>Nuestra mascota, Risquet, explica los consejos de prevenci\u00f3n a los m\u00e1s peque\u00f1os.<\/p>\n<\/div><\/div><div class=\"wpb_text_column\"><div class=\"wpb_wrapper\"><p><a class=\"link_descarga\" href=\"http:\/\/interior.gencat.cat\/es\/arees_dactuacio\/proteccio_civil\/web-infantil\/index.html\" target=\"_blank\" rel=\"noopener noreferrer\"> <img loading=\"lazy\" decoding=\"async\" class=\"\" src=\"https:\/\/www.fgc.cat\/wp-content\/uploads\/2019\/07\/distrib_platja.png\" alt=\"infantil\" width=\"115\" height=\"63\" \/><span class=\"tabla\">Risquet, informaci\u00f3n para ni\u00f1os y ni\u00f1as<\/span><br \/>\n<\/a><\/p>\n<\/div><\/div><\/div><\/div><\/div><div class=\"vc_col-sm-6 wpb_column vc_column_container\"><div class=\"vc_column-inner\"><div class=\"wpb_wrapper\"><\/div><\/div><\/div><\/div><\/div><\/section>\n","protected":false},"excerpt":{"rendered":"Portada [vc_empty_space][vc_custom_heading text=\"RIESGOS DE VERANO\" font_container=\"tag:h1|text_align:left\" use_theme_fonts=\"yes\" el_class=\"encabezado1\"]Desde Protecci\u00f3n Civil iniciamos un a\u00f1o m\u00e1s la campa\u00f1a de prevenci\u00f3n y sensibilizaci\u00f3n ante los riesgos de verano y os enviamos los res\u00famenes t\u00e9cnicos sobre el riesgo de incendios forestales y de inundaciones y sobre los correspondientes planes Infocat e Inuncat\u00a0. Consejos ante los incendios forestales Consejos ante...","protected":false},"author":1,"featured_media":0,"parent":0,"menu_order":0,"comment_status":"closed","ping_status":"closed","template":"","meta":{"footnotes":""},"class_list":["post-10792","page","type-page","status-publish","hentry"],"yoast_head":"<!-- This site is optimized with the Yoast SEO Premium plugin v27.3 (Yoast SEO v27.3) - https:\/\/yoast.com\/product\/yoast-seo-premium-wordpress\/ -->\n<title>Riesgos de verano, prevenci\u00f3n y sensibilizaci\u00f3n - FGC<\/title>\n<meta name=\"description\" content=\"Descubre la campa\u00f1a de prevenci\u00f3n y sensibilizaci\u00f3n de riesgos de verano y los res\u00famenes t\u00e9cnicos sobre el riesgo de incendios forestales e inundaciones.\" \/>\n<meta name=\"robots\" content=\"index, follow, max-snippet:-1, max-image-preview:large, max-video-preview:-1\" \/>\n<link rel=\"canonical\" href=\"https:\/\/www.fgc.cat\/es\/riesgos-de-verano\/\" \/>\n<meta property=\"og:locale\" content=\"es_ES\" \/>\n<meta property=\"og:type\" content=\"article\" \/>\n<meta property=\"og:title\" content=\"Riesgos de verano\" \/>\n<meta property=\"og:description\" content=\"Descubre la campa\u00f1a de prevenci\u00f3n y sensibilizaci\u00f3n de riesgos de verano y los res\u00famenes t\u00e9cnicos sobre el riesgo de incendios forestales e inundaciones.\" \/>\n<meta property=\"og:url\" content=\"https:\/\/www.fgc.cat\/es\/riesgos-de-verano\/\" \/>\n<meta property=\"og:site_name\" content=\"Ferrocarrils de la Generalitat de Catalunya\" \/>\n<meta property=\"article:publisher\" content=\"https:\/\/www.facebook.com\/fgcferrocarrils\" \/>\n<meta property=\"article:modified_time\" content=\"2021-04-14T12:42:42+00:00\" \/>\n<meta property=\"og:image\" content=\"https:\/\/www.fgc.cat\/wp-content\/uploads\/2019\/07\/incendis-forestals.png\" \/>\n<meta name=\"twitter:card\" content=\"summary_large_image\" \/>\n<meta name=\"twitter:site\" content=\"@FGC\" \/>\n<meta name=\"twitter:label1\" content=\"Tiempo de lectura\" \/>\n\t<meta name=\"twitter:data1\" content=\"2 minutos\" \/>\n<script type=\"application\/ld+json\" class=\"yoast-schema-graph\">{\"@context\":\"https:\\\/\\\/schema.org\",\"@graph\":[{\"@type\":\"WebPage\",\"@id\":\"https:\\\/\\\/www.fgc.cat\\\/es\\\/riesgos-de-verano\\\/\",\"url\":\"https:\\\/\\\/www.fgc.cat\\\/es\\\/riesgos-de-verano\\\/\",\"name\":\"Riesgos de verano, prevenci\u00f3n y sensibilizaci\u00f3n - FGC\",\"isPartOf\":{\"@id\":\"https:\\\/\\\/www.fgc.cat\\\/es\\\/#website\"},\"primaryImageOfPage\":{\"@id\":\"https:\\\/\\\/www.fgc.cat\\\/es\\\/riesgos-de-verano\\\/#primaryimage\"},\"image\":{\"@id\":\"https:\\\/\\\/www.fgc.cat\\\/es\\\/riesgos-de-verano\\\/#primaryimage\"},\"thumbnailUrl\":\"https:\\\/\\\/www.fgc.cat\\\/wp-content\\\/uploads\\\/2019\\\/07\\\/incendis-forestals.png\",\"datePublished\":\"2019-07-08T11:20:53+00:00\",\"dateModified\":\"2021-04-14T12:42:42+00:00\",\"description\":\"Descubre la campa\u00f1a de prevenci\u00f3n y sensibilizaci\u00f3n de riesgos de verano y los res\u00famenes t\u00e9cnicos sobre el riesgo de incendios forestales e inundaciones.\",\"breadcrumb\":{\"@id\":\"https:\\\/\\\/www.fgc.cat\\\/es\\\/riesgos-de-verano\\\/#breadcrumb\"},\"inLanguage\":\"es\",\"potentialAction\":[{\"@type\":\"ReadAction\",\"target\":[\"https:\\\/\\\/www.fgc.cat\\\/es\\\/riesgos-de-verano\\\/\"]}]},{\"@type\":\"ImageObject\",\"inLanguage\":\"es\",\"@id\":\"https:\\\/\\\/www.fgc.cat\\\/es\\\/riesgos-de-verano\\\/#primaryimage\",\"url\":\"https:\\\/\\\/www.fgc.cat\\\/wp-content\\\/uploads\\\/2019\\\/07\\\/incendis-forestals.png\",\"contentUrl\":\"https:\\\/\\\/www.fgc.cat\\\/wp-content\\\/uploads\\\/2019\\\/07\\\/incendis-forestals.png\"},{\"@type\":\"BreadcrumbList\",\"@id\":\"https:\\\/\\\/www.fgc.cat\\\/es\\\/riesgos-de-verano\\\/#breadcrumb\",\"itemListElement\":[{\"@type\":\"ListItem\",\"position\":1,\"name\":\"Portada\",\"item\":\"https:\\\/\\\/www.fgc.cat\\\/es\\\/\"},{\"@type\":\"ListItem\",\"position\":2,\"name\":\"Riesgos de verano\"}]},{\"@type\":\"WebSite\",\"@id\":\"https:\\\/\\\/www.fgc.cat\\\/es\\\/#website\",\"url\":\"https:\\\/\\\/www.fgc.cat\\\/es\\\/\",\"name\":\"FGC\",\"description\":\"Ferrocarrils de la Generalitat de Catalunya\",\"publisher\":{\"@id\":\"https:\\\/\\\/www.fgc.cat\\\/es\\\/#organization\"},\"potentialAction\":[{\"@type\":\"SearchAction\",\"target\":{\"@type\":\"EntryPoint\",\"urlTemplate\":\"https:\\\/\\\/www.fgc.cat\\\/es\\\/?s={search_term_string}\"},\"query-input\":{\"@type\":\"PropertyValueSpecification\",\"valueRequired\":true,\"valueName\":\"search_term_string\"}}],\"inLanguage\":\"es\"},{\"@type\":\"Organization\",\"@id\":\"https:\\\/\\\/www.fgc.cat\\\/es\\\/#organization\",\"name\":\"Ferrocarrils de la Generalitat de Catalunya\",\"url\":\"https:\\\/\\\/www.fgc.cat\\\/es\\\/\",\"logo\":{\"@type\":\"ImageObject\",\"inLanguage\":\"es\",\"@id\":\"https:\\\/\\\/www.fgc.cat\\\/es\\\/#\\\/schema\\\/logo\\\/image\\\/\",\"url\":\"https:\\\/\\\/www.fgc.cat\\\/wp-content\\\/uploads\\\/2020\\\/06\\\/logo-FGC-square.png\",\"contentUrl\":\"https:\\\/\\\/www.fgc.cat\\\/wp-content\\\/uploads\\\/2020\\\/06\\\/logo-FGC-square.png\",\"width\":1024,\"height\":1024,\"caption\":\"Ferrocarrils de la Generalitat de Catalunya\"},\"image\":{\"@id\":\"https:\\\/\\\/www.fgc.cat\\\/es\\\/#\\\/schema\\\/logo\\\/image\\\/\"},\"sameAs\":[\"https:\\\/\\\/www.facebook.com\\\/fgcferrocarrils\",\"https:\\\/\\\/x.com\\\/FGC\",\"https:\\\/\\\/www.instagram.com\\\/fgc.cat\\\/?hl=es\",\"http:\\\/\\\/www.youtube.com\\\/user\\\/FGCferrocarrils\"]}]}<\/script>\n<!-- \/ Yoast SEO Premium plugin. -->","yoast_head_json":{"title":"Riesgos de verano, prevenci\u00f3n y sensibilizaci\u00f3n - FGC","description":"Descubre la campa\u00f1a de prevenci\u00f3n y sensibilizaci\u00f3n de riesgos de verano y los res\u00famenes t\u00e9cnicos sobre el riesgo de incendios forestales e inundaciones.","robots":{"index":"index","follow":"follow","max-snippet":"max-snippet:-1","max-image-preview":"max-image-preview:large","max-video-preview":"max-video-preview:-1"},"canonical":"https:\/\/www.fgc.cat\/es\/riesgos-de-verano\/","og_locale":"es_ES","og_type":"article","og_title":"Riesgos de verano","og_description":"Descubre la campa\u00f1a de prevenci\u00f3n y sensibilizaci\u00f3n de riesgos de verano y los res\u00famenes t\u00e9cnicos sobre el riesgo de incendios forestales e inundaciones.","og_url":"https:\/\/www.fgc.cat\/es\/riesgos-de-verano\/","og_site_name":"Ferrocarrils de la Generalitat de Catalunya","article_publisher":"https:\/\/www.facebook.com\/fgcferrocarrils","article_modified_time":"2021-04-14T12:42:42+00:00","og_image":[{"url":"https:\/\/www.fgc.cat\/wp-content\/uploads\/2019\/07\/incendis-forestals.png","type":"","width":"","height":""}],"twitter_card":"summary_large_image","twitter_site":"@FGC","twitter_misc":{"Tiempo de lectura":"2 minutos"},"schema":{"@context":"https:\/\/schema.org","@graph":[{"@type":"WebPage","@id":"https:\/\/www.fgc.cat\/es\/riesgos-de-verano\/","url":"https:\/\/www.fgc.cat\/es\/riesgos-de-verano\/","name":"Riesgos de verano, prevenci\u00f3n y sensibilizaci\u00f3n - FGC","isPartOf":{"@id":"https:\/\/www.fgc.cat\/es\/#website"},"primaryImageOfPage":{"@id":"https:\/\/www.fgc.cat\/es\/riesgos-de-verano\/#primaryimage"},"image":{"@id":"https:\/\/www.fgc.cat\/es\/riesgos-de-verano\/#primaryimage"},"thumbnailUrl":"https:\/\/www.fgc.cat\/wp-content\/uploads\/2019\/07\/incendis-forestals.png","datePublished":"2019-07-08T11:20:53+00:00","dateModified":"2021-04-14T12:42:42+00:00","description":"Descubre la campa\u00f1a de prevenci\u00f3n y sensibilizaci\u00f3n de riesgos de verano y los res\u00famenes t\u00e9cnicos sobre el riesgo de incendios forestales e inundaciones.","breadcrumb":{"@id":"https:\/\/www.fgc.cat\/es\/riesgos-de-verano\/#breadcrumb"},"inLanguage":"es","potentialAction":[{"@type":"ReadAction","target":["https:\/\/www.fgc.cat\/es\/riesgos-de-verano\/"]}]},{"@type":"ImageObject","inLanguage":"es","@id":"https:\/\/www.fgc.cat\/es\/riesgos-de-verano\/#primaryimage","url":"https:\/\/www.fgc.cat\/wp-content\/uploads\/2019\/07\/incendis-forestals.png","contentUrl":"https:\/\/www.fgc.cat\/wp-content\/uploads\/2019\/07\/incendis-forestals.png"},{"@type":"BreadcrumbList","@id":"https:\/\/www.fgc.cat\/es\/riesgos-de-verano\/#breadcrumb","itemListElement":[{"@type":"ListItem","position":1,"name":"Portada","item":"https:\/\/www.fgc.cat\/es\/"},{"@type":"ListItem","position":2,"name":"Riesgos de verano"}]},{"@type":"WebSite","@id":"https:\/\/www.fgc.cat\/es\/#website","url":"https:\/\/www.fgc.cat\/es\/","name":"FGC","description":"Ferrocarrils de la Generalitat de Catalunya","publisher":{"@id":"https:\/\/www.fgc.cat\/es\/#organization"},"potentialAction":[{"@type":"SearchAction","target":{"@type":"EntryPoint","urlTemplate":"https:\/\/www.fgc.cat\/es\/?s={search_term_string}"},"query-input":{"@type":"PropertyValueSpecification","valueRequired":true,"valueName":"search_term_string"}}],"inLanguage":"es"},{"@type":"Organization","@id":"https:\/\/www.fgc.cat\/es\/#organization","name":"Ferrocarrils de la Generalitat de Catalunya","url":"https:\/\/www.fgc.cat\/es\/","logo":{"@type":"ImageObject","inLanguage":"es","@id":"https:\/\/www.fgc.cat\/es\/#\/schema\/logo\/image\/","url":"https:\/\/www.fgc.cat\/wp-content\/uploads\/2020\/06\/logo-FGC-square.png","contentUrl":"https:\/\/www.fgc.cat\/wp-content\/uploads\/2020\/06\/logo-FGC-square.png","width":1024,"height":1024,"caption":"Ferrocarrils de la Generalitat de Catalunya"},"image":{"@id":"https:\/\/www.fgc.cat\/es\/#\/schema\/logo\/image\/"},"sameAs":["https:\/\/www.facebook.com\/fgcferrocarrils","https:\/\/x.com\/FGC","https:\/\/www.instagram.com\/fgc.cat\/?hl=es","http:\/\/www.youtube.com\/user\/FGCferrocarrils"]}]}},"publishpress_future_action":{"enabled":false,"date":"2026-04-24 12:02:55","action":"change-status","newStatus":"draft","terms":[],"taxonomy":"translation_priority","extraData":[]},"publishpress_future_workflow_manual_trigger":{"enabledWorkflows":[]},"_links":{"self":[{"href":"https:\/\/www.fgc.cat\/es\/wp-json\/wp\/v2\/pages\/10792","targetHints":{"allow":["GET"]}}],"collection":[{"href":"https:\/\/www.fgc.cat\/es\/wp-json\/wp\/v2\/pages"}],"about":[{"href":"https:\/\/www.fgc.cat\/es\/wp-json\/wp\/v2\/types\/page"}],"author":[{"embeddable":true,"href":"https:\/\/www.fgc.cat\/es\/wp-json\/wp\/v2\/users\/1"}],"replies":[{"embeddable":true,"href":"https:\/\/www.fgc.cat\/es\/wp-json\/wp\/v2\/comments?post=10792"}],"version-history":[{"count":6,"href":"https:\/\/www.fgc.cat\/es\/wp-json\/wp\/v2\/pages\/10792\/revisions"}],"predecessor-version":[{"id":29112,"href":"https:\/\/www.fgc.cat\/es\/wp-json\/wp\/v2\/pages\/10792\/revisions\/29112"}],"wp:attachment":[{"href":"https:\/\/www.fgc.cat\/es\/wp-json\/wp\/v2\/media?parent=10792"}],"curies":[{"name":"wp","href":"https:\/\/api.w.org\/{rel}","templated":true}]}}