{"id":20538,"date":"2017-08-15T17:54:34","date_gmt":"2017-08-15T17:54:34","guid":{"rendered":"https:\/\/test.fgc.cat\/?page_id=20538"},"modified":"2021-11-25T13:25:34","modified_gmt":"2021-11-25T12:25:34","slug":"aviso-legal","status":"publish","type":"page","link":"https:\/\/www.fgc.cat\/es\/aviso-legal\/","title":{"rendered":"Aviso legal"},"content":{"rendered":"<section class=\"l-section wpb_row container breadcrumb2 height_medium\"><div class=\"l-section-h i-cf\"><div class=\"g-cols vc_row via_flex valign_top type_default stacking_default\"><div class=\"vc_col-sm-12 wpb_column vc_column_container\"><div class=\"vc_column-inner\"><div class=\"wpb_wrapper\"><div class=\"wpb_text_column\"><div class=\"wpb_wrapper\"><pre><span><span><a href=\"https:\/\/www.fgc.cat\/es\/\">Portada<\/a><\/span><\/span><\/pre>\n<h1><strong>Aviso Legal<\/strong><\/h1>\n<\/div><\/div><\/div><\/div><\/div><\/div><\/div><\/section><section class=\"l-section wpb_row us_custom_f88c2bc0 container height_medium\"><div class=\"l-section-h i-cf\"><div class=\"g-cols vc_row via_flex valign_top type_default stacking_default\"><div class=\"vc_col-sm-12 wpb_column vc_column_container\"><div class=\"vc_column-inner\"><div class=\"wpb_wrapper\">[vc_custom_heading text=\u00bbTitularidad\u00bb use_theme_fonts=\u00bbyes\u00bb el_class=\u00bbencabezado1&#8243;]<div class=\"wpb_text_column\"><div class=\"wpb_wrapper\"><p>Los dominios de las explotaciones tur\u00edsticas del Grupo FGC <a href=\"https:\/\/www.lamolina.cat\" target=\"_blank\" rel=\"noopener\">www.lamolina.cat<\/a>, <a href=\"https:\/\/www.espotesqui.cat\" target=\"_blank\" rel=\"noopener\">www.espotesqui.cat<\/a>, <a href=\"https:\/\/www.portaine.cat\" target=\"_blank\" rel=\"noopener\">www.portaine.cat<\/a>,<a href=\"https:\/\/www.trendelciment.cat\" target=\"_blank\" rel=\"noopener\"> www.trendelciment.cat<\/a>, <a href=\"https:\/\/www.trendelsllacs.cat\" target=\"_blank\" rel=\"noopener\">www.trendelsllacs.cat<\/a>, <a href=\"https:\/\/www.skipallars.cat\" target=\"_blank\" rel=\"noopener\">www.skipallars.cat<\/a>, <a href=\"https:\/\/www.turismefgc.cat\" target=\"_blank\" rel=\"noopener\">www.turismefgc.cat<\/a>, <a href=\"https:\/\/www.valldenuria.cat\" target=\"_blank\" rel=\"noopener\">www.valldenuria.cat<\/a> i <a href=\"https:\/\/www.cremallerademontserrat.cat\" target=\"_blank\" rel=\"noopener\">www.cremallerademontserrat.cat<\/a>, <a href=\"https:\/\/www.vallter2000.cat\" target=\"_blank\" rel=\"noopener\">www.vallter2000.cat<\/a>, <a href=\"https:\/\/www.boitaull.cat\" target=\"_blank\" rel=\"noopener\">www.boitaull.cat<\/a>, <a href=\"https:\/\/www.turistren.cat\" target=\"_blank\" rel=\"noopener\">www.turistren.cat<\/a> i <a href=\"https:\/\/www.parcastronomic.cat\" target=\"_blank\" rel=\"noopener\">www.parcastronomic.cat<\/a> son dominios de Internet titularidad de Ferrocarrils de la Generalitat de Catalunya (FGC), Vallter, SA y Actius de Muntanya, SAU.<\/p>\n<\/div><\/div>[vc_custom_heading text=\u00bbResponsables del tratamiento\u00bb use_theme_fonts=\u00bbyes\u00bb el_class=\u00bbencabezado1&#8243;]<div class=\"wpb_text_column\"><div class=\"wpb_wrapper\"><ul>\n<li><span class=\"s1\"> Ferrocarrils de la Generalitat de Catalunya, con domicilio en Barcelona, 08017, C. dels Verg\u00f3s, 44, y con CIF Q0801576J.<\/span><\/li>\n<li><span class=\"s1\"> Vallter SA, con domicilio en Setcases (Girona), 17869, Pla de Morens, s\/n, y con CIF A17015165. <\/span><\/li>\n<li><span class=\"s1\">Actius de Muntanya, SAU, con domicilio en Barcelona, 08017, C. dels Verg\u00f3s, 44, y con CIF A08141897.<\/span><\/li>\n<\/ul>\n<p>Informaci\u00f3n de contacto del Delegado de Protecci\u00f3n de Datos (DPD): <a href=\"mailto:dpd@fgc.cat\">dpd@fgc.cat<\/a><\/p>\n<\/div><\/div>[vc_custom_heading text=\u00bbCopyright y derechos de propiedad intelectual\u00bb use_theme_fonts=\u00bbyes\u00bb el_class=\u00bbencabezado1&#8243;]<div class=\"wpb_text_column\"><div class=\"wpb_wrapper\"><p>Todos los contenidos, marcas de servicios y logotipos incluidos en esta web son propiedad exclusiva de FGC, Vallter, SA y\/o Actius de Muntanya, SAU<\/p>\n<p>Tambi\u00e9n lo son el dise\u00f1o, la organizaci\u00f3n y la presentaci\u00f3n de todos los contenidos.<\/p>\n<p>Se proh\u00edbe el uso sin permiso previo de FGC, Vallter, SA y\/o Actius de Muntanya, SAU. Tambi\u00e9n se proh\u00edbe la reproducci\u00f3n, la duplicaci\u00f3n, la copia, la venta, la reventa o el aprovechamiento con finalidades comerciales. La infracci\u00f3n dar\u00e1 lugar a las acciones civiles o penales que correspondan, de acuerdo con las leyes y los tratados internacionales en vigor.<\/p>\n<p>La totalidad del contenido de estas webs, ya sean textos, im\u00e1genes, sonidos, ficheros, marcas, logotipos o cualquier otro elemento y forma de presentaci\u00f3n, y los programas de ordenador necesarios para su funcionamiento, acceso y uso est\u00e1n protegidos por la legislaci\u00f3n vigente en materia de propiedad intelectual titularidad de FGC, Vallter, SA y\/o Actius de Muntanya SA. Se proh\u00edbe cualquier modificaci\u00f3n, copia, reproducci\u00f3n, descarga, transmisi\u00f3n, distribuci\u00f3n o transformaci\u00f3n de los contenidos sin la autorizaci\u00f3n del titular.<\/p>\n<p>El acceso a las webs no implica, en ning\u00fan caso, la adquisici\u00f3n por parte de las personas usuarias de ning\u00fan derecho de propiedad sobre los contenidos que figuran en ellas. Algunos de estos contenidos pueden ser descargados por la persona usuaria, siempre que sea para uso privado y sin finalidades comerciales.<\/p>\n<\/div><\/div>[vc_custom_heading text=\u00bbContenidos\u00bb use_theme_fonts=\u00bbyes\u00bb el_class=\u00bbencabezado1&#8243;]<div class=\"wpb_text_column\"><div class=\"wpb_wrapper\"><p>FGC, Vallter, SA y Actius de Muntanya, SAU velan por evitar errores en los contenidos que se publican en estas webs y se reservan el derecho de modificar los contenidos en cualquier momento. FGC, Vallter, SA y Actius de Muntanya, SAU no se responsabilizan de las consecuencias que se puedan derivar de los errores en los contenidos que puedan aparecer en estas webs proporcionadas por terceros.<\/p>\n<p>Se proh\u00edbe cualquier tipo de comunicaci\u00f3n o transmisi\u00f3n de contenidos que infrinjan los derechos de propiedad de terceros y contenidos que sean amenazadores, obscenos, difamatorios, pornogr\u00e1ficos, xen\u00f3fobos, atentatorios contra la dignidad de la persona o los derechos de la infancia, la legalidad vigente o cualquier conducta que incite o constituya la realizaci\u00f3n de una ofensa penal.<\/p>\n<p>Asimismo, se proh\u00edbe la inclusi\u00f3n y la comunicaci\u00f3n de contenidos, por parte de los usuarios, que sean falsos o inexactos y que induzcan o puedan inducir a error al resto de personas usuarias o al personal de FGC, de Vallter, SA y\/o de Actius de Muntanya, SAU, en particular de los contenidos que est\u00e9n protegidos por cualquiera de los derechos de propiedad intelectual o industrial.<br \/>\nFGC, Vallter, SA y\/o Actius de Muntanya, SAU pueden prohibir el acceso a estas webs de cualquier persona usuaria que lleve a cabo cualquiera de las conductas referidas en p\u00e1rrafos anteriores, que no son limitadoras.<\/p>\n<p>FGC, Vallter, SA y\/o Actius de Muntanya, SAU pueden ofrecer enlaces, directa o indirectamente, a recursos o sitios de Internet que est\u00e9n fuera de estas webs. La presencia de estos enlaces tiene una finalidad informativa y no constituyen una invitaci\u00f3n a la contrataci\u00f3n de los productos o servicios que se ofrezcan en la web de destino.<\/p>\n<p>En el caso de discrepancias entre la informaci\u00f3n administrativa facilitada a trav\u00e9s de estas webs y los documentos que constituyen el origen de la informaci\u00f3n, prevalece lo indicado en estos \u00faltimos documentos, la edici\u00f3n impresa de los cuales es el \u00fanico instrumento que da fe de su autenticidad y contenido.<\/p>\n<p>No se permite modificar estas webs.<\/p>\n<\/div><\/div>[vc_custom_heading text=\u00bbNavegaci\u00f3n, seguridad y exclusi\u00f3n de responsabilidad\u00bb use_theme_fonts=\u00bbyes\u00bb el_class=\u00bbencabezado1&#8243;]<div class=\"wpb_text_column\"><div class=\"wpb_wrapper\"><p>FGC Vallter, SA y Actius de Muntanya, SAU no garantizan la ausencia de virus u otros elementos que puedan causar da\u00f1os a los sistemas inform\u00e1ticos, a los documentos electr\u00f3nicos o a los ficheros de usuarios de estas webs o de webs de terceros, por lo que no se responsabilizan de los perjuicios que se puedan producir por estas causas. FGC, Vallter, SA y Actius de Muntanya, SAU no se responsabilizan del mal uso que se pueda hacer de estas webs.<\/p>\n<p>Este aviso legal es aplicable \u00fanicamente a la informaci\u00f3n recogida y a los servicios prestados a trav\u00e9s de las webs de FGC, Vallter, SA y\/o Actius de Muntanya, SAU.<\/p>\n<p>FGC, Vallter, SA y Actius de Muntanya, SAU no garantizan ni se responsabilizan que el acceso a las webs sea ininterrumpido o est\u00e9 libre de errores y no se hacen responsables de los perjuicios que puedan surgir por el acceso y el uso de estas webs.<\/p>\n<\/div><\/div>[vc_custom_heading text=\u00bbLegislaci\u00f3n aplicable y tribunales competentes\u00bb use_theme_fonts=\u00bbyes\u00bb el_class=\u00bbencabezado1&#8243;]<div class=\"wpb_text_column\"><div class=\"wpb_wrapper\"><p>Los t\u00e9rminos y las condiciones que rigen estas webs, as\u00ed como tambi\u00e9n las relaciones que se puedan derivar, est\u00e1n protegidos y se rigen en todos y cada uno de sus extremos por las leyes de car\u00e1cter auton\u00f3mico, estatal o europeo que sean aplicables.<\/p>\n<p>Para cualquier cuesti\u00f3n litigiosa derivada de la interpretaci\u00f3n o el cumplimiento de estos t\u00e9rminos y condiciones ser\u00e1n competentes los juzgados y tribunales de la ciudad de Barcelona.<\/p>\n<\/div><\/div><\/div><\/div><\/div><\/div><\/div><\/section>\n","protected":false},"excerpt":{"rendered":"Portada Aviso Legal [vc_custom_heading text=\"Titularidad\" use_theme_fonts=\"yes\" el_class=\"encabezado1\"]Los dominios de las explotaciones tur\u00edsticas del Grupo FGC www.lamolina.cat, www.espotesqui.cat, www.portaine.cat, www.trendelciment.cat, www.trendelsllacs.cat, www.skipallars.cat, www.turismefgc.cat, www.valldenuria.cat i www.cremallerademontserrat.cat, www.vallter2000.cat, www.boitaull.cat, www.turistren.cat i www.parcastronomic.cat son dominios de Internet titularidad de Ferrocarrils de la Generalitat de Catalunya (FGC), Vallter, SA y Actius de Muntanya, SAU. [vc_custom_heading text=\"Responsables del tratamiento\" use_theme_fonts=\"yes\"...","protected":false},"author":1,"featured_media":0,"parent":0,"menu_order":0,"comment_status":"closed","ping_status":"closed","template":"","meta":{"footnotes":""},"class_list":["post-20538","page","type-page","status-publish","hentry"],"yoast_head":"<!-- This site is optimized with the Yoast SEO Premium plugin v27.3 (Yoast SEO v27.3) - https:\/\/yoast.com\/product\/yoast-seo-premium-wordpress\/ -->\n<title>Aviso legal, termes i condicions - Ferrocarrils de la Generalitat de Catalunya<\/title>\n<meta name=\"description\" content=\"Descobriu els Termes i condicions d&#039;FGC PERSONES USU\u00c0RIES, una plataforma especialment creada per a millorar l&#039;experi\u00e8ncia de mobilitat dels usuaris.\" \/>\n<meta name=\"robots\" content=\"index, follow, max-snippet:-1, max-image-preview:large, max-video-preview:-1\" \/>\n<link rel=\"canonical\" href=\"https:\/\/www.fgc.cat\/es\/aviso-legal\/\" \/>\n<meta property=\"og:locale\" content=\"es_ES\" \/>\n<meta property=\"og:type\" content=\"article\" \/>\n<meta property=\"og:title\" content=\"Aviso legal\" \/>\n<meta property=\"og:description\" content=\"Descobriu els Termes i condicions d&#039;FGC PERSONES USU\u00c0RIES, una plataforma especialment creada per a millorar l&#039;experi\u00e8ncia de mobilitat dels usuaris.\" \/>\n<meta property=\"og:url\" content=\"https:\/\/www.fgc.cat\/es\/aviso-legal\/\" \/>\n<meta property=\"og:site_name\" content=\"Ferrocarrils de la Generalitat de Catalunya\" \/>\n<meta property=\"article:publisher\" content=\"https:\/\/www.facebook.com\/fgcferrocarrils\" \/>\n<meta property=\"article:modified_time\" content=\"2021-11-25T12:25:34+00:00\" \/>\n<meta property=\"og:image\" content=\"https:\/\/www.fgc.cat\/wp-content\/uploads\/2020\/06\/MONISTROL-MONTSERRAT-FGC-003-scaled.jpg\" \/>\n\t<meta property=\"og:image:width\" content=\"3300\" \/>\n\t<meta property=\"og:image:height\" content=\"2200\" \/>\n\t<meta property=\"og:image:type\" content=\"image\/jpeg\" \/>\n<meta name=\"twitter:card\" content=\"summary_large_image\" \/>\n<meta name=\"twitter:site\" content=\"@FGC\" \/>\n<meta name=\"twitter:label1\" content=\"Tiempo de lectura\" \/>\n\t<meta name=\"twitter:data1\" content=\"5 minutos\" \/>\n<script type=\"application\/ld+json\" class=\"yoast-schema-graph\">{\"@context\":\"https:\\\/\\\/schema.org\",\"@graph\":[{\"@type\":\"WebPage\",\"@id\":\"https:\\\/\\\/www.fgc.cat\\\/es\\\/aviso-legal\\\/\",\"url\":\"https:\\\/\\\/www.fgc.cat\\\/es\\\/aviso-legal\\\/\",\"name\":\"Aviso legal, termes i condicions - Ferrocarrils de la Generalitat de Catalunya\",\"isPartOf\":{\"@id\":\"https:\\\/\\\/www.fgc.cat\\\/es\\\/#website\"},\"datePublished\":\"2017-08-15T17:54:34+00:00\",\"dateModified\":\"2021-11-25T12:25:34+00:00\",\"description\":\"Descobriu els Termes i condicions d'FGC PERSONES USU\u00c0RIES, una plataforma especialment creada per a millorar l'experi\u00e8ncia de mobilitat dels usuaris.\",\"breadcrumb\":{\"@id\":\"https:\\\/\\\/www.fgc.cat\\\/es\\\/aviso-legal\\\/#breadcrumb\"},\"inLanguage\":\"es\",\"potentialAction\":[{\"@type\":\"ReadAction\",\"target\":[\"https:\\\/\\\/www.fgc.cat\\\/es\\\/aviso-legal\\\/\"]}]},{\"@type\":\"BreadcrumbList\",\"@id\":\"https:\\\/\\\/www.fgc.cat\\\/es\\\/aviso-legal\\\/#breadcrumb\",\"itemListElement\":[{\"@type\":\"ListItem\",\"position\":1,\"name\":\"Portada\",\"item\":\"https:\\\/\\\/www.fgc.cat\\\/es\\\/\"},{\"@type\":\"ListItem\",\"position\":2,\"name\":\"Aviso legal\"}]},{\"@type\":\"WebSite\",\"@id\":\"https:\\\/\\\/www.fgc.cat\\\/es\\\/#website\",\"url\":\"https:\\\/\\\/www.fgc.cat\\\/es\\\/\",\"name\":\"FGC\",\"description\":\"Ferrocarrils de la Generalitat de Catalunya\",\"publisher\":{\"@id\":\"https:\\\/\\\/www.fgc.cat\\\/es\\\/#organization\"},\"potentialAction\":[{\"@type\":\"SearchAction\",\"target\":{\"@type\":\"EntryPoint\",\"urlTemplate\":\"https:\\\/\\\/www.fgc.cat\\\/es\\\/?s={search_term_string}\"},\"query-input\":{\"@type\":\"PropertyValueSpecification\",\"valueRequired\":true,\"valueName\":\"search_term_string\"}}],\"inLanguage\":\"es\"},{\"@type\":\"Organization\",\"@id\":\"https:\\\/\\\/www.fgc.cat\\\/es\\\/#organization\",\"name\":\"Ferrocarrils de la Generalitat de Catalunya\",\"url\":\"https:\\\/\\\/www.fgc.cat\\\/es\\\/\",\"logo\":{\"@type\":\"ImageObject\",\"inLanguage\":\"es\",\"@id\":\"https:\\\/\\\/www.fgc.cat\\\/es\\\/#\\\/schema\\\/logo\\\/image\\\/\",\"url\":\"https:\\\/\\\/www.fgc.cat\\\/wp-content\\\/uploads\\\/2020\\\/06\\\/logo-FGC-square.png\",\"contentUrl\":\"https:\\\/\\\/www.fgc.cat\\\/wp-content\\\/uploads\\\/2020\\\/06\\\/logo-FGC-square.png\",\"width\":1024,\"height\":1024,\"caption\":\"Ferrocarrils de la Generalitat de Catalunya\"},\"image\":{\"@id\":\"https:\\\/\\\/www.fgc.cat\\\/es\\\/#\\\/schema\\\/logo\\\/image\\\/\"},\"sameAs\":[\"https:\\\/\\\/www.facebook.com\\\/fgcferrocarrils\",\"https:\\\/\\\/x.com\\\/FGC\",\"https:\\\/\\\/www.instagram.com\\\/fgc.cat\\\/?hl=es\",\"http:\\\/\\\/www.youtube.com\\\/user\\\/FGCferrocarrils\"]}]}<\/script>\n<!-- \/ Yoast SEO Premium plugin. -->","yoast_head_json":{"title":"Aviso legal, termes i condicions - Ferrocarrils de la Generalitat de Catalunya","description":"Descobriu els Termes i condicions d'FGC PERSONES USU\u00c0RIES, una plataforma especialment creada per a millorar l'experi\u00e8ncia de mobilitat dels usuaris.","robots":{"index":"index","follow":"follow","max-snippet":"max-snippet:-1","max-image-preview":"max-image-preview:large","max-video-preview":"max-video-preview:-1"},"canonical":"https:\/\/www.fgc.cat\/es\/aviso-legal\/","og_locale":"es_ES","og_type":"article","og_title":"Aviso legal","og_description":"Descobriu els Termes i condicions d'FGC PERSONES USU\u00c0RIES, una plataforma especialment creada per a millorar l'experi\u00e8ncia de mobilitat dels usuaris.","og_url":"https:\/\/www.fgc.cat\/es\/aviso-legal\/","og_site_name":"Ferrocarrils de la Generalitat de Catalunya","article_publisher":"https:\/\/www.facebook.com\/fgcferrocarrils","article_modified_time":"2021-11-25T12:25:34+00:00","og_image":[{"width":3300,"height":2200,"url":"https:\/\/www.fgc.cat\/wp-content\/uploads\/2020\/06\/MONISTROL-MONTSERRAT-FGC-003-scaled.jpg","type":"image\/jpeg"}],"twitter_card":"summary_large_image","twitter_site":"@FGC","twitter_misc":{"Tiempo de lectura":"5 minutos"},"schema":{"@context":"https:\/\/schema.org","@graph":[{"@type":"WebPage","@id":"https:\/\/www.fgc.cat\/es\/aviso-legal\/","url":"https:\/\/www.fgc.cat\/es\/aviso-legal\/","name":"Aviso legal, termes i condicions - Ferrocarrils de la Generalitat de Catalunya","isPartOf":{"@id":"https:\/\/www.fgc.cat\/es\/#website"},"datePublished":"2017-08-15T17:54:34+00:00","dateModified":"2021-11-25T12:25:34+00:00","description":"Descobriu els Termes i condicions d'FGC PERSONES USU\u00c0RIES, una plataforma especialment creada per a millorar l'experi\u00e8ncia de mobilitat dels usuaris.","breadcrumb":{"@id":"https:\/\/www.fgc.cat\/es\/aviso-legal\/#breadcrumb"},"inLanguage":"es","potentialAction":[{"@type":"ReadAction","target":["https:\/\/www.fgc.cat\/es\/aviso-legal\/"]}]},{"@type":"BreadcrumbList","@id":"https:\/\/www.fgc.cat\/es\/aviso-legal\/#breadcrumb","itemListElement":[{"@type":"ListItem","position":1,"name":"Portada","item":"https:\/\/www.fgc.cat\/es\/"},{"@type":"ListItem","position":2,"name":"Aviso legal"}]},{"@type":"WebSite","@id":"https:\/\/www.fgc.cat\/es\/#website","url":"https:\/\/www.fgc.cat\/es\/","name":"FGC","description":"Ferrocarrils de la Generalitat de Catalunya","publisher":{"@id":"https:\/\/www.fgc.cat\/es\/#organization"},"potentialAction":[{"@type":"SearchAction","target":{"@type":"EntryPoint","urlTemplate":"https:\/\/www.fgc.cat\/es\/?s={search_term_string}"},"query-input":{"@type":"PropertyValueSpecification","valueRequired":true,"valueName":"search_term_string"}}],"inLanguage":"es"},{"@type":"Organization","@id":"https:\/\/www.fgc.cat\/es\/#organization","name":"Ferrocarrils de la Generalitat de Catalunya","url":"https:\/\/www.fgc.cat\/es\/","logo":{"@type":"ImageObject","inLanguage":"es","@id":"https:\/\/www.fgc.cat\/es\/#\/schema\/logo\/image\/","url":"https:\/\/www.fgc.cat\/wp-content\/uploads\/2020\/06\/logo-FGC-square.png","contentUrl":"https:\/\/www.fgc.cat\/wp-content\/uploads\/2020\/06\/logo-FGC-square.png","width":1024,"height":1024,"caption":"Ferrocarrils de la Generalitat de Catalunya"},"image":{"@id":"https:\/\/www.fgc.cat\/es\/#\/schema\/logo\/image\/"},"sameAs":["https:\/\/www.facebook.com\/fgcferrocarrils","https:\/\/x.com\/FGC","https:\/\/www.instagram.com\/fgc.cat\/?hl=es","http:\/\/www.youtube.com\/user\/FGCferrocarrils"]}]}},"publishpress_future_action":{"enabled":false,"date":"2026-04-26 02:33:10","action":"change-status","newStatus":"draft","terms":[],"taxonomy":"translation_priority","extraData":[]},"publishpress_future_workflow_manual_trigger":{"enabledWorkflows":[]},"_links":{"self":[{"href":"https:\/\/www.fgc.cat\/es\/wp-json\/wp\/v2\/pages\/20538","targetHints":{"allow":["GET"]}}],"collection":[{"href":"https:\/\/www.fgc.cat\/es\/wp-json\/wp\/v2\/pages"}],"about":[{"href":"https:\/\/www.fgc.cat\/es\/wp-json\/wp\/v2\/types\/page"}],"author":[{"embeddable":true,"href":"https:\/\/www.fgc.cat\/es\/wp-json\/wp\/v2\/users\/1"}],"replies":[{"embeddable":true,"href":"https:\/\/www.fgc.cat\/es\/wp-json\/wp\/v2\/comments?post=20538"}],"version-history":[{"count":16,"href":"https:\/\/www.fgc.cat\/es\/wp-json\/wp\/v2\/pages\/20538\/revisions"}],"predecessor-version":[{"id":36986,"href":"https:\/\/www.fgc.cat\/es\/wp-json\/wp\/v2\/pages\/20538\/revisions\/36986"}],"wp:attachment":[{"href":"https:\/\/www.fgc.cat\/es\/wp-json\/wp\/v2\/media?parent=20538"}],"curies":[{"name":"wp","href":"https:\/\/api.w.org\/{rel}","templated":true}]}}