{"id":25805,"date":"2020-07-01T14:25:18","date_gmt":"2020-07-01T12:25:18","guid":{"rendered":"https:\/\/prod.fgc.cat\/sollicitud-dautoritzacions-dobres\/"},"modified":"2026-03-16T12:22:05","modified_gmt":"2026-03-16T11:22:05","slug":"sollicitud-dautoritzacions-dobres","status":"publish","type":"page","link":"https:\/\/www.fgc.cat\/es\/sollicitud-dautoritzacions-dobres\/","title":{"rendered":"Solicitud de autorizaci\u00f3n de obras"},"content":{"rendered":"<section class=\"l-section wpb_row container height_medium\"><div class=\"l-section-h i-cf\"><div class=\"g-cols vc_row via_flex valign_top type_default stacking_default\"><div class=\"vc_col-sm-4 wpb_column vc_column_container has_bg_color\"><div class=\"vc_column-inner us_custom_6b11b14f\"><div class=\"wpb_wrapper\"><section class=\"l-section wpb_row us_custom_b6a72ce1 height_medium\"><div class=\"l-section-h i-cf\"><div class=\"g-cols vc_row via_flex valign_top type_default stacking_default\"><div class=\"vc_col-sm-12 wpb_column vc_column_container\"><div class=\"vc_column-inner us_custom_14cb6347\"><div class=\"wpb_wrapper\"><div class=\"w-image align_center\"><div class=\"w-image-h\"><img decoding=\"async\" width=\"688\" height=\"414\" src=\"https:\/\/www.fgc.cat\/wp-content\/uploads\/2020\/05\/faqs_aside_2x.jpg\" class=\"attachment-large size-large\" alt=\"Icono informacion\" loading=\"lazy\" srcset=\"https:\/\/www.fgc.cat\/wp-content\/uploads\/2020\/05\/faqs_aside_2x.jpg 688w, https:\/\/www.fgc.cat\/wp-content\/uploads\/2020\/05\/faqs_aside_2x-600x361.jpg 600w, https:\/\/www.fgc.cat\/wp-content\/uploads\/2020\/05\/faqs_aside_2x-300x181.jpg 300w\" sizes=\"auto, (max-width: 688px) 100vw, 688px\" \/><\/div><\/div><div class=\"g-cols wpb_row us_custom_718cace0 via_flex valign_top type_default stacking_default\"><div class=\"vc_col-sm-12 wpb_column vc_column_container\"><div class=\"vc_column-inner us_custom_15ad39e0\"><div class=\"wpb_wrapper\"><div class=\"wpb_text_column us_custom_632d41e4 has_text_color\"><div class=\"wpb_wrapper\"><p>Tienes alguna duda?<\/p>\n<\/div><\/div><div class=\"wpb_text_column us_custom_223514a9 has_text_color\"><div class=\"wpb_wrapper\"><p>Preguntas frecuentes<\/p>\n<\/div><\/div><div class=\"wpb_text_column us_custom_77344615 has_text_color\"><div class=\"wpb_wrapper\"><p>Consulta las respuestas a las preguntas m\u00e1s frecuentes de los usuarios.<\/p>\n<\/div><\/div><\/div><\/div><\/div><\/div>[vc_raw_html css=\u00bb%7B%22default%22%3A%7B%22text-align%22%3A%22right%22%2C%22width%22%3A%22210px%22%2C%22margin-top%22%3A%22-30px%22%2C%22margin-bottom%22%3A%2250px%22%2C%22position%22%3A%22relative%22%7D%7D\u00bb el_class=\u00bbfloat-right\u00bb]JTVCZmdjX2J1dHRvbiUyMFRleHQlM0QlMjJGQVElMjdzJTIyJTIwdXJsJTNEJTIyJTJGZXMlMkZmYXElMkYlMjIlNUQ=[\/vc_raw_html]<\/div><\/div><\/div><\/div><\/div><\/section>\n<\/div><\/div><\/div><div class=\"vc_col-sm-8 wpb_column vc_column_container\"><div class=\"vc_column-inner us_custom_1bbaa53d\"><div class=\"wpb_wrapper\"><div class=\"g-cols wpb_row submenu_izq_contenido submenu_izq_contenido8 via_flex valign_top type_default stacking_default\"><div class=\"vc_col-sm-12 wpb_column vc_column_container\"><div class=\"vc_column-inner\"><div class=\"wpb_wrapper\">[vc_custom_heading text=\u00bbSOLICITUD DE AUTORIZACI\u00d3N DE OBRAS\u00bb font_container=\u00bbtag:h1|text_align:left\u00bb use_theme_fonts=\u00bbyes\u00bb el_class=\u00bbencabezado1&#8243;]<div class=\"wpb_text_column\"><div class=\"wpb_wrapper\"><p class=\"vc_custom_heading encabezado1_especial\"><strong>SOLICITUD DE AUTORIZACI\u00d3N DE OBRAS EN ZONA DE DOMINIO P\u00daBLICO Y ZONAS DE PROTECCI\u00d3N DE INFRAESTRUCTURAS FERROVIARIAS GESTIONADAS POR FGC<\/strong><\/p>\n<p>Para la ejecuci\u00f3n de obras que deban desarrollarse en terrenos situados en las zonas de influencia de las l\u00edneas ferroviarias de FGC (\u00abZona de dominio p\u00fablico ferroviario\u00bb y \u00abZona de protecci\u00f3n\u00bb \u2014seg\u00fan el art. 15 de la Ley 4\/2006, de 31 de marzo, Ferroviaria), es necesaria la autorizaci\u00f3n previa de FGC, sin perjuicio de las licencias municipales o de otras autorizaciones que sean precisas, tanto para particulares como para organismos o entes p\u00fablicos.<\/p>\n<\/div><\/div><div class=\"wpb_text_column\"><div class=\"wpb_wrapper\"><\/div><\/div><\/div><\/div><\/div><\/div>[vc_empty_space]<div class=\"w-hwrapper us_custom_c60307d2 valign_top align_center\"><div class=\"w-image align_none\"><div class=\"w-image-h\"><img decoding=\"async\" width=\"24\" height=\"24\" src=\"https:\/\/www.fgc.cat\/wp-content\/uploads\/2020\/05\/pdf-justificant.png\" class=\"attachment-large size-large\" alt=\"Logo PDF justificant\" loading=\"lazy\" \/><\/div><\/div><div class=\"wpb_text_column us_custom_8f8e3d9e has_text_color\"><div class=\"wpb_wrapper\"><p>Informaci\u00f3n Ley 4\/2006, de 31 de marzo, Ferroviaria [PDF \u2013 128 KB]<\/p>\n<\/div><\/div><\/div><div class=\"w-hwrapper us_custom_cf9fe770 valign_top align_center\"><div class=\"w-text us_custom_63b5a301 download-link has_text_color\"><a target=\" _blank\" rel=\"nofollow\" href=\"https:\/\/www.fgc.cat\/wp-content\/uploads\/2019\/02\/Informacio_Llei-4_2006_de_31_de_marc_ferroviaria.pdf\" class=\"w-text-h\"><span class=\"w-text-value\">Descargar PDF<\/span><\/a><\/div><div class=\"w-image align_none\"><div class=\"w-image-h\"><img decoding=\"async\" width=\"48\" height=\"48\" src=\"https:\/\/www.fgc.cat\/wp-content\/uploads\/2020\/06\/combined-shape-down.png\" class=\"attachment-large size-large\" alt=\"Logo flecha hacia abajo\" loading=\"lazy\" \/><\/div><\/div><\/div>[vc_empty_space]<div class=\"wpb_text_column\"><div class=\"wpb_wrapper\"><p>Para poder solicitar la autorizaci\u00f3n de obras puede rellenar el impreso de solicitud que se adjunta a este apartado y acompa\u00f1ado de los proyectos y otros documentos t\u00e9cnicos que se vayan a ejecutar.\u00a0<a href=\"https:\/\/www.fgc.cat\/es\/solicitud-autorizacion-obras\/\">Solicitud de autorizaci\u00f3n de obras<\/a><\/p>\n<p>Para cualquier consulta relacionada con la necesidad de tramitar la autorizaci\u00f3n o para determinar el contenido de la documentaci\u00f3n que debe presentar, puede contactar con el e-mail:\u00a0<a href=\"mailto:inspeccioferroviaria@fgc.cat\">inspeccioferroviaria@fgc.cat<\/a><\/p>\n<p>La tramitaci\u00f3n de las autorizaciones de obras tiene asociados unos precios b\u00e1sicos seg\u00fan la tabla adjunta.<\/p>\n<\/div><\/div>[vc_empty_space]<div class=\"w-hwrapper us_custom_c60307d2 valign_top align_center\"><div class=\"w-image align_none\"><div class=\"w-image-h\"><img decoding=\"async\" width=\"24\" height=\"24\" src=\"https:\/\/www.fgc.cat\/wp-content\/uploads\/2020\/05\/pdf-justificant.png\" class=\"attachment-large size-large\" alt=\"Logo PDF justificant\" loading=\"lazy\" \/><\/div><\/div><div class=\"wpb_text_column us_custom_974100ab has_text_color\"><div class=\"wpb_wrapper\"><p>Precios de tramitaci\u00f3n de autorizaciones 2023 [PDF \u2013 119 KB]<\/p>\n<\/div><\/div><\/div><div class=\"w-hwrapper us_custom_cf9fe770 valign_top align_center\"><div class=\"w-text us_custom_c311706f download-link has_text_color\"><a target=\"_blank\" rel=\"nofollow\" href=\"https:\/\/www.fgc.cat\/wp-content\/uploads\/2023\/03\/preus_expedients_obres_2023_es.pdf\" class=\"w-text-h\"><span class=\"w-text-value\">Descargar PDF<\/span><\/a><\/div><div class=\"w-image align_none\"><div class=\"w-image-h\"><img decoding=\"async\" width=\"48\" height=\"48\" src=\"https:\/\/www.fgc.cat\/wp-content\/uploads\/2020\/06\/combined-shape-down.png\" class=\"attachment-large size-large\" alt=\"Logo flecha hacia abajo\" loading=\"lazy\" \/><\/div><\/div><\/div>[vc_empty_space][dhvc_form id=\u00bb10324&#8243;]<\/div><\/div><\/div><\/div><\/div><\/section>\n","protected":false},"excerpt":{"rendered":"Tienes alguna duda? Preguntas frecuentes Consulta las respuestas a las preguntas m\u00e1s frecuentes de los usuarios. [vc_raw_html css=\u00bb%7B%22default%22%3A%7B%22text-align%22%3A%22right%22%2C%22width%22%3A%22210px%22%2C%22margin-top%22%3A%22-30px%22%2C%22margin-bottom%22%3A%2250px%22%2C%22position%22%3A%22relative%22%7D%7D\u00bb el_class=\u00bbfloat-right\u00bb]JTVCZmdjX2J1dHRvbiUyMFRleHQlM0QlMjJGQVElMjdzJTIyJTIwdXJsJTNEJTIyJTJGZXMlMkZmYXElMkYlMjIlNUQ=[\/vc_raw_html] [vc_custom_heading text=\"SOLICITUD DE AUTORIZACI\u00d3N DE OBRAS\" font_container=\"tag:h1|text_align:left\" use_theme_fonts=\"yes\" el_class=\"encabezado1\"]SOLICITUD DE AUTORIZACI\u00d3N DE OBRAS EN ZONA DE DOMINIO P\u00daBLICO Y ZONAS DE PROTECCI\u00d3N DE INFRAESTRUCTURAS FERROVIARIAS GESTIONADAS POR FGC Para la ejecuci\u00f3n de obras que deban desarrollarse...","protected":false},"author":47,"featured_media":0,"parent":0,"menu_order":0,"comment_status":"closed","ping_status":"closed","template":"","meta":{"footnotes":""},"class_list":["post-25805","page","type-page","status-publish","hentry"],"yoast_head":"<!-- This site is optimized with the Yoast SEO Premium plugin v27.3 (Yoast SEO v27.3) - https:\/\/yoast.com\/product\/yoast-seo-premium-wordpress\/ -->\n<title>Solicitud de autorizaci\u00f3n de obras - FGC<\/title>\n<meta name=\"description\" content=\"Obt\u00e9n informaci\u00f3n sobre la solicitud de autorizaci\u00f3n de obras en zona de dominio p\u00fablico y protecci\u00f3n de infraestructuras ferroviarias gestionadas por FGC.\" \/>\n<meta name=\"robots\" content=\"index, follow, max-snippet:-1, max-image-preview:large, max-video-preview:-1\" \/>\n<link rel=\"canonical\" href=\"https:\/\/www.fgc.cat\/es\/sollicitud-dautoritzacions-dobres\/\" \/>\n<meta property=\"og:locale\" content=\"es_ES\" \/>\n<meta property=\"og:type\" content=\"article\" \/>\n<meta property=\"og:title\" content=\"Solicitud de autorizaci\u00f3n de obras\" \/>\n<meta property=\"og:description\" content=\"Obt\u00e9n informaci\u00f3n sobre la solicitud de autorizaci\u00f3n de obras en zona de dominio p\u00fablico y protecci\u00f3n de infraestructuras ferroviarias gestionadas por FGC.\" \/>\n<meta property=\"og:url\" content=\"https:\/\/www.fgc.cat\/es\/sollicitud-dautoritzacions-dobres\/\" \/>\n<meta property=\"og:site_name\" content=\"Ferrocarrils de la Generalitat de Catalunya\" \/>\n<meta property=\"article:publisher\" content=\"https:\/\/www.facebook.com\/fgcferrocarrils\" \/>\n<meta property=\"article:modified_time\" content=\"2026-03-16T11:22:05+00:00\" \/>\n<meta property=\"og:image\" content=\"https:\/\/www.fgc.cat\/wp-content\/uploads\/2020\/06\/MONISTROL-MONTSERRAT-FGC-003-scaled.jpg\" \/>\n\t<meta property=\"og:image:width\" content=\"3300\" \/>\n\t<meta property=\"og:image:height\" content=\"2200\" \/>\n\t<meta property=\"og:image:type\" content=\"image\/jpeg\" \/>\n<meta name=\"twitter:card\" content=\"summary_large_image\" \/>\n<meta name=\"twitter:site\" content=\"@FGC\" \/>\n<meta name=\"twitter:label1\" content=\"Tiempo de lectura\" \/>\n\t<meta name=\"twitter:data1\" content=\"2 minutos\" \/>\n<script type=\"application\/ld+json\" class=\"yoast-schema-graph\">{\"@context\":\"https:\\\/\\\/schema.org\",\"@graph\":[{\"@type\":\"WebPage\",\"@id\":\"https:\\\/\\\/www.fgc.cat\\\/es\\\/sollicitud-dautoritzacions-dobres\\\/\",\"url\":\"https:\\\/\\\/www.fgc.cat\\\/es\\\/sollicitud-dautoritzacions-dobres\\\/\",\"name\":\"Solicitud de autorizaci\u00f3n de obras - FGC\",\"isPartOf\":{\"@id\":\"https:\\\/\\\/www.fgc.cat\\\/es\\\/#website\"},\"datePublished\":\"2020-07-01T12:25:18+00:00\",\"dateModified\":\"2026-03-16T11:22:05+00:00\",\"description\":\"Obt\u00e9n informaci\u00f3n sobre la solicitud de autorizaci\u00f3n de obras en zona de dominio p\u00fablico y protecci\u00f3n de infraestructuras ferroviarias gestionadas por FGC.\",\"breadcrumb\":{\"@id\":\"https:\\\/\\\/www.fgc.cat\\\/es\\\/sollicitud-dautoritzacions-dobres\\\/#breadcrumb\"},\"inLanguage\":\"es\",\"potentialAction\":[{\"@type\":\"ReadAction\",\"target\":[\"https:\\\/\\\/www.fgc.cat\\\/es\\\/sollicitud-dautoritzacions-dobres\\\/\"]}]},{\"@type\":\"BreadcrumbList\",\"@id\":\"https:\\\/\\\/www.fgc.cat\\\/es\\\/sollicitud-dautoritzacions-dobres\\\/#breadcrumb\",\"itemListElement\":[{\"@type\":\"ListItem\",\"position\":1,\"name\":\"Portada\",\"item\":\"https:\\\/\\\/www.fgc.cat\\\/es\\\/\"},{\"@type\":\"ListItem\",\"position\":2,\"name\":\"Solicitud de autorizaci\u00f3n de obras\"}]},{\"@type\":\"WebSite\",\"@id\":\"https:\\\/\\\/www.fgc.cat\\\/es\\\/#website\",\"url\":\"https:\\\/\\\/www.fgc.cat\\\/es\\\/\",\"name\":\"FGC\",\"description\":\"Ferrocarrils de la Generalitat de Catalunya\",\"publisher\":{\"@id\":\"https:\\\/\\\/www.fgc.cat\\\/es\\\/#organization\"},\"potentialAction\":[{\"@type\":\"SearchAction\",\"target\":{\"@type\":\"EntryPoint\",\"urlTemplate\":\"https:\\\/\\\/www.fgc.cat\\\/es\\\/?s={search_term_string}\"},\"query-input\":{\"@type\":\"PropertyValueSpecification\",\"valueRequired\":true,\"valueName\":\"search_term_string\"}}],\"inLanguage\":\"es\"},{\"@type\":\"Organization\",\"@id\":\"https:\\\/\\\/www.fgc.cat\\\/es\\\/#organization\",\"name\":\"Ferrocarrils de la Generalitat de Catalunya\",\"url\":\"https:\\\/\\\/www.fgc.cat\\\/es\\\/\",\"logo\":{\"@type\":\"ImageObject\",\"inLanguage\":\"es\",\"@id\":\"https:\\\/\\\/www.fgc.cat\\\/es\\\/#\\\/schema\\\/logo\\\/image\\\/\",\"url\":\"https:\\\/\\\/www.fgc.cat\\\/wp-content\\\/uploads\\\/2020\\\/06\\\/logo-FGC-square.png\",\"contentUrl\":\"https:\\\/\\\/www.fgc.cat\\\/wp-content\\\/uploads\\\/2020\\\/06\\\/logo-FGC-square.png\",\"width\":1024,\"height\":1024,\"caption\":\"Ferrocarrils de la Generalitat de Catalunya\"},\"image\":{\"@id\":\"https:\\\/\\\/www.fgc.cat\\\/es\\\/#\\\/schema\\\/logo\\\/image\\\/\"},\"sameAs\":[\"https:\\\/\\\/www.facebook.com\\\/fgcferrocarrils\",\"https:\\\/\\\/x.com\\\/FGC\",\"https:\\\/\\\/www.instagram.com\\\/fgc.cat\\\/?hl=es\",\"http:\\\/\\\/www.youtube.com\\\/user\\\/FGCferrocarrils\"]}]}<\/script>\n<!-- \/ Yoast SEO Premium plugin. -->","yoast_head_json":{"title":"Solicitud de autorizaci\u00f3n de obras - FGC","description":"Obt\u00e9n informaci\u00f3n sobre la solicitud de autorizaci\u00f3n de obras en zona de dominio p\u00fablico y protecci\u00f3n de infraestructuras ferroviarias gestionadas por FGC.","robots":{"index":"index","follow":"follow","max-snippet":"max-snippet:-1","max-image-preview":"max-image-preview:large","max-video-preview":"max-video-preview:-1"},"canonical":"https:\/\/www.fgc.cat\/es\/sollicitud-dautoritzacions-dobres\/","og_locale":"es_ES","og_type":"article","og_title":"Solicitud de autorizaci\u00f3n de obras","og_description":"Obt\u00e9n informaci\u00f3n sobre la solicitud de autorizaci\u00f3n de obras en zona de dominio p\u00fablico y protecci\u00f3n de infraestructuras ferroviarias gestionadas por FGC.","og_url":"https:\/\/www.fgc.cat\/es\/sollicitud-dautoritzacions-dobres\/","og_site_name":"Ferrocarrils de la Generalitat de Catalunya","article_publisher":"https:\/\/www.facebook.com\/fgcferrocarrils","article_modified_time":"2026-03-16T11:22:05+00:00","og_image":[{"width":3300,"height":2200,"url":"https:\/\/www.fgc.cat\/wp-content\/uploads\/2020\/06\/MONISTROL-MONTSERRAT-FGC-003-scaled.jpg","type":"image\/jpeg"}],"twitter_card":"summary_large_image","twitter_site":"@FGC","twitter_misc":{"Tiempo de lectura":"2 minutos"},"schema":{"@context":"https:\/\/schema.org","@graph":[{"@type":"WebPage","@id":"https:\/\/www.fgc.cat\/es\/sollicitud-dautoritzacions-dobres\/","url":"https:\/\/www.fgc.cat\/es\/sollicitud-dautoritzacions-dobres\/","name":"Solicitud de autorizaci\u00f3n de obras - FGC","isPartOf":{"@id":"https:\/\/www.fgc.cat\/es\/#website"},"datePublished":"2020-07-01T12:25:18+00:00","dateModified":"2026-03-16T11:22:05+00:00","description":"Obt\u00e9n informaci\u00f3n sobre la solicitud de autorizaci\u00f3n de obras en zona de dominio p\u00fablico y protecci\u00f3n de infraestructuras ferroviarias gestionadas por FGC.","breadcrumb":{"@id":"https:\/\/www.fgc.cat\/es\/sollicitud-dautoritzacions-dobres\/#breadcrumb"},"inLanguage":"es","potentialAction":[{"@type":"ReadAction","target":["https:\/\/www.fgc.cat\/es\/sollicitud-dautoritzacions-dobres\/"]}]},{"@type":"BreadcrumbList","@id":"https:\/\/www.fgc.cat\/es\/sollicitud-dautoritzacions-dobres\/#breadcrumb","itemListElement":[{"@type":"ListItem","position":1,"name":"Portada","item":"https:\/\/www.fgc.cat\/es\/"},{"@type":"ListItem","position":2,"name":"Solicitud de autorizaci\u00f3n de obras"}]},{"@type":"WebSite","@id":"https:\/\/www.fgc.cat\/es\/#website","url":"https:\/\/www.fgc.cat\/es\/","name":"FGC","description":"Ferrocarrils de la Generalitat de Catalunya","publisher":{"@id":"https:\/\/www.fgc.cat\/es\/#organization"},"potentialAction":[{"@type":"SearchAction","target":{"@type":"EntryPoint","urlTemplate":"https:\/\/www.fgc.cat\/es\/?s={search_term_string}"},"query-input":{"@type":"PropertyValueSpecification","valueRequired":true,"valueName":"search_term_string"}}],"inLanguage":"es"},{"@type":"Organization","@id":"https:\/\/www.fgc.cat\/es\/#organization","name":"Ferrocarrils de la Generalitat de Catalunya","url":"https:\/\/www.fgc.cat\/es\/","logo":{"@type":"ImageObject","inLanguage":"es","@id":"https:\/\/www.fgc.cat\/es\/#\/schema\/logo\/image\/","url":"https:\/\/www.fgc.cat\/wp-content\/uploads\/2020\/06\/logo-FGC-square.png","contentUrl":"https:\/\/www.fgc.cat\/wp-content\/uploads\/2020\/06\/logo-FGC-square.png","width":1024,"height":1024,"caption":"Ferrocarrils de la Generalitat de Catalunya"},"image":{"@id":"https:\/\/www.fgc.cat\/es\/#\/schema\/logo\/image\/"},"sameAs":["https:\/\/www.facebook.com\/fgcferrocarrils","https:\/\/x.com\/FGC","https:\/\/www.instagram.com\/fgc.cat\/?hl=es","http:\/\/www.youtube.com\/user\/FGCferrocarrils"]}]}},"publishpress_future_action":{"enabled":false,"date":"2026-04-24 00:43:22","action":"change-status","newStatus":"draft","terms":[],"taxonomy":"translation_priority","extraData":[]},"publishpress_future_workflow_manual_trigger":{"enabledWorkflows":[]},"_links":{"self":[{"href":"https:\/\/www.fgc.cat\/es\/wp-json\/wp\/v2\/pages\/25805","targetHints":{"allow":["GET"]}}],"collection":[{"href":"https:\/\/www.fgc.cat\/es\/wp-json\/wp\/v2\/pages"}],"about":[{"href":"https:\/\/www.fgc.cat\/es\/wp-json\/wp\/v2\/types\/page"}],"author":[{"embeddable":true,"href":"https:\/\/www.fgc.cat\/es\/wp-json\/wp\/v2\/users\/47"}],"replies":[{"embeddable":true,"href":"https:\/\/www.fgc.cat\/es\/wp-json\/wp\/v2\/comments?post=25805"}],"version-history":[{"count":16,"href":"https:\/\/www.fgc.cat\/es\/wp-json\/wp\/v2\/pages\/25805\/revisions"}],"predecessor-version":[{"id":60016,"href":"https:\/\/www.fgc.cat\/es\/wp-json\/wp\/v2\/pages\/25805\/revisions\/60016"}],"wp:attachment":[{"href":"https:\/\/www.fgc.cat\/es\/wp-json\/wp\/v2\/media?parent=25805"}],"curies":[{"name":"wp","href":"https:\/\/api.w.org\/{rel}","templated":true}]}}