{"id":27018,"date":"2020-07-09T13:05:25","date_gmt":"2020-07-09T11:05:25","guid":{"rendered":"https:\/\/www.fgc.cat\/pagina-classificacio-i-homologacio\/"},"modified":"2020-10-01T18:19:06","modified_gmt":"2020-10-01T16:19:06","slug":"classificacio-i-homologacio","status":"publish","type":"page","link":"https:\/\/www.fgc.cat\/es\/classificacio-i-homologacio\/","title":{"rendered":"Clasificaci\u00f3n y homologaci\u00f3n"},"content":{"rendered":"<section class=\"l-section wpb_row height_medium\"><div class=\"l-section-h i-cf\"><div class=\"g-cols vc_row via_flex valign_top type_default stacking_default\"><div class=\"vc_col-sm-12 wpb_column vc_column_container\"><div class=\"vc_column-inner\"><div class=\"wpb_wrapper\"><h1 class=\"w-post-elm post_title entry-title color_link_inherit\">Clasificaci\u00f3n y homologaci\u00f3n<\/h1><div class=\"g-cols wpb_row via_flex valign_top type_default stacking_default\"><div class=\"vc_col-sm-12 wpb_column vc_column_container\"><div class=\"vc_column-inner\"><div class=\"wpb_wrapper\"><div class=\"wpb_text_column\"><div class=\"wpb_wrapper\"><p>Mediante los enlaces siguientes, puede acceder a la publicaci\u00f3n relativa a los anuncios de licitaciones propias de FGC que tienen por objeto el sistema de clasificaci\u00f3n de contratistas y el sistema de clasificaci\u00f3n y homologaci\u00f3n tecnol\u00f3gica de equipamientos.<\/p>\n<\/div><\/div>[vc_empty_space]<\/div><\/div><\/div><\/div><div id=\"ult-carousel-149866975269d249c83b2a5\" class=\"ult-carousel-wrapper  estaciones_montanya ult_horizontal\" data-gutter=\"15\" data-rtl=\"false\" ><div class=\"ult-carousel-326000712969d249c83b010 \" ><div class=\"ult-item-wrap\" data-animation=\"animated no-animation\"><div class=\"w-vwrapper us_custom_4fb9e5a3 align_center valign_top\"><div class=\"ult-item-wrap\" data-animation=\"animated no-animation\"><div class=\"wpb_text_column us_custom_cb35f069\"><div class=\"wpb_wrapper\"><p>Sistema de clasificaci\u00f3n de proveedores para el suministro de energ\u00eda el\u00e9ctrica<\/p>\n<\/div><\/div><\/div>[vc_empty_space height=\u00bb8px\u00bb]<div class=\"ult-item-wrap\" data-animation=\"animated no-animation\"><div class=\"wpb_text_column us_custom_eb849559\"><div class=\"wpb_wrapper\"><div style=\"width: 211px; margin: 0 auto;\">\n<div style=\"width: 211px; margin: 0 auto;\"><div class=\"ult-item-wrap\" data-animation=\"animated no-animation\"><div class=\"fgc-button\">\n                <a href=\"\/es\/licitacio\/renovacio-anual-del-sistema-classificacio-proveidors-per-al-subministrament-denergia-electrica-ferrocarrils-la-generalitat-catalunya\/\"  id='submit_buscador_mobile'  target=\"_self\" title=\"\" data-tipo=\"\" class=\"\">\n                   \t<div class=\"fgc-button-content\">\n                        Accede\n                        <i class=\"fgc-button-icon fa-solid fa-arrow-right  aria-hidden=\"true\"><\/i>\n                    <\/div>\n                <\/a>\n             <\/div><\/div><\/div>\n<\/div>\n<\/div><\/div><\/div><div class=\"ult-item-wrap\" data-animation=\"animated no-animation\"><div class=\"w-separator size_small\"><\/div><\/div><\/div><\/div><div class=\"ult-item-wrap\" data-animation=\"animated no-animation\"><div class=\"w-vwrapper us_custom_4fb9e5a3 align_center valign_top\"><div class=\"ult-item-wrap\" data-animation=\"animated no-animation\"><div class=\"wpb_text_column us_custom_cb35f069\"><div class=\"wpb_wrapper\"><p>Sistema de clasificaci\u00f3n tecnol\u00f3gica para la homologaci\u00f3n de ascensores<\/p>\n<\/div><\/div><\/div>[vc_empty_space height=\u00bb8px\u00bb]<div class=\"ult-item-wrap\" data-animation=\"animated no-animation\"><div class=\"wpb_text_column us_custom_eb849559\"><div class=\"wpb_wrapper\"><div style=\"width: 211px; margin: 0 auto;\">\n<div style=\"width: 211px; margin: 0 auto;\"><div class=\"ult-item-wrap\" data-animation=\"animated no-animation\"><div class=\"fgc-button\">\n                <a href=\"\/es\/licitacio\/sistema-de-classificacio-tecnologica-per-a-lhomologacio-dascensors\/\"  id='submit_buscador_mobile'  target=\"_self\" title=\"\" data-tipo=\"\" class=\"\">\n                   \t<div class=\"fgc-button-content\">\n                        Accede\n                        <i class=\"fgc-button-icon fa-solid fa-arrow-right  aria-hidden=\"true\"><\/i>\n                    <\/div>\n                <\/a>\n             <\/div><\/div><\/div>\n<\/div>\n<\/div><\/div><\/div><div class=\"ult-item-wrap\" data-animation=\"animated no-animation\"><div class=\"w-separator size_small\"><\/div><\/div><\/div><\/div><div class=\"ult-item-wrap\" data-animation=\"animated no-animation\"><div class=\"w-vwrapper us_custom_4fb9e5a3 align_center valign_top\"><div class=\"ult-item-wrap\" data-animation=\"animated no-animation\"><div class=\"wpb_text_column us_custom_cb35f069\"><div class=\"wpb_wrapper\"><p>Sistema de clasificaci\u00f3n para la homologaci\u00f3n de barreras tarifarias eficientes<\/p>\n<\/div><\/div><\/div>[vc_empty_space height=\u00bb8px\u00bb]<div class=\"ult-item-wrap\" data-animation=\"animated no-animation\"><div class=\"wpb_text_column us_custom_eb849559\"><div class=\"wpb_wrapper\"><div style=\"width: 211px; margin: 0 auto;\"><div class=\"ult-item-wrap\" data-animation=\"animated no-animation\"><div class=\"fgc-button\">\n                <a href=\"\/licitacio\/sistema-de-classificacio-per-a-lhomologacio-de-proveidors-de-barreres\/\"  id='submit_buscador_mobile'  target=\"_self\" title=\"\" data-tipo=\"\" class=\"\">\n                   \t<div class=\"fgc-button-content\">\n                        Accede\n                        <i class=\"fgc-button-icon fa-solid fa-arrow-right  aria-hidden=\"true\"><\/i>\n                    <\/div>\n                <\/a>\n             <\/div><\/div><\/div>\n<\/div><\/div><\/div><div class=\"ult-item-wrap\" data-animation=\"animated no-animation\"><div class=\"w-separator size_small\"><\/div><\/div><\/div><\/div><div class=\"ult-item-wrap\" data-animation=\"animated no-animation\"><div class=\"w-vwrapper us_custom_4fb9e5a3 align_center valign_top\"><div class=\"ult-item-wrap\" data-animation=\"animated no-animation\"><div class=\"wpb_text_column us_custom_cb35f069\"><div class=\"wpb_wrapper\"><p>Sistema de clasificaci\u00f3n tecnol\u00f3gica para la homologaci\u00f3n de escaleras mec\u00e1nicas<\/p>\n<\/div><\/div><\/div><div class=\"ult-item-wrap\" data-animation=\"animated no-animation\"><div class=\"wpb_text_column us_custom_eb849559\"><div class=\"wpb_wrapper\"><div style=\"width: 211px; margin: 0 auto;\">\n<div style=\"width: 211px; margin: 0 auto;\"><div class=\"ult-item-wrap\" data-animation=\"animated no-animation\"><div class=\"fgc-button\">\n                <a href=\"\/es\/licitacio\/sistema-de-classificacio-tecnologica-per-a-lhomologacio-descales-mecnaniques\/\"  id='submit_buscador_mobile'  target=\"_self\" title=\"\" data-tipo=\"\" class=\"\">\n                   \t<div class=\"fgc-button-content\">\n                        Accede\n                        <i class=\"fgc-button-icon fa-solid fa-arrow-right  aria-hidden=\"true\"><\/i>\n                    <\/div>\n                <\/a>\n             <\/div><\/div><\/div>\n<div id=\"gtx-trans\" style=\"position: absolute; left: 395px; top: 31px;\">\n<div class=\"gtx-trans-icon\"><\/div>\n<\/div>\n<\/div>\n<\/div><\/div><\/div><div class=\"ult-item-wrap\" data-animation=\"animated no-animation\"><div class=\"w-separator size_small\"><\/div><\/div><\/div><\/div><\/div><\/div>\t\t\t<script type=\"text\/javascript\">\r\n\t\t\t\tjQuery(document).ready(function ($) {\r\n\t\t\t\t\tif( typeof jQuery('.ult-carousel-326000712969d249c83b010').slick == \"function\"){\r\n\t\t\t\t\t\t$('.ult-carousel-326000712969d249c83b010').slick({dots: false,autoplay: true,autoplaySpeed: 5000,speed: 300,infinite: true,arrows: true,nextArrow: '<button type=\"button\" role=\"button\" aria-label=\"Next\" style=\"color:#333333; font-size:36px;background:#97d700;\" class=\"slick-next square-bg\"><i class=\"ultsl-arrow-right6\"><\/i><\/button>',prevArrow: '<button type=\"button\" role=\"button\" aria-label=\"Previous\" style=\"color:#333333; font-size:36px;background:#97d700;\" class=\"slick-prev square-bg\"><i class=\"ultsl-arrow-left6\"><\/i><\/button>',slidesToScroll:4,slidesToShow:4,swipe: true,draggable: true,touchMove: true,pauseOnHover: true,pauseOnFocus: false,responsive: [\r\n\t\t\t\t\t\t\t{\r\n\t\t\t\t\t\t\t  breakpoint: 1026,\r\n\t\t\t\t\t\t\t  settings: {\r\n\t\t\t\t\t\t\t\tslidesToShow: 4,\r\n\t\t\t\t\t\t\t\tslidesToScroll: 4,  \r\n\t\t\t\t\t\t\t  }\r\n\t\t\t\t\t\t\t},\r\n\t\t\t\t\t\t\t{\r\n\t\t\t\t\t\t\t  breakpoint: 1025,\r\n\t\t\t\t\t\t\t  settings: {\r\n\t\t\t\t\t\t\t\tslidesToShow: 4,\r\n\t\t\t\t\t\t\t\tslidesToScroll: 4\r\n\t\t\t\t\t\t\t  }\r\n\t\t\t\t\t\t\t},\r\n\t\t\t\t\t\t\t{\r\n\t\t\t\t\t\t\t  breakpoint: 760,\r\n\t\t\t\t\t\t\t  settings: {\r\n\t\t\t\t\t\t\t\tslidesToShow: 2,\r\n\t\t\t\t\t\t\t\tslidesToScroll: 2\r\n\t\t\t\t\t\t\t  }\r\n\t\t\t\t\t\t\t}\r\n\t\t\t\t\t\t],pauseOnDotsHover: true,customPaging: function(slider, i) {\r\n                   return '<i type=\"button\" style= \"color:#333333;\" class=\"ultsl-record\" data-role=\"none\"><\/i>';\r\n                },});\r\n\t\t\t\t\t}\r\n\t\t\t\t});\r\n\t\t\t<\/script>\r\n\t\t\t<\/div><\/div><\/div><\/div><\/div><\/section>\n","protected":false},"excerpt":{"rendered":"Clasificaci\u00f3n y homologaci\u00f3nMediante los enlaces siguientes, puede acceder a la publicaci\u00f3n relativa a los anuncios de licitaciones propias de FGC que tienen por objeto el sistema de clasificaci\u00f3n de contratistas y el sistema de clasificaci\u00f3n y homologaci\u00f3n tecnol\u00f3gica de equipamientos. [vc_empty_space]Sistema de clasificaci\u00f3n de proveedores para el suministro de energ\u00eda el\u00e9ctrica [vc_empty_space height=\"8px\"] Accede Sistema...","protected":false},"author":51,"featured_media":0,"parent":0,"menu_order":0,"comment_status":"closed","ping_status":"closed","template":"","meta":{"footnotes":""},"class_list":["post-27018","page","type-page","status-publish","hentry"],"yoast_head":"<!-- This site is optimized with the Yoast SEO Premium plugin v27.2 (Yoast SEO v27.2) - https:\/\/yoast.com\/product\/yoast-seo-premium-wordpress\/ -->\n<title>Clasificaci\u00f3n y homologaci\u00f3n - FGC<\/title>\n<meta name=\"description\" content=\"Accede a las licitaciones de FGC que tienen por objeto Sistema de clasificaci\u00f3n de contratistas y de homologaci\u00f3n tecnol\u00f3gica de equipamientos.\" \/>\n<meta name=\"robots\" content=\"index, follow, max-snippet:-1, max-image-preview:large, max-video-preview:-1\" \/>\n<link rel=\"canonical\" href=\"https:\/\/www.fgc.cat\/es\/classificacio-i-homologacio\/\" \/>\n<meta property=\"og:locale\" content=\"es_ES\" \/>\n<meta property=\"og:type\" content=\"article\" \/>\n<meta property=\"og:title\" content=\"Clasificaci\u00f3n y homologaci\u00f3n\" \/>\n<meta property=\"og:description\" content=\"Accede a las licitaciones de FGC que tienen por objeto Sistema de clasificaci\u00f3n de contratistas y de homologaci\u00f3n tecnol\u00f3gica de equipamientos.\" \/>\n<meta property=\"og:url\" content=\"https:\/\/www.fgc.cat\/es\/classificacio-i-homologacio\/\" \/>\n<meta property=\"og:site_name\" content=\"Ferrocarrils de la Generalitat de Catalunya\" \/>\n<meta property=\"article:publisher\" content=\"https:\/\/www.facebook.com\/fgcferrocarrils\" \/>\n<meta property=\"article:modified_time\" content=\"2020-10-01T16:19:06+00:00\" \/>\n<meta property=\"og:image\" content=\"https:\/\/www.fgc.cat\/wp-content\/uploads\/2020\/06\/MONISTROL-MONTSERRAT-FGC-003-scaled.jpg\" \/>\n\t<meta property=\"og:image:width\" content=\"3300\" \/>\n\t<meta property=\"og:image:height\" content=\"2200\" \/>\n\t<meta property=\"og:image:type\" content=\"image\/jpeg\" \/>\n<meta name=\"twitter:card\" content=\"summary_large_image\" \/>\n<meta name=\"twitter:site\" content=\"@FGC\" \/>\n<meta name=\"twitter:label1\" content=\"Est. reading time\" \/>\n\t<meta name=\"twitter:data1\" content=\"3 minutos\" \/>\n<script type=\"application\/ld+json\" class=\"yoast-schema-graph\">{\"@context\":\"https:\/\/schema.org\",\"@graph\":[{\"@type\":\"WebPage\",\"@id\":\"https:\/\/www.fgc.cat\/es\/classificacio-i-homologacio\/\",\"url\":\"https:\/\/www.fgc.cat\/es\/classificacio-i-homologacio\/\",\"name\":\"Clasificaci\u00f3n y homologaci\u00f3n - FGC\",\"isPartOf\":{\"@id\":\"https:\/\/www.fgc.cat\/es\/#website\"},\"datePublished\":\"2020-07-09T11:05:25+00:00\",\"dateModified\":\"2020-10-01T16:19:06+00:00\",\"description\":\"Accede a las licitaciones de FGC que tienen por objeto Sistema de clasificaci\u00f3n de contratistas y de homologaci\u00f3n tecnol\u00f3gica de equipamientos.\",\"breadcrumb\":{\"@id\":\"https:\/\/www.fgc.cat\/es\/classificacio-i-homologacio\/#breadcrumb\"},\"inLanguage\":\"es\",\"potentialAction\":[{\"@type\":\"ReadAction\",\"target\":[\"https:\/\/www.fgc.cat\/es\/classificacio-i-homologacio\/\"]}]},{\"@type\":\"BreadcrumbList\",\"@id\":\"https:\/\/www.fgc.cat\/es\/classificacio-i-homologacio\/#breadcrumb\",\"itemListElement\":[{\"@type\":\"ListItem\",\"position\":1,\"name\":\"Portada\",\"item\":\"https:\/\/www.fgc.cat\/es\/\"},{\"@type\":\"ListItem\",\"position\":2,\"name\":\"Clasificaci\u00f3n y homologaci\u00f3n\"}]},{\"@type\":\"WebSite\",\"@id\":\"https:\/\/www.fgc.cat\/es\/#website\",\"url\":\"https:\/\/www.fgc.cat\/es\/\",\"name\":\"FGC\",\"description\":\"Ferrocarrils de la Generalitat de Catalunya\",\"publisher\":{\"@id\":\"https:\/\/www.fgc.cat\/es\/#organization\"},\"potentialAction\":[{\"@type\":\"SearchAction\",\"target\":{\"@type\":\"EntryPoint\",\"urlTemplate\":\"https:\/\/www.fgc.cat\/es\/?s={search_term_string}\"},\"query-input\":{\"@type\":\"PropertyValueSpecification\",\"valueRequired\":true,\"valueName\":\"search_term_string\"}}],\"inLanguage\":\"es\"},{\"@type\":\"Organization\",\"@id\":\"https:\/\/www.fgc.cat\/es\/#organization\",\"name\":\"Ferrocarrils de la Generalitat de Catalunya\",\"url\":\"https:\/\/www.fgc.cat\/es\/\",\"logo\":{\"@type\":\"ImageObject\",\"inLanguage\":\"es\",\"@id\":\"https:\/\/www.fgc.cat\/es\/#\/schema\/logo\/image\/\",\"url\":\"https:\/\/www.fgc.cat\/wp-content\/uploads\/2020\/06\/logo-FGC-square.png\",\"contentUrl\":\"https:\/\/www.fgc.cat\/wp-content\/uploads\/2020\/06\/logo-FGC-square.png\",\"width\":1024,\"height\":1024,\"caption\":\"Ferrocarrils de la Generalitat de Catalunya\"},\"image\":{\"@id\":\"https:\/\/www.fgc.cat\/es\/#\/schema\/logo\/image\/\"},\"sameAs\":[\"https:\/\/www.facebook.com\/fgcferrocarrils\",\"https:\/\/x.com\/FGC\",\"https:\/\/www.instagram.com\/fgc.cat\/?hl=es\",\"http:\/\/www.youtube.com\/user\/FGCferrocarrils\"]}]}<\/script>\n<!-- \/ Yoast SEO Premium plugin. -->","yoast_head_json":{"title":"Clasificaci\u00f3n y homologaci\u00f3n - FGC","description":"Accede a las licitaciones de FGC que tienen por objeto Sistema de clasificaci\u00f3n de contratistas y de homologaci\u00f3n tecnol\u00f3gica de equipamientos.","robots":{"index":"index","follow":"follow","max-snippet":"max-snippet:-1","max-image-preview":"max-image-preview:large","max-video-preview":"max-video-preview:-1"},"canonical":"https:\/\/www.fgc.cat\/es\/classificacio-i-homologacio\/","og_locale":"es_ES","og_type":"article","og_title":"Clasificaci\u00f3n y homologaci\u00f3n","og_description":"Accede a las licitaciones de FGC que tienen por objeto Sistema de clasificaci\u00f3n de contratistas y de homologaci\u00f3n tecnol\u00f3gica de equipamientos.","og_url":"https:\/\/www.fgc.cat\/es\/classificacio-i-homologacio\/","og_site_name":"Ferrocarrils de la Generalitat de Catalunya","article_publisher":"https:\/\/www.facebook.com\/fgcferrocarrils","article_modified_time":"2020-10-01T16:19:06+00:00","og_image":[{"width":3300,"height":2200,"url":"https:\/\/www.fgc.cat\/wp-content\/uploads\/2020\/06\/MONISTROL-MONTSERRAT-FGC-003-scaled.jpg","type":"image\/jpeg"}],"twitter_card":"summary_large_image","twitter_site":"@FGC","twitter_misc":{"Est. reading time":"3 minutos"},"schema":{"@context":"https:\/\/schema.org","@graph":[{"@type":"WebPage","@id":"https:\/\/www.fgc.cat\/es\/classificacio-i-homologacio\/","url":"https:\/\/www.fgc.cat\/es\/classificacio-i-homologacio\/","name":"Clasificaci\u00f3n y homologaci\u00f3n - FGC","isPartOf":{"@id":"https:\/\/www.fgc.cat\/es\/#website"},"datePublished":"2020-07-09T11:05:25+00:00","dateModified":"2020-10-01T16:19:06+00:00","description":"Accede a las licitaciones de FGC que tienen por objeto Sistema de clasificaci\u00f3n de contratistas y de homologaci\u00f3n tecnol\u00f3gica de equipamientos.","breadcrumb":{"@id":"https:\/\/www.fgc.cat\/es\/classificacio-i-homologacio\/#breadcrumb"},"inLanguage":"es","potentialAction":[{"@type":"ReadAction","target":["https:\/\/www.fgc.cat\/es\/classificacio-i-homologacio\/"]}]},{"@type":"BreadcrumbList","@id":"https:\/\/www.fgc.cat\/es\/classificacio-i-homologacio\/#breadcrumb","itemListElement":[{"@type":"ListItem","position":1,"name":"Portada","item":"https:\/\/www.fgc.cat\/es\/"},{"@type":"ListItem","position":2,"name":"Clasificaci\u00f3n y homologaci\u00f3n"}]},{"@type":"WebSite","@id":"https:\/\/www.fgc.cat\/es\/#website","url":"https:\/\/www.fgc.cat\/es\/","name":"FGC","description":"Ferrocarrils de la Generalitat de Catalunya","publisher":{"@id":"https:\/\/www.fgc.cat\/es\/#organization"},"potentialAction":[{"@type":"SearchAction","target":{"@type":"EntryPoint","urlTemplate":"https:\/\/www.fgc.cat\/es\/?s={search_term_string}"},"query-input":{"@type":"PropertyValueSpecification","valueRequired":true,"valueName":"search_term_string"}}],"inLanguage":"es"},{"@type":"Organization","@id":"https:\/\/www.fgc.cat\/es\/#organization","name":"Ferrocarrils de la Generalitat de Catalunya","url":"https:\/\/www.fgc.cat\/es\/","logo":{"@type":"ImageObject","inLanguage":"es","@id":"https:\/\/www.fgc.cat\/es\/#\/schema\/logo\/image\/","url":"https:\/\/www.fgc.cat\/wp-content\/uploads\/2020\/06\/logo-FGC-square.png","contentUrl":"https:\/\/www.fgc.cat\/wp-content\/uploads\/2020\/06\/logo-FGC-square.png","width":1024,"height":1024,"caption":"Ferrocarrils de la Generalitat de Catalunya"},"image":{"@id":"https:\/\/www.fgc.cat\/es\/#\/schema\/logo\/image\/"},"sameAs":["https:\/\/www.facebook.com\/fgcferrocarrils","https:\/\/x.com\/FGC","https:\/\/www.instagram.com\/fgc.cat\/?hl=es","http:\/\/www.youtube.com\/user\/FGCferrocarrils"]}]}},"publishpress_future_action":{"enabled":false,"date":"2026-04-12 13:38:48","action":"change-status","newStatus":"draft","terms":[],"taxonomy":"translation_priority","extraData":[]},"publishpress_future_workflow_manual_trigger":{"enabledWorkflows":[]},"_links":{"self":[{"href":"https:\/\/www.fgc.cat\/es\/wp-json\/wp\/v2\/pages\/27018","targetHints":{"allow":["GET"]}}],"collection":[{"href":"https:\/\/www.fgc.cat\/es\/wp-json\/wp\/v2\/pages"}],"about":[{"href":"https:\/\/www.fgc.cat\/es\/wp-json\/wp\/v2\/types\/page"}],"author":[{"embeddable":true,"href":"https:\/\/www.fgc.cat\/es\/wp-json\/wp\/v2\/users\/51"}],"replies":[{"embeddable":true,"href":"https:\/\/www.fgc.cat\/es\/wp-json\/wp\/v2\/comments?post=27018"}],"version-history":[{"count":9,"href":"https:\/\/www.fgc.cat\/es\/wp-json\/wp\/v2\/pages\/27018\/revisions"}],"predecessor-version":[{"id":27837,"href":"https:\/\/www.fgc.cat\/es\/wp-json\/wp\/v2\/pages\/27018\/revisions\/27837"}],"wp:attachment":[{"href":"https:\/\/www.fgc.cat\/es\/wp-json\/wp\/v2\/media?parent=27018"}],"curies":[{"name":"wp","href":"https:\/\/api.w.org\/{rel}","templated":true}]}}