{"id":27104,"date":"2020-07-17T12:43:42","date_gmt":"2020-07-17T10:43:42","guid":{"rendered":"https:\/\/www.fgc.cat\/?page_id=27104"},"modified":"2020-10-06T11:01:36","modified_gmt":"2020-10-06T09:01:36","slug":"licitaciones-y-adjudicaciones","status":"publish","type":"page","link":"https:\/\/www.fgc.cat\/es\/licitaciones-y-adjudicaciones\/","title":{"rendered":"Licitaciones y adjudicaciones"},"content":{"rendered":"<section class=\"l-section wpb_row height_medium\"><div class=\"l-section-h i-cf\"><div class=\"g-cols vc_row via_flex valign_top type_default stacking_default\"><div class=\"vc_col-sm-12 wpb_column vc_column_container\"><div class=\"vc_column-inner\"><div class=\"wpb_wrapper\">[vc_custom_heading text=\u00bbLicitaciones y adjudicaciones\u00bb font_container=\u00bbtag:h1|text_align:left\u00bb use_theme_fonts=\u00bbyes\u00bb]<div class=\"w-separator size_medium\"><\/div><div class=\"wpb_text_column us_custom_c68b46fb has_text_color\"><div class=\"wpb_wrapper\"><h3 style=\"text-align: left;\">Acceso a la Plataforma de servicios de contrataci\u00f3n p\u00fablica FGC<\/h3>\n<\/div><\/div><div class=\"wpb_text_column us_custom_039f3bd9 has_text_color\"><div class=\"wpb_wrapper\"><p>FGC publica su actividad contractual mediante la plataforma de contrataci\u00f3n p\u00fablica de la Generalitat de Catalunya a la que puede acceder con el enlace siguiente <a href=\"https:\/\/contractaciopublica.gencat.cat\/ecofin_pscp\/AppJava\/es_ES\/cap.pscp?reqCode=viewDetail&amp;keyword=ferrocarrils&amp;idCap=203649&amp;ambit=&amp;\">clicando aqu\u00ed<\/a><\/p>\n<\/div><\/div>[vc_empty_space height=\u00bb1px\u00bb]<\/div><\/div><\/div><\/div><\/div><\/section><section class=\"l-section wpb_row height_medium\"><div class=\"l-section-h i-cf\"><div class=\"g-cols vc_row via_flex valign_top type_default stacking_default\"><div class=\"vc_col-sm-12 wpb_column vc_column_container\"><div class=\"vc_column-inner\"><div class=\"wpb_wrapper\"><div class=\"wpb_text_column us_custom_b942dd68 has_text_color\"><div class=\"wpb_wrapper\"><h3 style=\"text-align: left;\">Acceso a la Plataforma de servicios de contrataci\u00f3n p\u00fablica de otras sociedades<\/h3>\n<\/div><\/div><div class=\"wpb_text_column us_custom_039f3bd9 has_text_color\"><div class=\"wpb_wrapper\"><p style=\"text-align: left;\">Las sociedades participadas por FGC tambi\u00e9n publican su actividad contractual en la plataforma de contrataci\u00f3n p\u00fablica de la Generalitat de Catalunya.<\/p>\n<p style=\"text-align: left;\">Puede acceder a los perfiles del contratante de las sociedades participadas por FGC a trav\u00e9s del <a href=\"https:\/\/www.fgc.cat\/es\/pagina-pscp-otras-sociedades\/\">enlace siguiente<\/a><\/p>\n<\/div><\/div>[vc_empty_space height=\u00bb1px\u00bb]<\/div><\/div><\/div><\/div><\/div><\/section><section class=\"l-section wpb_row height_medium\"><div class=\"l-section-h i-cf\"><div class=\"g-cols vc_row via_flex valign_top type_default stacking_default\"><div class=\"vc_col-sm-12 wpb_column vc_column_container\"><div class=\"vc_column-inner\"><div class=\"wpb_wrapper\"><div class=\"wpb_text_column us_custom_b942dd68 has_text_color\"><div class=\"wpb_wrapper\"><h3 style=\"text-align: left;\">Acceso a otras licitaciones propias de FGC<\/h3>\n<\/div><\/div><div class=\"wpb_text_column us_custom_039f3bd9 has_text_color\"><div class=\"wpb_wrapper\"><p style=\"text-align: left;\">Las licitaciones de FGC que no tienen por objeto la contrataci\u00f3n de obras, servicios o suministros como las explotaciones de negocios, alquileres u otras se publican en la web de FGC.<\/p>\n<p style=\"text-align: left;\">Puede acceder a ella mediante el <a href=\"https:\/\/www.fgc.cat\/es\/pagina-otras-licitaciones\/\">siguiente enlace<\/a><\/p>\n<\/div><\/div>[vc_empty_space height=\u00bb1px\u00bb]<\/div><\/div><\/div><\/div><\/div><\/section><section class=\"l-section wpb_row height_medium\"><div class=\"l-section-h i-cf\"><div class=\"g-cols vc_row via_flex valign_top type_default stacking_default\"><div class=\"vc_col-sm-12 wpb_column vc_column_container\"><div class=\"vc_column-inner\"><div class=\"wpb_wrapper\"><div class=\"wpb_text_column us_custom_b942dd68 has_text_color\"><div class=\"wpb_wrapper\"><h3 style=\"text-align: left;\">Sistemas de clasificaci\u00f3n y homologaci\u00f3n<\/h3>\n<\/div><\/div><div class=\"wpb_text_column us_custom_039f3bd9 has_text_color\"><div class=\"wpb_wrapper\"><p style=\"text-align: left;\">La publicidad relacionada con los sistemas de clasificaci\u00f3n y homologaci\u00f3n de proveedores para determinados suministros y servicios se realiza mediante la web de FGC.<\/p>\n<p style=\"text-align: left;\">Puede acceder a ella mediante el <a href=\"https:\/\/www.fgc.cat\/es\/pagina-classificacio-i-homologacio\/\">siguiente enlace<\/a><\/p>\n<\/div><\/div><div class=\"w-separator size_medium\"><\/div><\/div><\/div><\/div><\/div><\/div><\/section><section class=\"l-section wpb_row height_medium\"><div class=\"l-section-h i-cf\"><div class=\"g-cols vc_row via_flex valign_top type_default stacking_default\"><div class=\"vc_col-sm-12 wpb_column vc_column_container\"><div class=\"vc_column-inner\"><div class=\"wpb_wrapper\"><\/div><\/div><\/div><\/div><\/div><\/section>\n","protected":false},"excerpt":{"rendered":"[vc_custom_heading text=\"Licitaciones y adjudicaciones\" font_container=\"tag:h1|text_align:left\" use_theme_fonts=\"yes\"]Acceso a la Plataforma de servicios de contrataci\u00f3n p\u00fablica FGC FGC publica su actividad contractual mediante la plataforma de contrataci\u00f3n p\u00fablica de la Generalitat de Catalunya a la que puede acceder con el enlace siguiente clicando aqu\u00ed [vc_empty_space height=\"1px\"]Acceso a la Plataforma de servicios de contrataci\u00f3n p\u00fablica de otras sociedades...","protected":false},"author":51,"featured_media":0,"parent":0,"menu_order":0,"comment_status":"closed","ping_status":"closed","template":"","meta":{"footnotes":""},"class_list":["post-27104","page","type-page","status-publish","hentry"],"yoast_head":"<!-- This site is optimized with the Yoast SEO Premium plugin v27.2 (Yoast SEO v27.2) - https:\/\/yoast.com\/product\/yoast-seo-premium-wordpress\/ -->\n<title>Licitaciones y adjudicaciones - FGC<\/title>\n<meta name=\"description\" content=\"Visita la web para tener acceso a la Plataforma de Servicios de Contrataci\u00f3n P\u00fablica de FGC y de otras sociedades, as\u00ed como de otras licitaciones propias.\" \/>\n<meta name=\"robots\" content=\"index, follow, max-snippet:-1, max-image-preview:large, max-video-preview:-1\" \/>\n<link rel=\"canonical\" href=\"https:\/\/www.fgc.cat\/es\/licitaciones-y-adjudicaciones\/\" \/>\n<meta property=\"og:locale\" content=\"es_ES\" \/>\n<meta property=\"og:type\" content=\"article\" \/>\n<meta property=\"og:title\" content=\"Licitaciones y adjudicaciones\" \/>\n<meta property=\"og:description\" content=\"Visita la web para tener acceso a la Plataforma de Servicios de Contrataci\u00f3n P\u00fablica de FGC y de otras sociedades, as\u00ed como de otras licitaciones propias.\" \/>\n<meta property=\"og:url\" content=\"https:\/\/www.fgc.cat\/es\/licitaciones-y-adjudicaciones\/\" \/>\n<meta property=\"og:site_name\" content=\"Ferrocarrils de la Generalitat de Catalunya\" \/>\n<meta property=\"article:publisher\" content=\"https:\/\/www.facebook.com\/fgcferrocarrils\" \/>\n<meta property=\"article:modified_time\" content=\"2020-10-06T09:01:36+00:00\" \/>\n<meta property=\"og:image\" content=\"https:\/\/www.fgc.cat\/wp-content\/uploads\/2020\/06\/MONISTROL-MONTSERRAT-FGC-003-scaled.jpg\" \/>\n\t<meta property=\"og:image:width\" content=\"3300\" \/>\n\t<meta property=\"og:image:height\" content=\"2200\" \/>\n\t<meta property=\"og:image:type\" content=\"image\/jpeg\" \/>\n<meta name=\"twitter:card\" content=\"summary_large_image\" \/>\n<meta name=\"twitter:site\" content=\"@FGC\" \/>\n<meta name=\"twitter:label1\" content=\"Est. reading time\" \/>\n\t<meta name=\"twitter:data1\" content=\"2 minutos\" \/>\n<script type=\"application\/ld+json\" class=\"yoast-schema-graph\">{\"@context\":\"https:\/\/schema.org\",\"@graph\":[{\"@type\":\"WebPage\",\"@id\":\"https:\/\/www.fgc.cat\/es\/licitaciones-y-adjudicaciones\/\",\"url\":\"https:\/\/www.fgc.cat\/es\/licitaciones-y-adjudicaciones\/\",\"name\":\"Licitaciones y adjudicaciones - FGC\",\"isPartOf\":{\"@id\":\"https:\/\/www.fgc.cat\/es\/#website\"},\"datePublished\":\"2020-07-17T10:43:42+00:00\",\"dateModified\":\"2020-10-06T09:01:36+00:00\",\"description\":\"Visita la web para tener acceso a la Plataforma de Servicios de Contrataci\u00f3n P\u00fablica de FGC y de otras sociedades, as\u00ed como de otras licitaciones propias.\",\"breadcrumb\":{\"@id\":\"https:\/\/www.fgc.cat\/es\/licitaciones-y-adjudicaciones\/#breadcrumb\"},\"inLanguage\":\"es\",\"potentialAction\":[{\"@type\":\"ReadAction\",\"target\":[\"https:\/\/www.fgc.cat\/es\/licitaciones-y-adjudicaciones\/\"]}]},{\"@type\":\"BreadcrumbList\",\"@id\":\"https:\/\/www.fgc.cat\/es\/licitaciones-y-adjudicaciones\/#breadcrumb\",\"itemListElement\":[{\"@type\":\"ListItem\",\"position\":1,\"name\":\"Portada\",\"item\":\"https:\/\/www.fgc.cat\/es\/\"},{\"@type\":\"ListItem\",\"position\":2,\"name\":\"Licitaciones y adjudicaciones\"}]},{\"@type\":\"WebSite\",\"@id\":\"https:\/\/www.fgc.cat\/es\/#website\",\"url\":\"https:\/\/www.fgc.cat\/es\/\",\"name\":\"FGC\",\"description\":\"Ferrocarrils de la Generalitat de Catalunya\",\"publisher\":{\"@id\":\"https:\/\/www.fgc.cat\/es\/#organization\"},\"potentialAction\":[{\"@type\":\"SearchAction\",\"target\":{\"@type\":\"EntryPoint\",\"urlTemplate\":\"https:\/\/www.fgc.cat\/es\/?s={search_term_string}\"},\"query-input\":{\"@type\":\"PropertyValueSpecification\",\"valueRequired\":true,\"valueName\":\"search_term_string\"}}],\"inLanguage\":\"es\"},{\"@type\":\"Organization\",\"@id\":\"https:\/\/www.fgc.cat\/es\/#organization\",\"name\":\"Ferrocarrils de la Generalitat de Catalunya\",\"url\":\"https:\/\/www.fgc.cat\/es\/\",\"logo\":{\"@type\":\"ImageObject\",\"inLanguage\":\"es\",\"@id\":\"https:\/\/www.fgc.cat\/es\/#\/schema\/logo\/image\/\",\"url\":\"https:\/\/www.fgc.cat\/wp-content\/uploads\/2020\/06\/logo-FGC-square.png\",\"contentUrl\":\"https:\/\/www.fgc.cat\/wp-content\/uploads\/2020\/06\/logo-FGC-square.png\",\"width\":1024,\"height\":1024,\"caption\":\"Ferrocarrils de la Generalitat de Catalunya\"},\"image\":{\"@id\":\"https:\/\/www.fgc.cat\/es\/#\/schema\/logo\/image\/\"},\"sameAs\":[\"https:\/\/www.facebook.com\/fgcferrocarrils\",\"https:\/\/x.com\/FGC\",\"https:\/\/www.instagram.com\/fgc.cat\/?hl=es\",\"http:\/\/www.youtube.com\/user\/FGCferrocarrils\"]}]}<\/script>\n<!-- \/ Yoast SEO Premium plugin. -->","yoast_head_json":{"title":"Licitaciones y adjudicaciones - FGC","description":"Visita la web para tener acceso a la Plataforma de Servicios de Contrataci\u00f3n P\u00fablica de FGC y de otras sociedades, as\u00ed como de otras licitaciones propias.","robots":{"index":"index","follow":"follow","max-snippet":"max-snippet:-1","max-image-preview":"max-image-preview:large","max-video-preview":"max-video-preview:-1"},"canonical":"https:\/\/www.fgc.cat\/es\/licitaciones-y-adjudicaciones\/","og_locale":"es_ES","og_type":"article","og_title":"Licitaciones y adjudicaciones","og_description":"Visita la web para tener acceso a la Plataforma de Servicios de Contrataci\u00f3n P\u00fablica de FGC y de otras sociedades, as\u00ed como de otras licitaciones propias.","og_url":"https:\/\/www.fgc.cat\/es\/licitaciones-y-adjudicaciones\/","og_site_name":"Ferrocarrils de la Generalitat de Catalunya","article_publisher":"https:\/\/www.facebook.com\/fgcferrocarrils","article_modified_time":"2020-10-06T09:01:36+00:00","og_image":[{"width":3300,"height":2200,"url":"https:\/\/www.fgc.cat\/wp-content\/uploads\/2020\/06\/MONISTROL-MONTSERRAT-FGC-003-scaled.jpg","type":"image\/jpeg"}],"twitter_card":"summary_large_image","twitter_site":"@FGC","twitter_misc":{"Est. reading time":"2 minutos"},"schema":{"@context":"https:\/\/schema.org","@graph":[{"@type":"WebPage","@id":"https:\/\/www.fgc.cat\/es\/licitaciones-y-adjudicaciones\/","url":"https:\/\/www.fgc.cat\/es\/licitaciones-y-adjudicaciones\/","name":"Licitaciones y adjudicaciones - FGC","isPartOf":{"@id":"https:\/\/www.fgc.cat\/es\/#website"},"datePublished":"2020-07-17T10:43:42+00:00","dateModified":"2020-10-06T09:01:36+00:00","description":"Visita la web para tener acceso a la Plataforma de Servicios de Contrataci\u00f3n P\u00fablica de FGC y de otras sociedades, as\u00ed como de otras licitaciones propias.","breadcrumb":{"@id":"https:\/\/www.fgc.cat\/es\/licitaciones-y-adjudicaciones\/#breadcrumb"},"inLanguage":"es","potentialAction":[{"@type":"ReadAction","target":["https:\/\/www.fgc.cat\/es\/licitaciones-y-adjudicaciones\/"]}]},{"@type":"BreadcrumbList","@id":"https:\/\/www.fgc.cat\/es\/licitaciones-y-adjudicaciones\/#breadcrumb","itemListElement":[{"@type":"ListItem","position":1,"name":"Portada","item":"https:\/\/www.fgc.cat\/es\/"},{"@type":"ListItem","position":2,"name":"Licitaciones y adjudicaciones"}]},{"@type":"WebSite","@id":"https:\/\/www.fgc.cat\/es\/#website","url":"https:\/\/www.fgc.cat\/es\/","name":"FGC","description":"Ferrocarrils de la Generalitat de Catalunya","publisher":{"@id":"https:\/\/www.fgc.cat\/es\/#organization"},"potentialAction":[{"@type":"SearchAction","target":{"@type":"EntryPoint","urlTemplate":"https:\/\/www.fgc.cat\/es\/?s={search_term_string}"},"query-input":{"@type":"PropertyValueSpecification","valueRequired":true,"valueName":"search_term_string"}}],"inLanguage":"es"},{"@type":"Organization","@id":"https:\/\/www.fgc.cat\/es\/#organization","name":"Ferrocarrils de la Generalitat de Catalunya","url":"https:\/\/www.fgc.cat\/es\/","logo":{"@type":"ImageObject","inLanguage":"es","@id":"https:\/\/www.fgc.cat\/es\/#\/schema\/logo\/image\/","url":"https:\/\/www.fgc.cat\/wp-content\/uploads\/2020\/06\/logo-FGC-square.png","contentUrl":"https:\/\/www.fgc.cat\/wp-content\/uploads\/2020\/06\/logo-FGC-square.png","width":1024,"height":1024,"caption":"Ferrocarrils de la Generalitat de Catalunya"},"image":{"@id":"https:\/\/www.fgc.cat\/es\/#\/schema\/logo\/image\/"},"sameAs":["https:\/\/www.facebook.com\/fgcferrocarrils","https:\/\/x.com\/FGC","https:\/\/www.instagram.com\/fgc.cat\/?hl=es","http:\/\/www.youtube.com\/user\/FGCferrocarrils"]}]}},"publishpress_future_action":{"enabled":false,"date":"2026-04-12 05:48:45","action":"change-status","newStatus":"draft","terms":[],"taxonomy":"translation_priority","extraData":[]},"publishpress_future_workflow_manual_trigger":{"enabledWorkflows":[]},"_links":{"self":[{"href":"https:\/\/www.fgc.cat\/es\/wp-json\/wp\/v2\/pages\/27104","targetHints":{"allow":["GET"]}}],"collection":[{"href":"https:\/\/www.fgc.cat\/es\/wp-json\/wp\/v2\/pages"}],"about":[{"href":"https:\/\/www.fgc.cat\/es\/wp-json\/wp\/v2\/types\/page"}],"author":[{"embeddable":true,"href":"https:\/\/www.fgc.cat\/es\/wp-json\/wp\/v2\/users\/51"}],"replies":[{"embeddable":true,"href":"https:\/\/www.fgc.cat\/es\/wp-json\/wp\/v2\/comments?post=27104"}],"version-history":[{"count":9,"href":"https:\/\/www.fgc.cat\/es\/wp-json\/wp\/v2\/pages\/27104\/revisions"}],"predecessor-version":[{"id":29193,"href":"https:\/\/www.fgc.cat\/es\/wp-json\/wp\/v2\/pages\/27104\/revisions\/29193"}],"wp:attachment":[{"href":"https:\/\/www.fgc.cat\/es\/wp-json\/wp\/v2\/media?parent=27104"}],"curies":[{"name":"wp","href":"https:\/\/api.w.org\/{rel}","templated":true}]}}