{"id":27109,"date":"2020-07-17T12:56:21","date_gmt":"2020-07-17T10:56:21","guid":{"rendered":"https:\/\/www.fgc.cat\/?page_id=27109"},"modified":"2020-10-06T10:49:54","modified_gmt":"2020-10-06T08:49:54","slug":"portal-del-contratista","status":"publish","type":"page","link":"https:\/\/www.fgc.cat\/es\/portal-del-contratista\/","title":{"rendered":"Portal del contratista"},"content":{"rendered":"<section class=\"l-section wpb_row us_custom_7628a107 height_medium\"><div class=\"l-section-h i-cf\"><div class=\"g-cols vc_row via_flex valign_top type_default stacking_default\"><div class=\"vc_col-sm-3 wpb_column vc_column_container has_bg_color\"><div class=\"vc_column-inner us_custom_a5f3856a\"><div class=\"wpb_wrapper\">[vc_custom_heading text=\u00bbPortal del contratista\u00bb font_container=\u00bbtag:h1|text_align:left\u00bb use_theme_fonts=\u00bbyes\u00bb]<div class=\"wpb_text_column us_custom_b942dd68 has_text_color\"><div class=\"wpb_wrapper\"><p><strong>Condiciones generales de contrataci\u00f3n<\/strong><\/p>\n<div id=\"gtx-trans\" style=\"position: absolute; left: -104px; top: -17px;\">\n<div class=\"gtx-trans-icon\"><\/div>\n<\/div>\n<\/div><\/div><div class=\"wpb_text_column us_custom_d8aa2368 has_text_color\"><div class=\"wpb_wrapper\"><p>Condiciones de aplicaci\u00f3n en los pedidos formalizados por FGC.<\/p>\n<p>&nbsp;<\/p>\n<\/div><\/div><div class=\"wpb_text_column us_custom_1bd02830\"><div class=\"wpb_wrapper\"><div><\/div>\n<div><\/div>\n<div><\/div>\n<div><\/div>\n<div style=\"width: 210px; float: left; position: relative; top: -40px; text-align: left;\"><div class=\"fgc-button\">\n                <a href=\"https:\/\/www.fgc.cat\/wp-content\/uploads\/2018\/03\/Condicions-Generals-de-Contractacio---Versio---14-03-13.pdf\"  target=\"_self\" title=\"\" data-tipo=\"\" class=\"\">\n                   \t<div class=\"fgc-button-content\">\n                        Ver\n                        <i class=\"fgc-button-icon fa-solid fa-arrow-right  aria-hidden=\"true\"><\/i>\n                    <\/div>\n                <\/a>\n             <\/div><\/div>\n<\/div><\/div><\/div><\/div><\/div><div class=\"vc_col-sm-6 wpb_column vc_column_container has_bg_color\"><div class=\"vc_column-inner us_custom_4fb9e5a3\"><div class=\"wpb_wrapper\"><div class=\"wpb_text_column us_custom_d34a5cad has_text_color\"><div class=\"wpb_wrapper\"><p style=\"text-align: left;\"><strong>Condiciones de alta de proveedores<\/strong><\/p>\n<\/div><\/div><div class=\"wpb_text_column us_custom_30fa3b4b has_text_color\"><div class=\"wpb_wrapper\"><p style=\"text-align: left;\">Las empresas que hayan sido previamente requeridas por FGC para ser dadas de alta como proveedoras, ya sea mediante una petici\u00f3n de oferta o a trav\u00e9s de un expediente de contrataci\u00f3n, o bien que requieran la actualizaci\u00f3n de alguno de los datos ya comunicados, deben presentar la documentaci\u00f3n necesaria a tal fin que se encuentra disponible en el siguiente enlace<\/p>\n<\/div><\/div><div class=\"wpb_text_column us_custom_62d98d6c\"><div class=\"wpb_wrapper\"><div style=\"width: 210px; float: left; position: relative; top: -40px; text-align: left;\"><div class=\"fgc-button\">\n                <a href=\"https:\/\/www.fgc.cat\/es\/portal-del-contratista\/condicions-dalta-de-proveidors\/\"  target=\"_self\" title=\"\" data-tipo=\"\" class=\"\">\n                   \t<div class=\"fgc-button-content\">\n                        Ver\n                        <i class=\"fgc-button-icon fa-solid fa-arrow-right  aria-hidden=\"true\"><\/i>\n                    <\/div>\n                <\/a>\n             <\/div><\/div>\n<\/div><\/div><\/div><\/div><\/div><div class=\"vc_col-sm-3 wpb_column vc_column_container has_bg_color\"><div class=\"vc_column-inner us_custom_4fb9e5a3\"><div class=\"wpb_wrapper\"><div class=\"wpb_text_column us_custom_efce2600 has_text_color\"><div class=\"wpb_wrapper\"><p style=\"text-align: left;\"><strong>Condiciones para la facturaci\u00f3n electr\u00f3nica<\/strong><\/p>\n<\/div><\/div><div class=\"wpb_text_column us_custom_c3ff860c has_text_color\"><div class=\"wpb_wrapper\"><p style=\"text-align: left;\">Las facturas deben llegar en formato electr\u00f3nico a trav\u00e9s del portal de facturaci\u00f3n de la Generalitat de Catalunya (GEFACT) y se har\u00e1 constar el n\u00famero identificativo de la recepci\u00f3n en FGC del suministro, obra o servicio.<\/p>\n<p>[DOCUMENTOS EN CONSTRUCCI\u00d3N]<\/p>\n<\/div><\/div><div class=\"wpb_text_column us_custom_1bd02830\"><div class=\"wpb_wrapper\"><div style=\"width: 210px; float: left; position: relative; top: -40px; text-align: left;\"><div class=\"fgc-button\">\n                <a href=\"\"  target=\"_self\" title=\"\" data-tipo=\"\" class=\"\">\n                   \t<div class=\"fgc-button-content\">\n                        Ver\n                        <i class=\"fgc-button-icon fa-solid fa-arrow-right  aria-hidden=\"true\"><\/i>\n                    <\/div>\n                <\/a>\n             <\/div><\/div>\n<\/div><\/div><\/div><\/div><\/div><\/div><\/div><\/section><section class=\"l-section wpb_row us_custom_7628a107 height_medium\"><div class=\"l-section-h i-cf\"><div class=\"g-cols vc_row via_flex valign_top type_default stacking_default\"><div class=\"vc_col-sm-3 wpb_column vc_column_container has_bg_color\"><div class=\"vc_column-inner us_custom_a5f3856a\"><div class=\"wpb_wrapper\"><div class=\"wpb_text_column us_custom_b942dd68 has_text_color\"><div class=\"wpb_wrapper\"><p><strong>Coordinaci\u00f3n de actividades empresariales<\/strong><\/p>\n<div id=\"gtx-trans\" style=\"position: absolute; left: -189px; top: 31px;\">\n<div class=\"gtx-trans-icon\"><\/div>\n<\/div>\n<\/div><\/div><div class=\"wpb_text_column us_custom_c3ff860c has_text_color\"><div class=\"wpb_wrapper\"><p>Protocolo de actuaci\u00f3n para empresas externas que trabajen en instalaciones de FGC<\/p>\n<\/div><\/div><div class=\"wpb_text_column us_custom_1bd02830\"><div class=\"wpb_wrapper\"><div style=\"width: 210px; float: left; position: relative; top: -40px; text-align: center;\"><div class=\"fgc-button\">\n                <a href=\"https:\/\/www.fgc.cat\/es\/portal-del-contratista\/coordinacio-dactivitats-empresarials\/\"  target=\"_self\" title=\"\" data-tipo=\"\" class=\"\">\n                   \t<div class=\"fgc-button-content\">\n                        Ver\n                        <i class=\"fgc-button-icon fa-solid fa-arrow-right  aria-hidden=\"true\"><\/i>\n                    <\/div>\n                <\/a>\n             <\/div><\/div>\n<div><\/div>\n<\/div><\/div><\/div><\/div><\/div><div class=\"vc_col-sm-6 wpb_column vc_column_container has_bg_color\"><div class=\"vc_column-inner us_custom_4fb9e5a3\"><div class=\"wpb_wrapper\"><div class=\"wpb_text_column us_custom_d34a5cad has_text_color\"><div class=\"wpb_wrapper\"><p style=\"text-align: left;\"><strong>Civismo en FGC<\/strong><\/p>\n<\/div><\/div><div class=\"wpb_text_column us_custom_30fa3b4b has_text_color\"><div class=\"wpb_wrapper\"><p style=\"text-align: left;\">Adhesi\u00f3n de los contratistas a la reducci\u00f3n de conductas inc\u00edvicas<\/p>\n<p>&nbsp;<\/p>\n<\/div><\/div><div class=\"wpb_text_column us_custom_f7065055\"><div class=\"wpb_wrapper\"><div style=\"width: 210px; float: left; position: relative; top: -40px; text-align: center;\"><div class=\"fgc-button\">\n                <a href=\"https:\/\/www.fgc.cat\/wp-content\/uploads\/2018\/03\/ADHESIO-I-COMPROMIS-CONTRACTISTES-v6-catala.pdf\"  target=\"_self\" title=\"\" data-tipo=\"\" class=\"\">\n                   \t<div class=\"fgc-button-content\">\n                        Ver\n                        <i class=\"fgc-button-icon fa-solid fa-arrow-right  aria-hidden=\"true\"><\/i>\n                    <\/div>\n                <\/a>\n             <\/div><\/div>\n<\/div><\/div><\/div><\/div><\/div><div class=\"vc_col-sm-3 wpb_column vc_column_container has_bg_color\"><div class=\"vc_column-inner us_custom_4fb9e5a3\"><div class=\"wpb_wrapper\"><\/div><\/div><\/div><\/div><\/div><\/section><section class=\"l-section wpb_row height_medium\"><div class=\"l-section-h i-cf\"><div class=\"g-cols vc_row via_flex valign_top type_default stacking_default\"><div class=\"vc_col-sm-12 wpb_column vc_column_container\"><div class=\"vc_column-inner\"><div class=\"wpb_wrapper\"><\/div><\/div><\/div><\/div><\/div><\/section>\n","protected":false},"excerpt":{"rendered":"[vc_custom_heading text=\"Portal del contratista\" font_container=\"tag:h1|text_align:left\" use_theme_fonts=\"yes\"]Condiciones generales de contrataci\u00f3n Condiciones de aplicaci\u00f3n en los pedidos formalizados por FGC. &nbsp; Ver Condiciones para la facturaci\u00f3n electr\u00f3nica Las facturas deben llegar en formato electr\u00f3nico a trav\u00e9s del portal de facturaci\u00f3n de la Generalitat de Catalunya (GEFACT) y se har\u00e1 constar el n\u00famero identificativo de la recepci\u00f3n en...","protected":false},"author":51,"featured_media":0,"parent":0,"menu_order":0,"comment_status":"closed","ping_status":"closed","template":"","meta":{"footnotes":""},"class_list":["post-27109","page","type-page","status-publish","hentry"],"yoast_head":"<!-- This site is optimized with the Yoast SEO Premium plugin v27.3 (Yoast SEO v27.3) - https:\/\/yoast.com\/product\/yoast-seo-premium-wordpress\/ -->\n<title>El Portal del contratista - FGC<\/title>\n<meta name=\"description\" content=\"Descubre las condiciones generales de contrataci\u00f3n, las condiciones de alta de proveedores y las condiciones para la facturaci\u00f3n electr\u00f3nica. Visita la web.\" \/>\n<meta name=\"robots\" content=\"index, follow, max-snippet:-1, max-image-preview:large, max-video-preview:-1\" \/>\n<link rel=\"canonical\" href=\"https:\/\/www.fgc.cat\/es\/portal-del-contratista\/\" \/>\n<meta property=\"og:locale\" content=\"es_ES\" \/>\n<meta property=\"og:type\" content=\"article\" \/>\n<meta property=\"og:title\" content=\"Portal del contratista\" \/>\n<meta property=\"og:description\" content=\"Descubre las condiciones generales de contrataci\u00f3n, las condiciones de alta de proveedores y las condiciones para la facturaci\u00f3n electr\u00f3nica. Visita la web.\" \/>\n<meta property=\"og:url\" content=\"https:\/\/www.fgc.cat\/es\/portal-del-contratista\/\" \/>\n<meta property=\"og:site_name\" content=\"Ferrocarrils de la Generalitat de Catalunya\" \/>\n<meta property=\"article:publisher\" content=\"https:\/\/www.facebook.com\/fgcferrocarrils\" \/>\n<meta property=\"article:modified_time\" content=\"2020-10-06T08:49:54+00:00\" \/>\n<meta property=\"og:image\" content=\"https:\/\/www.fgc.cat\/wp-content\/uploads\/2020\/06\/MONISTROL-MONTSERRAT-FGC-003-scaled.jpg\" \/>\n\t<meta property=\"og:image:width\" content=\"3300\" \/>\n\t<meta property=\"og:image:height\" content=\"2200\" \/>\n\t<meta property=\"og:image:type\" content=\"image\/jpeg\" \/>\n<meta name=\"twitter:card\" content=\"summary_large_image\" \/>\n<meta name=\"twitter:site\" content=\"@FGC\" \/>\n<meta name=\"twitter:label1\" content=\"Tiempo de lectura\" \/>\n\t<meta name=\"twitter:data1\" content=\"5 minutos\" \/>\n<script type=\"application\/ld+json\" class=\"yoast-schema-graph\">{\"@context\":\"https:\\\/\\\/schema.org\",\"@graph\":[{\"@type\":\"WebPage\",\"@id\":\"https:\\\/\\\/www.fgc.cat\\\/es\\\/portal-del-contratista\\\/\",\"url\":\"https:\\\/\\\/www.fgc.cat\\\/es\\\/portal-del-contratista\\\/\",\"name\":\"El Portal del contratista - FGC\",\"isPartOf\":{\"@id\":\"https:\\\/\\\/www.fgc.cat\\\/es\\\/#website\"},\"datePublished\":\"2020-07-17T10:56:21+00:00\",\"dateModified\":\"2020-10-06T08:49:54+00:00\",\"description\":\"Descubre las condiciones generales de contrataci\u00f3n, las condiciones de alta de proveedores y las condiciones para la facturaci\u00f3n electr\u00f3nica. Visita la web.\",\"breadcrumb\":{\"@id\":\"https:\\\/\\\/www.fgc.cat\\\/es\\\/portal-del-contratista\\\/#breadcrumb\"},\"inLanguage\":\"es\",\"potentialAction\":[{\"@type\":\"ReadAction\",\"target\":[\"https:\\\/\\\/www.fgc.cat\\\/es\\\/portal-del-contratista\\\/\"]}]},{\"@type\":\"BreadcrumbList\",\"@id\":\"https:\\\/\\\/www.fgc.cat\\\/es\\\/portal-del-contratista\\\/#breadcrumb\",\"itemListElement\":[{\"@type\":\"ListItem\",\"position\":1,\"name\":\"Portada\",\"item\":\"https:\\\/\\\/www.fgc.cat\\\/es\\\/\"},{\"@type\":\"ListItem\",\"position\":2,\"name\":\"Portal del contratista\"}]},{\"@type\":\"WebSite\",\"@id\":\"https:\\\/\\\/www.fgc.cat\\\/es\\\/#website\",\"url\":\"https:\\\/\\\/www.fgc.cat\\\/es\\\/\",\"name\":\"FGC\",\"description\":\"Ferrocarrils de la Generalitat de Catalunya\",\"publisher\":{\"@id\":\"https:\\\/\\\/www.fgc.cat\\\/es\\\/#organization\"},\"potentialAction\":[{\"@type\":\"SearchAction\",\"target\":{\"@type\":\"EntryPoint\",\"urlTemplate\":\"https:\\\/\\\/www.fgc.cat\\\/es\\\/?s={search_term_string}\"},\"query-input\":{\"@type\":\"PropertyValueSpecification\",\"valueRequired\":true,\"valueName\":\"search_term_string\"}}],\"inLanguage\":\"es\"},{\"@type\":\"Organization\",\"@id\":\"https:\\\/\\\/www.fgc.cat\\\/es\\\/#organization\",\"name\":\"Ferrocarrils de la Generalitat de Catalunya\",\"url\":\"https:\\\/\\\/www.fgc.cat\\\/es\\\/\",\"logo\":{\"@type\":\"ImageObject\",\"inLanguage\":\"es\",\"@id\":\"https:\\\/\\\/www.fgc.cat\\\/es\\\/#\\\/schema\\\/logo\\\/image\\\/\",\"url\":\"https:\\\/\\\/www.fgc.cat\\\/wp-content\\\/uploads\\\/2020\\\/06\\\/logo-FGC-square.png\",\"contentUrl\":\"https:\\\/\\\/www.fgc.cat\\\/wp-content\\\/uploads\\\/2020\\\/06\\\/logo-FGC-square.png\",\"width\":1024,\"height\":1024,\"caption\":\"Ferrocarrils de la Generalitat de Catalunya\"},\"image\":{\"@id\":\"https:\\\/\\\/www.fgc.cat\\\/es\\\/#\\\/schema\\\/logo\\\/image\\\/\"},\"sameAs\":[\"https:\\\/\\\/www.facebook.com\\\/fgcferrocarrils\",\"https:\\\/\\\/x.com\\\/FGC\",\"https:\\\/\\\/www.instagram.com\\\/fgc.cat\\\/?hl=es\",\"http:\\\/\\\/www.youtube.com\\\/user\\\/FGCferrocarrils\"]}]}<\/script>\n<!-- \/ Yoast SEO Premium plugin. -->","yoast_head_json":{"title":"El Portal del contratista - FGC","description":"Descubre las condiciones generales de contrataci\u00f3n, las condiciones de alta de proveedores y las condiciones para la facturaci\u00f3n electr\u00f3nica. Visita la web.","robots":{"index":"index","follow":"follow","max-snippet":"max-snippet:-1","max-image-preview":"max-image-preview:large","max-video-preview":"max-video-preview:-1"},"canonical":"https:\/\/www.fgc.cat\/es\/portal-del-contratista\/","og_locale":"es_ES","og_type":"article","og_title":"Portal del contratista","og_description":"Descubre las condiciones generales de contrataci\u00f3n, las condiciones de alta de proveedores y las condiciones para la facturaci\u00f3n electr\u00f3nica. Visita la web.","og_url":"https:\/\/www.fgc.cat\/es\/portal-del-contratista\/","og_site_name":"Ferrocarrils de la Generalitat de Catalunya","article_publisher":"https:\/\/www.facebook.com\/fgcferrocarrils","article_modified_time":"2020-10-06T08:49:54+00:00","og_image":[{"width":3300,"height":2200,"url":"https:\/\/www.fgc.cat\/wp-content\/uploads\/2020\/06\/MONISTROL-MONTSERRAT-FGC-003-scaled.jpg","type":"image\/jpeg"}],"twitter_card":"summary_large_image","twitter_site":"@FGC","twitter_misc":{"Tiempo de lectura":"5 minutos"},"schema":{"@context":"https:\/\/schema.org","@graph":[{"@type":"WebPage","@id":"https:\/\/www.fgc.cat\/es\/portal-del-contratista\/","url":"https:\/\/www.fgc.cat\/es\/portal-del-contratista\/","name":"El Portal del contratista - FGC","isPartOf":{"@id":"https:\/\/www.fgc.cat\/es\/#website"},"datePublished":"2020-07-17T10:56:21+00:00","dateModified":"2020-10-06T08:49:54+00:00","description":"Descubre las condiciones generales de contrataci\u00f3n, las condiciones de alta de proveedores y las condiciones para la facturaci\u00f3n electr\u00f3nica. Visita la web.","breadcrumb":{"@id":"https:\/\/www.fgc.cat\/es\/portal-del-contratista\/#breadcrumb"},"inLanguage":"es","potentialAction":[{"@type":"ReadAction","target":["https:\/\/www.fgc.cat\/es\/portal-del-contratista\/"]}]},{"@type":"BreadcrumbList","@id":"https:\/\/www.fgc.cat\/es\/portal-del-contratista\/#breadcrumb","itemListElement":[{"@type":"ListItem","position":1,"name":"Portada","item":"https:\/\/www.fgc.cat\/es\/"},{"@type":"ListItem","position":2,"name":"Portal del contratista"}]},{"@type":"WebSite","@id":"https:\/\/www.fgc.cat\/es\/#website","url":"https:\/\/www.fgc.cat\/es\/","name":"FGC","description":"Ferrocarrils de la Generalitat de Catalunya","publisher":{"@id":"https:\/\/www.fgc.cat\/es\/#organization"},"potentialAction":[{"@type":"SearchAction","target":{"@type":"EntryPoint","urlTemplate":"https:\/\/www.fgc.cat\/es\/?s={search_term_string}"},"query-input":{"@type":"PropertyValueSpecification","valueRequired":true,"valueName":"search_term_string"}}],"inLanguage":"es"},{"@type":"Organization","@id":"https:\/\/www.fgc.cat\/es\/#organization","name":"Ferrocarrils de la Generalitat de Catalunya","url":"https:\/\/www.fgc.cat\/es\/","logo":{"@type":"ImageObject","inLanguage":"es","@id":"https:\/\/www.fgc.cat\/es\/#\/schema\/logo\/image\/","url":"https:\/\/www.fgc.cat\/wp-content\/uploads\/2020\/06\/logo-FGC-square.png","contentUrl":"https:\/\/www.fgc.cat\/wp-content\/uploads\/2020\/06\/logo-FGC-square.png","width":1024,"height":1024,"caption":"Ferrocarrils de la Generalitat de Catalunya"},"image":{"@id":"https:\/\/www.fgc.cat\/es\/#\/schema\/logo\/image\/"},"sameAs":["https:\/\/www.facebook.com\/fgcferrocarrils","https:\/\/x.com\/FGC","https:\/\/www.instagram.com\/fgc.cat\/?hl=es","http:\/\/www.youtube.com\/user\/FGCferrocarrils"]}]}},"publishpress_future_action":{"enabled":false,"date":"2026-04-22 09:09:21","action":"change-status","newStatus":"draft","terms":[],"taxonomy":"translation_priority","extraData":[]},"publishpress_future_workflow_manual_trigger":{"enabledWorkflows":[]},"_links":{"self":[{"href":"https:\/\/www.fgc.cat\/es\/wp-json\/wp\/v2\/pages\/27109","targetHints":{"allow":["GET"]}}],"collection":[{"href":"https:\/\/www.fgc.cat\/es\/wp-json\/wp\/v2\/pages"}],"about":[{"href":"https:\/\/www.fgc.cat\/es\/wp-json\/wp\/v2\/types\/page"}],"author":[{"embeddable":true,"href":"https:\/\/www.fgc.cat\/es\/wp-json\/wp\/v2\/users\/51"}],"replies":[{"embeddable":true,"href":"https:\/\/www.fgc.cat\/es\/wp-json\/wp\/v2\/comments?post=27109"}],"version-history":[{"count":18,"href":"https:\/\/www.fgc.cat\/es\/wp-json\/wp\/v2\/pages\/27109\/revisions"}],"predecessor-version":[{"id":29184,"href":"https:\/\/www.fgc.cat\/es\/wp-json\/wp\/v2\/pages\/27109\/revisions\/29184"}],"wp:attachment":[{"href":"https:\/\/www.fgc.cat\/es\/wp-json\/wp\/v2\/media?parent=27109"}],"curies":[{"name":"wp","href":"https:\/\/api.w.org\/{rel}","templated":true}]}}