{"id":27114,"date":"2020-07-17T13:07:09","date_gmt":"2020-07-17T11:07:09","guid":{"rendered":"https:\/\/www.fgc.cat\/?page_id=27114"},"modified":"2020-10-01T19:16:48","modified_gmt":"2020-10-01T17:16:48","slug":"otras-licitaciones","status":"publish","type":"page","link":"https:\/\/www.fgc.cat\/es\/otras-licitaciones\/","title":{"rendered":"Otras licitaciones"},"content":{"rendered":"<section class=\"l-section wpb_row height_medium\"><div class=\"l-section-h i-cf\"><div class=\"g-cols vc_row via_flex valign_top type_default stacking_default\"><div class=\"vc_col-sm-12 wpb_column vc_column_container\"><div class=\"vc_column-inner\"><div class=\"wpb_wrapper\"><h1 class=\"w-post-elm post_title entry-title color_link_inherit\">Otras licitaciones<\/h1><div class=\"wpb_text_column\"><div class=\"wpb_wrapper\"><p>Mediante los enlaces siguientes, puede acceder a la publicaci\u00f3n relativa a las licitaciones propias de FGC que no tienen por objeto la contrataci\u00f3n de obras, servicios o suministros como los contratos patrimoniales, de explotaci\u00f3n de negocios y otros.<\/p>\n<\/div><\/div>[vc_empty_space]<div id=\"ult-carousel-337975442169d1b4b1d9275\" class=\"ult-carousel-wrapper  estaciones_montanya ult_horizontal\" data-gutter=\"15\" data-rtl=\"false\" ><div class=\"ult-carousel-195911644669d1b4b1d8e00 \" ><div class=\"ult-item-wrap\" data-animation=\"animated no-animation\"><div class=\"w-vwrapper us_custom_4fb9e5a3 align_center valign_top\"><div class=\"ult-item-wrap\" data-animation=\"animated no-animation\"><div class=\"wpb_text_column us_custom_cb35f069\"><div class=\"wpb_wrapper\"><p>Arrendamiento de locales disponibles, espacios para stands de venta, m\u00e1quinas de autoventa, cajeros autom\u00e1ticos y otras actuaciones<\/p>\n<\/div><\/div><\/div><div class=\"ult-item-wrap\" data-animation=\"animated no-animation\"><div class=\"wpb_text_column us_custom_eb849559\"><div class=\"wpb_wrapper\"><div style=\"width: 211px; margin: 0 auto;\"><div class=\"ult-item-wrap\" data-animation=\"animated no-animation\"><div class=\"fgc-button\">\n                <a href=\"https:\/\/www.fgc.cat\/es\/licitacio\/contractes-dingressos-per-a-larrendament-de-locals-disponibles\/\"  id='submit_buscador_mobile'  target=\"_self\" title=\"\" data-tipo=\"\" class=\"\">\n                   \t<div class=\"fgc-button-content\">\n                        Accede\n                        <i class=\"fgc-button-icon fa-solid fa-arrow-right  aria-hidden=\"true\"><\/i>\n                    <\/div>\n                <\/a>\n             <\/div><\/div><\/div>\n<\/div><\/div><\/div><div class=\"ult-item-wrap\" data-animation=\"animated no-animation\"><div class=\"w-separator size_small\"><\/div><\/div><\/div><\/div><div class=\"ult-item-wrap\" data-animation=\"animated no-animation\"><div class=\"w-vwrapper us_custom_4fb9e5a3 align_center valign_top\"><div class=\"ult-item-wrap\" data-animation=\"animated no-animation\"><div class=\"wpb_text_column us_custom_46919aa1\"><div class=\"wpb_wrapper\"><p>Puesta a disposici\u00f3n de espacios publicitarios y otras actuaciones, singulares o comunes, en las estaciones de monta\u00f1a de FGC<\/p>\n<\/div><\/div><\/div>[vc_empty_space]<div class=\"ult-item-wrap\" data-animation=\"animated no-animation\"><div class=\"wpb_text_column us_custom_eb849559\"><div class=\"wpb_wrapper\"><div style=\"width: 211px; margin: 0 auto;\"><div class=\"ult-item-wrap\" data-animation=\"animated no-animation\"><div class=\"fgc-button\">\n                <a href=\"https:\/\/www.fgc.cat\/es\/licitacio\/contracte-dingressos-de-publicitat-i-altres-drets-desponsoritzacio-del-grup-fgc\/\"  id='submit_buscador_mobile'  target=\"_self\" title=\"\" data-tipo=\"\" class=\"\">\n                   \t<div class=\"fgc-button-content\">\n                        Accede\n                        <i class=\"fgc-button-icon fa-solid fa-arrow-right  aria-hidden=\"true\"><\/i>\n                    <\/div>\n                <\/a>\n             <\/div><\/div><\/div>\n<\/div><\/div><\/div><div class=\"ult-item-wrap\" data-animation=\"animated no-animation\"><div class=\"w-separator size_small\"><\/div><\/div><\/div><\/div><div class=\"ult-item-wrap\" data-animation=\"animated no-animation\"><div class=\"w-vwrapper us_custom_4fb9e5a3 align_center valign_top\"><div class=\"ult-item-wrap\" data-animation=\"animated no-animation\"><div class=\"wpb_text_column us_custom_cb35f069\"><div class=\"wpb_wrapper\"><p>Condiciones para las entidades que ejerzan actividad de escuela de esqu\u00ed y actividades de monta\u00f1a en las estaciones que gestiona FGC<\/p>\n<\/div><\/div><\/div><div class=\"ult-item-wrap\" data-animation=\"animated no-animation\"><div class=\"wpb_text_column us_custom_eb849559\"><div class=\"wpb_wrapper\"><div style=\"width: 211px; margin: 0 auto;\">\n<div style=\"width: 211px; margin: 0 auto;\"><div class=\"ult-item-wrap\" data-animation=\"animated no-animation\"><div class=\"fgc-button\">\n                <a href=\"https:\/\/www.fgc.cat\/es\/licitacio\/condicions-dhomologacio-que-han-dacomplir-les-entitats-que-exerceixin-lactivitat-descola-desqui-i-o-snowboard-i-activitats-de-muntanya-dins-lambi\/\"  id='submit_buscador_mobile'  target=\"_self\" title=\"\" data-tipo=\"\" class=\"\">\n                   \t<div class=\"fgc-button-content\">\n                        Accede\n                        <i class=\"fgc-button-icon fa-solid fa-arrow-right  aria-hidden=\"true\"><\/i>\n                    <\/div>\n                <\/a>\n             <\/div><\/div><\/div>\n<\/div>\n<\/div><\/div><\/div><div class=\"ult-item-wrap\" data-animation=\"animated no-animation\"><div class=\"w-separator size_small\"><\/div><\/div><\/div><\/div><\/div><\/div>\t\t\t<script type=\"text\/javascript\">\r\n\t\t\t\tjQuery(document).ready(function ($) {\r\n\t\t\t\t\tif( typeof jQuery('.ult-carousel-195911644669d1b4b1d8e00').slick == \"function\"){\r\n\t\t\t\t\t\t$('.ult-carousel-195911644669d1b4b1d8e00').slick({dots: false,autoplay: true,autoplaySpeed: 5000,speed: 300,infinite: true,arrows: true,nextArrow: '<button type=\"button\" role=\"button\" aria-label=\"Next\" style=\"color:#333333; font-size:36px;background:#97d700;\" class=\"slick-next square-bg\"><i class=\"ultsl-arrow-right6\"><\/i><\/button>',prevArrow: '<button type=\"button\" role=\"button\" aria-label=\"Previous\" style=\"color:#333333; font-size:36px;background:#97d700;\" class=\"slick-prev square-bg\"><i class=\"ultsl-arrow-left6\"><\/i><\/button>',slidesToScroll:3,slidesToShow:3,swipe: true,draggable: true,touchMove: true,pauseOnHover: true,pauseOnFocus: false,responsive: [\r\n\t\t\t\t\t\t\t{\r\n\t\t\t\t\t\t\t  breakpoint: 1026,\r\n\t\t\t\t\t\t\t  settings: {\r\n\t\t\t\t\t\t\t\tslidesToShow: 3,\r\n\t\t\t\t\t\t\t\tslidesToScroll: 3,  \r\n\t\t\t\t\t\t\t  }\r\n\t\t\t\t\t\t\t},\r\n\t\t\t\t\t\t\t{\r\n\t\t\t\t\t\t\t  breakpoint: 1025,\r\n\t\t\t\t\t\t\t  settings: {\r\n\t\t\t\t\t\t\t\tslidesToShow: 3,\r\n\t\t\t\t\t\t\t\tslidesToScroll: 3\r\n\t\t\t\t\t\t\t  }\r\n\t\t\t\t\t\t\t},\r\n\t\t\t\t\t\t\t{\r\n\t\t\t\t\t\t\t  breakpoint: 760,\r\n\t\t\t\t\t\t\t  settings: {\r\n\t\t\t\t\t\t\t\tslidesToShow: 2,\r\n\t\t\t\t\t\t\t\tslidesToScroll: 2\r\n\t\t\t\t\t\t\t  }\r\n\t\t\t\t\t\t\t}\r\n\t\t\t\t\t\t],pauseOnDotsHover: true,customPaging: function(slider, i) {\r\n                   return '<i type=\"button\" style= \"color:#333333;\" class=\"ultsl-record\" data-role=\"none\"><\/i>';\r\n                },});\r\n\t\t\t\t\t}\r\n\t\t\t\t});\r\n\t\t\t<\/script>\r\n\t\t\t<\/div><\/div><\/div><\/div><\/div><\/section>\n","protected":false},"excerpt":{"rendered":"Otras licitacionesMediante los enlaces siguientes, puede acceder a la publicaci\u00f3n relativa a las licitaciones propias de FGC que no tienen por objeto la contrataci\u00f3n de obras, servicios o suministros como los contratos patrimoniales, de explotaci\u00f3n de negocios y otros. [vc_empty_space]Arrendamiento de locales disponibles, espacios para stands de venta, m\u00e1quinas de autoventa, cajeros autom\u00e1ticos y otras...","protected":false},"author":51,"featured_media":0,"parent":0,"menu_order":0,"comment_status":"closed","ping_status":"closed","template":"","meta":{"footnotes":""},"class_list":["post-27114","page","type-page","status-publish","hentry"],"yoast_head":"<!-- This site is optimized with the Yoast SEO Premium plugin v27.2 (Yoast SEO v27.2) - https:\/\/yoast.com\/product\/yoast-seo-premium-wordpress\/ -->\n<title>Otras licitaciones - Ferrocarrils de la Generalitat de Catalunya<\/title>\n<meta name=\"description\" content=\"Accede a las licitaciones de FGC que no tienen por objeto la contrataci\u00f3n de obras, servicios o suministros tales como contratos patrimoniales y otros.\" \/>\n<meta name=\"robots\" content=\"index, follow, max-snippet:-1, max-image-preview:large, max-video-preview:-1\" \/>\n<link rel=\"canonical\" href=\"https:\/\/www.fgc.cat\/es\/otras-licitaciones\/\" \/>\n<meta property=\"og:locale\" content=\"es_ES\" \/>\n<meta property=\"og:type\" content=\"article\" \/>\n<meta property=\"og:title\" content=\"Otras licitaciones\" \/>\n<meta property=\"og:description\" content=\"Accede a las licitaciones de FGC que no tienen por objeto la contrataci\u00f3n de obras, servicios o suministros tales como contratos patrimoniales y otros.\" \/>\n<meta property=\"og:url\" content=\"https:\/\/www.fgc.cat\/es\/otras-licitaciones\/\" \/>\n<meta property=\"og:site_name\" content=\"Ferrocarrils de la Generalitat de Catalunya\" \/>\n<meta property=\"article:publisher\" content=\"https:\/\/www.facebook.com\/fgcferrocarrils\" \/>\n<meta property=\"article:modified_time\" content=\"2020-10-01T17:16:48+00:00\" \/>\n<meta property=\"og:image\" content=\"https:\/\/www.fgc.cat\/wp-content\/uploads\/2020\/06\/MONISTROL-MONTSERRAT-FGC-003-scaled.jpg\" \/>\n\t<meta property=\"og:image:width\" content=\"3300\" \/>\n\t<meta property=\"og:image:height\" content=\"2200\" \/>\n\t<meta property=\"og:image:type\" content=\"image\/jpeg\" \/>\n<meta name=\"twitter:card\" content=\"summary_large_image\" \/>\n<meta name=\"twitter:site\" content=\"@FGC\" \/>\n<meta name=\"twitter:label1\" content=\"Est. reading time\" \/>\n\t<meta name=\"twitter:data1\" content=\"2 minutos\" \/>\n<script type=\"application\/ld+json\" class=\"yoast-schema-graph\">{\"@context\":\"https:\/\/schema.org\",\"@graph\":[{\"@type\":\"WebPage\",\"@id\":\"https:\/\/www.fgc.cat\/es\/otras-licitaciones\/\",\"url\":\"https:\/\/www.fgc.cat\/es\/otras-licitaciones\/\",\"name\":\"Otras licitaciones - Ferrocarrils de la Generalitat de Catalunya\",\"isPartOf\":{\"@id\":\"https:\/\/www.fgc.cat\/es\/#website\"},\"datePublished\":\"2020-07-17T11:07:09+00:00\",\"dateModified\":\"2020-10-01T17:16:48+00:00\",\"description\":\"Accede a las licitaciones de FGC que no tienen por objeto la contrataci\u00f3n de obras, servicios o suministros tales como contratos patrimoniales y otros.\",\"breadcrumb\":{\"@id\":\"https:\/\/www.fgc.cat\/es\/otras-licitaciones\/#breadcrumb\"},\"inLanguage\":\"es\",\"potentialAction\":[{\"@type\":\"ReadAction\",\"target\":[\"https:\/\/www.fgc.cat\/es\/otras-licitaciones\/\"]}]},{\"@type\":\"BreadcrumbList\",\"@id\":\"https:\/\/www.fgc.cat\/es\/otras-licitaciones\/#breadcrumb\",\"itemListElement\":[{\"@type\":\"ListItem\",\"position\":1,\"name\":\"Portada\",\"item\":\"https:\/\/www.fgc.cat\/es\/\"},{\"@type\":\"ListItem\",\"position\":2,\"name\":\"Otras licitaciones\"}]},{\"@type\":\"WebSite\",\"@id\":\"https:\/\/www.fgc.cat\/es\/#website\",\"url\":\"https:\/\/www.fgc.cat\/es\/\",\"name\":\"FGC\",\"description\":\"Ferrocarrils de la Generalitat de Catalunya\",\"publisher\":{\"@id\":\"https:\/\/www.fgc.cat\/es\/#organization\"},\"potentialAction\":[{\"@type\":\"SearchAction\",\"target\":{\"@type\":\"EntryPoint\",\"urlTemplate\":\"https:\/\/www.fgc.cat\/es\/?s={search_term_string}\"},\"query-input\":{\"@type\":\"PropertyValueSpecification\",\"valueRequired\":true,\"valueName\":\"search_term_string\"}}],\"inLanguage\":\"es\"},{\"@type\":\"Organization\",\"@id\":\"https:\/\/www.fgc.cat\/es\/#organization\",\"name\":\"Ferrocarrils de la Generalitat de Catalunya\",\"url\":\"https:\/\/www.fgc.cat\/es\/\",\"logo\":{\"@type\":\"ImageObject\",\"inLanguage\":\"es\",\"@id\":\"https:\/\/www.fgc.cat\/es\/#\/schema\/logo\/image\/\",\"url\":\"https:\/\/www.fgc.cat\/wp-content\/uploads\/2020\/06\/logo-FGC-square.png\",\"contentUrl\":\"https:\/\/www.fgc.cat\/wp-content\/uploads\/2020\/06\/logo-FGC-square.png\",\"width\":1024,\"height\":1024,\"caption\":\"Ferrocarrils de la Generalitat de Catalunya\"},\"image\":{\"@id\":\"https:\/\/www.fgc.cat\/es\/#\/schema\/logo\/image\/\"},\"sameAs\":[\"https:\/\/www.facebook.com\/fgcferrocarrils\",\"https:\/\/x.com\/FGC\",\"https:\/\/www.instagram.com\/fgc.cat\/?hl=es\",\"http:\/\/www.youtube.com\/user\/FGCferrocarrils\"]}]}<\/script>\n<!-- \/ Yoast SEO Premium plugin. -->","yoast_head_json":{"title":"Otras licitaciones - Ferrocarrils de la Generalitat de Catalunya","description":"Accede a las licitaciones de FGC que no tienen por objeto la contrataci\u00f3n de obras, servicios o suministros tales como contratos patrimoniales y otros.","robots":{"index":"index","follow":"follow","max-snippet":"max-snippet:-1","max-image-preview":"max-image-preview:large","max-video-preview":"max-video-preview:-1"},"canonical":"https:\/\/www.fgc.cat\/es\/otras-licitaciones\/","og_locale":"es_ES","og_type":"article","og_title":"Otras licitaciones","og_description":"Accede a las licitaciones de FGC que no tienen por objeto la contrataci\u00f3n de obras, servicios o suministros tales como contratos patrimoniales y otros.","og_url":"https:\/\/www.fgc.cat\/es\/otras-licitaciones\/","og_site_name":"Ferrocarrils de la Generalitat de Catalunya","article_publisher":"https:\/\/www.facebook.com\/fgcferrocarrils","article_modified_time":"2020-10-01T17:16:48+00:00","og_image":[{"width":3300,"height":2200,"url":"https:\/\/www.fgc.cat\/wp-content\/uploads\/2020\/06\/MONISTROL-MONTSERRAT-FGC-003-scaled.jpg","type":"image\/jpeg"}],"twitter_card":"summary_large_image","twitter_site":"@FGC","twitter_misc":{"Est. reading time":"2 minutos"},"schema":{"@context":"https:\/\/schema.org","@graph":[{"@type":"WebPage","@id":"https:\/\/www.fgc.cat\/es\/otras-licitaciones\/","url":"https:\/\/www.fgc.cat\/es\/otras-licitaciones\/","name":"Otras licitaciones - Ferrocarrils de la Generalitat de Catalunya","isPartOf":{"@id":"https:\/\/www.fgc.cat\/es\/#website"},"datePublished":"2020-07-17T11:07:09+00:00","dateModified":"2020-10-01T17:16:48+00:00","description":"Accede a las licitaciones de FGC que no tienen por objeto la contrataci\u00f3n de obras, servicios o suministros tales como contratos patrimoniales y otros.","breadcrumb":{"@id":"https:\/\/www.fgc.cat\/es\/otras-licitaciones\/#breadcrumb"},"inLanguage":"es","potentialAction":[{"@type":"ReadAction","target":["https:\/\/www.fgc.cat\/es\/otras-licitaciones\/"]}]},{"@type":"BreadcrumbList","@id":"https:\/\/www.fgc.cat\/es\/otras-licitaciones\/#breadcrumb","itemListElement":[{"@type":"ListItem","position":1,"name":"Portada","item":"https:\/\/www.fgc.cat\/es\/"},{"@type":"ListItem","position":2,"name":"Otras licitaciones"}]},{"@type":"WebSite","@id":"https:\/\/www.fgc.cat\/es\/#website","url":"https:\/\/www.fgc.cat\/es\/","name":"FGC","description":"Ferrocarrils de la Generalitat de Catalunya","publisher":{"@id":"https:\/\/www.fgc.cat\/es\/#organization"},"potentialAction":[{"@type":"SearchAction","target":{"@type":"EntryPoint","urlTemplate":"https:\/\/www.fgc.cat\/es\/?s={search_term_string}"},"query-input":{"@type":"PropertyValueSpecification","valueRequired":true,"valueName":"search_term_string"}}],"inLanguage":"es"},{"@type":"Organization","@id":"https:\/\/www.fgc.cat\/es\/#organization","name":"Ferrocarrils de la Generalitat de Catalunya","url":"https:\/\/www.fgc.cat\/es\/","logo":{"@type":"ImageObject","inLanguage":"es","@id":"https:\/\/www.fgc.cat\/es\/#\/schema\/logo\/image\/","url":"https:\/\/www.fgc.cat\/wp-content\/uploads\/2020\/06\/logo-FGC-square.png","contentUrl":"https:\/\/www.fgc.cat\/wp-content\/uploads\/2020\/06\/logo-FGC-square.png","width":1024,"height":1024,"caption":"Ferrocarrils de la Generalitat de Catalunya"},"image":{"@id":"https:\/\/www.fgc.cat\/es\/#\/schema\/logo\/image\/"},"sameAs":["https:\/\/www.facebook.com\/fgcferrocarrils","https:\/\/x.com\/FGC","https:\/\/www.instagram.com\/fgc.cat\/?hl=es","http:\/\/www.youtube.com\/user\/FGCferrocarrils"]}]}},"publishpress_future_action":{"enabled":false,"date":"2026-04-12 03:02:41","action":"change-status","newStatus":"draft","terms":[],"taxonomy":"translation_priority","extraData":[]},"publishpress_future_workflow_manual_trigger":{"enabledWorkflows":[]},"_links":{"self":[{"href":"https:\/\/www.fgc.cat\/es\/wp-json\/wp\/v2\/pages\/27114","targetHints":{"allow":["GET"]}}],"collection":[{"href":"https:\/\/www.fgc.cat\/es\/wp-json\/wp\/v2\/pages"}],"about":[{"href":"https:\/\/www.fgc.cat\/es\/wp-json\/wp\/v2\/types\/page"}],"author":[{"embeddable":true,"href":"https:\/\/www.fgc.cat\/es\/wp-json\/wp\/v2\/users\/51"}],"replies":[{"embeddable":true,"href":"https:\/\/www.fgc.cat\/es\/wp-json\/wp\/v2\/comments?post=27114"}],"version-history":[{"count":8,"href":"https:\/\/www.fgc.cat\/es\/wp-json\/wp\/v2\/pages\/27114\/revisions"}],"predecessor-version":[{"id":27187,"href":"https:\/\/www.fgc.cat\/es\/wp-json\/wp\/v2\/pages\/27114\/revisions\/27187"}],"wp:attachment":[{"href":"https:\/\/www.fgc.cat\/es\/wp-json\/wp\/v2\/media?parent=27114"}],"curies":[{"name":"wp","href":"https:\/\/api.w.org\/{rel}","templated":true}]}}