{"id":3128,"date":"2017-10-19T11:55:57","date_gmt":"2017-10-19T11:55:57","guid":{"rendered":"\/red-fgc\/linea-barcelona-valles\/reina-elisenda\/"},"modified":"2022-02-16T14:51:57","modified_gmt":"2022-02-16T13:51:57","slug":"reina-elisenda","status":"publish","type":"page","link":"https:\/\/www.fgc.cat\/es\/red-fgc\/l-barcelona-valles\/reina-elisenda\/","title":{"rendered":"Reina Elisenda"},"content":{"rendered":"<section class=\"l-section wpb_row us_custom_43d836d8 height_medium\"><div class=\"l-section-h i-cf\"><div class=\"g-cols vc_row via_flex valign_top type_default stacking_default\"><div class=\"vc_col-sm-4 wpb_column vc_column_container\"><div class=\"vc_column-inner\"><div class=\"wpb_wrapper\"><div class=\"wpb_text_column us_custom_a678a5f4 has_text_color\"><div class=\"wpb_wrapper\"><p>ZONA 1<\/p>\n<\/div><\/div><\/div><\/div><\/div><div class=\"vc_col-sm-4 wpb_column vc_column_container has-link\"><div class=\"vc_column-inner\"><div class=\"wpb_wrapper\"><div class=\"wpb_text_column us_custom_10a25c44 has_text_color\"><div class=\"wpb_wrapper\"><p>Como llegar<\/p>\n<\/div><\/div><\/div><\/div><a target=\" _blank\" rel=\"nofollow\" href=\"https:\/\/maps.google.com\/maps?ll=41.398481,2.118559&amp;z=18&amp;t=m&amp;hl=en-US&amp;gl=ES&amp;mapclient=embed\" class=\"vc_column-link smooth-scroll\" aria-label=\"Enlace\"><\/a><\/div><div class=\"vc_col-sm-4 wpb_column vc_column_container has-link\"><div class=\"vc_column-inner\"><div class=\"wpb_wrapper\"><div class=\"wpb_text_column us_custom_10a25c44 has_text_color\"><div class=\"wpb_wrapper\"><p>Horario de la estaci\u00f3n<\/p>\n<\/div><\/div><\/div><\/div><a title=\"Planol\" target=\" _blank\" rel=\"nofollow\" href=\"https:\/\/www.fgc.cat\/wp-content\/uploads\/2019\/01\/13_Reina_Elisenda_BV_01_19.pdf\" class=\"vc_column-link smooth-scroll\"><\/a><\/div><\/div><\/div><\/section><section class=\"l-section wpb_row us_custom_b48b2d62 height_medium\"><div class=\"l-section-h i-cf\"><div class=\"g-cols vc_row via_flex valign_top type_default stacking_default\"><div class=\"vc_col-sm-12 wpb_column vc_column_container\"><div class=\"vc_column-inner\"><div class=\"wpb_wrapper\"><div class=\"wpb_text_column us_custom_e769d270 has_text_color\"><div class=\"wpb_wrapper\"><p>Servicios<\/p>\n<\/div><\/div>[vc_separator color=\u00bbcustom\u00bb accent_color=\u00bb#6f6e6e\u00bb]<\/div><\/div><\/div><\/div><\/div><\/section><section class=\"l-section wpb_row us_custom_8d45c27c height_medium\"><div class=\"l-section-h i-cf\"><div class=\"g-cols vc_row via_flex valign_top type_default stacking_default\"><div class=\"vc_col-sm-6 wpb_column vc_column_container\"><div class=\"vc_column-inner\"><div class=\"wpb_wrapper\"><div class=\"w-hwrapper valign_middle align_none\"><div class=\"w-image align_none\"><div class=\"w-image-h\"><img decoding=\"async\" width=\"49\" height=\"49\" src=\"https:\/\/www.fgc.cat\/wp-content\/uploads\/2020\/06\/group-6-scissor.png\" class=\"attachment-large size-large\" alt=\"Logo ascensor\" loading=\"lazy\" \/><\/div><\/div><div class=\"wpb_text_column us_custom_8f8e3d9e has_text_color\"><div class=\"wpb_wrapper\"><p>Ascensor<\/p>\n<\/div><\/div><\/div><\/div><\/div><\/div><div class=\"vc_col-sm-6 wpb_column vc_column_container\"><div class=\"vc_column-inner\"><div class=\"wpb_wrapper\"><div class=\"w-hwrapper valign_middle align_none\"><div class=\"w-image align_none\"><div class=\"w-image-h\"><img decoding=\"async\" width=\"49\" height=\"49\" src=\"https:\/\/www.fgc.cat\/wp-content\/uploads\/2020\/06\/group-6-bike.png\" class=\"attachment-large size-large\" alt=\"Logo parking bicicletas\" loading=\"lazy\" \/><\/div><\/div><div class=\"wpb_text_column us_custom_8f8e3d9e has_text_color\"><div class=\"wpb_wrapper\"><p>Aparcamiento de bicicletas<\/p>\n<\/div><\/div><\/div><\/div><\/div><\/div><\/div><\/div><\/section><section class=\"l-section wpb_row us_custom_d6aa74f8 height_medium\"><div class=\"l-section-h i-cf\"><div class=\"g-cols vc_row via_flex valign_top type_default stacking_default\"><div class=\"vc_col-sm-6 wpb_column vc_column_container\"><div class=\"vc_column-inner\"><div class=\"wpb_wrapper\"><div class=\"w-hwrapper valign_middle align_none\"><div class=\"w-image align_none\"><div class=\"w-image-h\"><img decoding=\"async\" width=\"45\" height=\"45\" src=\"https:\/\/www.fgc.cat\/wp-content\/uploads\/2020\/06\/group-6-accesible.png\" class=\"attachment-large size-large\" alt=\"Logo accesibilidad\" loading=\"lazy\" \/><\/div><\/div><div class=\"wpb_text_column us_custom_8f8e3d9e has_text_color\"><div class=\"wpb_wrapper\"><p>Accesibilidad<\/p>\n<\/div><\/div><\/div><\/div><\/div><\/div><div class=\"vc_col-sm-6 wpb_column vc_column_container\"><div class=\"vc_column-inner\"><div class=\"wpb_wrapper\"><div class=\"w-hwrapper valign_middle align_none\"><div class=\"w-image align_none\"><div class=\"w-image-h\"><img decoding=\"async\" width=\"49\" height=\"49\" src=\"https:\/\/www.fgc.cat\/wp-content\/uploads\/2020\/06\/group-6-services.png\" class=\"attachment-large size-large\" alt=\"Logo servicios\" loading=\"lazy\" \/><\/div><\/div><div class=\"wpb_text_column us_custom_8f8e3d9e has_text_color\"><div class=\"wpb_wrapper\"><p>Servicios<\/p>\n<\/div><\/div><\/div><\/div><\/div><\/div><\/div><\/div><\/section><section class=\"l-section wpb_row us_custom_d6aa74f8 height_medium\"><div class=\"l-section-h i-cf\"><div class=\"g-cols vc_row via_flex valign_top type_default stacking_default\"><div class=\"vc_col-sm-6 wpb_column vc_column_container\"><div class=\"vc_column-inner\"><div class=\"wpb_wrapper\"><div class=\"w-hwrapper valign_middle align_none\"><div class=\"w-image align_none\"><div class=\"w-image-h\"><img decoding=\"async\" width=\"49\" height=\"49\" src=\"https:\/\/www.fgc.cat\/wp-content\/uploads\/2020\/06\/primero-1.png\" class=\"attachment-large size-large\" alt=\"Logo maes\" loading=\"lazy\" \/><\/div><\/div><div class=\"wpb_text_column us_custom_8f8e3d9e has_text_color\"><div class=\"wpb_wrapper\"><p>M\u00e1quinas para comprar billetes<\/p>\n<\/div><\/div><\/div><\/div><\/div><\/div><div class=\"vc_col-sm-6 wpb_column vc_column_container\"><div class=\"vc_column-inner\"><div class=\"wpb_wrapper\"><div class=\"w-hwrapper valign_middle align_none\"><div class=\"w-image align_none\"><div class=\"w-image-h\"><img decoding=\"async\" width=\"49\" height=\"49\" src=\"https:\/\/www.fgc.cat\/wp-content\/uploads\/2020\/06\/primero-2.png\" class=\"attachment-large size-large\" alt=\"Logo pantalla informacion\" loading=\"lazy\" \/><\/div><\/div><div class=\"wpb_text_column us_custom_8f8e3d9e has_text_color\"><div class=\"wpb_wrapper\"><p>Pantallas de informaci\u00f3n<\/p>\n<\/div><\/div><\/div><\/div><\/div><\/div><\/div><\/div><\/section><section class=\"l-section wpb_row us_custom_d6aa74f8 height_medium\"><div class=\"l-section-h i-cf\"><div class=\"g-cols vc_row via_flex valign_top type_default stacking_default\"><div class=\"vc_col-sm-6 wpb_column vc_column_container\"><div class=\"vc_column-inner\"><div class=\"wpb_wrapper\"><div class=\"w-hwrapper valign_middle align_none\"><div class=\"w-image align_none\"><div class=\"w-image-h\"><img decoding=\"async\" width=\"49\" height=\"49\" src=\"https:\/\/www.fgc.cat\/wp-content\/uploads\/2020\/06\/primero-3.png\" class=\"attachment-large size-large\" alt=\"Logo escales mecaniques\" loading=\"lazy\" \/><\/div><\/div><div class=\"wpb_text_column us_custom_8f8e3d9e has_text_color\"><div class=\"wpb_wrapper\"><p>Escaleras mec\u00e1nicas<\/p>\n<\/div><\/div><\/div><\/div><\/div><\/div><div class=\"vc_col-sm-6 wpb_column vc_column_container\"><div class=\"vc_column-inner\"><div class=\"wpb_wrapper\"><div class=\"w-hwrapper valign_middle align_none\"><div class=\"w-image align_none\"><div class=\"w-image-h\"><img decoding=\"async\" width=\"49\" height=\"49\" src=\"https:\/\/www.fgc.cat\/wp-content\/uploads\/2020\/06\/primero-8.png\" class=\"attachment-large size-large\" alt=\"Logo maquina vending snacks\" loading=\"lazy\" \/><\/div><\/div><div class=\"wpb_text_column us_custom_8f8e3d9e has_text_color\"><div class=\"wpb_wrapper\"><p>M\u00e1quinas expendedoras de alimentaci\u00f3n<\/p>\n<\/div><\/div><\/div><\/div><\/div><\/div><\/div><\/div><\/section><section class=\"l-section wpb_row us_custom_d6aa74f8 height_medium\"><div class=\"l-section-h i-cf\"><div class=\"g-cols vc_row via_flex valign_top type_default stacking_default\"><div class=\"vc_col-sm-6 wpb_column vc_column_container\"><div class=\"vc_column-inner\"><div class=\"wpb_wrapper\"><div class=\"w-hwrapper valign_middle align_none\"><div class=\"w-image align_none\"><div class=\"w-image-h\"><img decoding=\"async\" width=\"49\" height=\"49\" src=\"https:\/\/www.fgc.cat\/wp-content\/uploads\/2020\/06\/primero-17.png\" class=\"attachment-large size-large\" alt=\"Logo bicicleta\" loading=\"lazy\" \/><\/div><\/div><div class=\"wpb_text_column us_custom_8f8e3d9e has_text_color\"><div class=\"wpb_wrapper\"><p>Bicing<\/p>\n<\/div><\/div><\/div><\/div><\/div><\/div><div class=\"vc_col-sm-6 wpb_column vc_column_container\"><div class=\"vc_column-inner\"><div class=\"wpb_wrapper\"><div class=\"w-hwrapper valign_middle align_none\"><div class=\"w-image align_none\"><div class=\"w-image-h\"><img decoding=\"async\" width=\"45\" height=\"45\" src=\"https:\/\/www.fgc.cat\/wp-content\/uploads\/2020\/12\/Lockers-Amazon_Icon_2.png\" class=\"attachment-large size-large\" alt=\"Amazon lockers\" loading=\"lazy\" \/><\/div><\/div><div class=\"wpb_text_column us_custom_8f8e3d9e has_text_color\"><div class=\"wpb_wrapper\"><p>Hub Locker<\/p>\n<\/div><\/div><\/div><\/div><\/div><\/div><\/div><\/div><\/section>\n","protected":false},"excerpt":{"rendered":"ZONA 1 Como llegar Horario de la estaci\u00f3n Servicios [vc_separator color=\"custom\" accent_color=\"#6f6e6e\"]Ascensor Aparcamiento de bicicletas Accesibilidad Servicios M\u00e1quinas para comprar billetes Pantallas de informaci\u00f3n Escaleras mec\u00e1nicas M\u00e1quinas expendedoras de alimentaci\u00f3n Bicing Hub Locker","protected":false},"author":1,"featured_media":21749,"parent":3000,"menu_order":0,"comment_status":"closed","ping_status":"closed","template":"","meta":{"footnotes":""},"class_list":["post-3128","page","type-page","status-publish","has-post-thumbnail","hentry"],"yoast_head":"<!-- This site is optimized with the Yoast SEO Premium plugin v27.2 (Yoast SEO v27.2) - https:\/\/yoast.com\/product\/yoast-seo-premium-wordpress\/ -->\n<title>Reina Elisenda - Ferrocarrils de la Generalitat de Catalunya<\/title>\n<meta name=\"robots\" content=\"index, follow, max-snippet:-1, max-image-preview:large, max-video-preview:-1\" \/>\n<link rel=\"canonical\" href=\"https:\/\/www.fgc.cat\/es\/red-fgc\/l-barcelona-valles\/reina-elisenda\/\" \/>\n<meta property=\"og:locale\" content=\"es_ES\" \/>\n<meta property=\"og:type\" content=\"article\" \/>\n<meta property=\"og:title\" content=\"Reina Elisenda\" \/>\n<meta property=\"og:url\" content=\"https:\/\/www.fgc.cat\/es\/red-fgc\/l-barcelona-valles\/reina-elisenda\/\" \/>\n<meta property=\"og:site_name\" content=\"Ferrocarrils de la Generalitat de Catalunya\" \/>\n<meta property=\"article:publisher\" content=\"https:\/\/www.facebook.com\/fgcferrocarrils\" \/>\n<meta property=\"article:modified_time\" content=\"2022-02-16T13:51:57+00:00\" \/>\n<meta property=\"og:image\" content=\"https:\/\/www.fgc.cat\/wp-content\/uploads\/2020\/06\/REINA-ELISENDA-FGC-001-1024x683.jpg\" \/>\n\t<meta property=\"og:image:width\" content=\"1024\" \/>\n\t<meta property=\"og:image:height\" content=\"683\" \/>\n\t<meta property=\"og:image:type\" content=\"image\/jpeg\" \/>\n<meta name=\"twitter:card\" content=\"summary_large_image\" \/>\n<meta name=\"twitter:site\" content=\"@FGC\" \/>\n<meta name=\"twitter:label1\" content=\"Est. reading time\" \/>\n\t<meta name=\"twitter:data1\" content=\"1 minuto\" \/>\n<script type=\"application\/ld+json\" class=\"yoast-schema-graph\">{\"@context\":\"https:\/\/schema.org\",\"@graph\":[{\"@type\":\"WebPage\",\"@id\":\"https:\/\/www.fgc.cat\/es\/red-fgc\/l-barcelona-valles\/reina-elisenda\/\",\"url\":\"https:\/\/www.fgc.cat\/es\/red-fgc\/l-barcelona-valles\/reina-elisenda\/\",\"name\":\"Reina Elisenda - Ferrocarrils de la Generalitat de Catalunya\",\"isPartOf\":{\"@id\":\"https:\/\/www.fgc.cat\/es\/#website\"},\"primaryImageOfPage\":{\"@id\":\"https:\/\/www.fgc.cat\/es\/red-fgc\/l-barcelona-valles\/reina-elisenda\/#primaryimage\"},\"image\":{\"@id\":\"https:\/\/www.fgc.cat\/es\/red-fgc\/l-barcelona-valles\/reina-elisenda\/#primaryimage\"},\"thumbnailUrl\":\"https:\/\/www.fgc.cat\/wp-content\/uploads\/2020\/06\/REINA-ELISENDA-FGC-001-scaled.jpg\",\"datePublished\":\"2017-10-19T11:55:57+00:00\",\"dateModified\":\"2022-02-16T13:51:57+00:00\",\"breadcrumb\":{\"@id\":\"https:\/\/www.fgc.cat\/es\/red-fgc\/l-barcelona-valles\/reina-elisenda\/#breadcrumb\"},\"inLanguage\":\"es\",\"potentialAction\":[{\"@type\":\"ReadAction\",\"target\":[\"https:\/\/www.fgc.cat\/es\/red-fgc\/l-barcelona-valles\/reina-elisenda\/\"]}]},{\"@type\":\"ImageObject\",\"inLanguage\":\"es\",\"@id\":\"https:\/\/www.fgc.cat\/es\/red-fgc\/l-barcelona-valles\/reina-elisenda\/#primaryimage\",\"url\":\"https:\/\/www.fgc.cat\/wp-content\/uploads\/2020\/06\/REINA-ELISENDA-FGC-001-scaled.jpg\",\"contentUrl\":\"https:\/\/www.fgc.cat\/wp-content\/uploads\/2020\/06\/REINA-ELISENDA-FGC-001-scaled.jpg\",\"width\":3300,\"height\":2200,\"caption\":\"FGC ESTACIONS\"},{\"@type\":\"BreadcrumbList\",\"@id\":\"https:\/\/www.fgc.cat\/es\/red-fgc\/l-barcelona-valles\/reina-elisenda\/#breadcrumb\",\"itemListElement\":[{\"@type\":\"ListItem\",\"position\":1,\"name\":\"Portada\",\"item\":\"https:\/\/www.fgc.cat\/es\/\"},{\"@type\":\"ListItem\",\"position\":2,\"name\":\"Red FGC\",\"item\":\"https:\/\/www.fgc.cat\/es\/red-fgc\/\"},{\"@type\":\"ListItem\",\"position\":3,\"name\":\"L\u00ednia Barcelona-Vall\u00e8s\",\"item\":\"https:\/\/www.fgc.cat\/es\/fgc-network\/l-barcelona-valles\/\"},{\"@type\":\"ListItem\",\"position\":4,\"name\":\"Reina Elisenda\"}]},{\"@type\":\"WebSite\",\"@id\":\"https:\/\/www.fgc.cat\/es\/#website\",\"url\":\"https:\/\/www.fgc.cat\/es\/\",\"name\":\"FGC\",\"description\":\"Ferrocarrils de la Generalitat de Catalunya\",\"publisher\":{\"@id\":\"https:\/\/www.fgc.cat\/es\/#organization\"},\"potentialAction\":[{\"@type\":\"SearchAction\",\"target\":{\"@type\":\"EntryPoint\",\"urlTemplate\":\"https:\/\/www.fgc.cat\/es\/?s={search_term_string}\"},\"query-input\":{\"@type\":\"PropertyValueSpecification\",\"valueRequired\":true,\"valueName\":\"search_term_string\"}}],\"inLanguage\":\"es\"},{\"@type\":\"Organization\",\"@id\":\"https:\/\/www.fgc.cat\/es\/#organization\",\"name\":\"Ferrocarrils de la Generalitat de Catalunya\",\"url\":\"https:\/\/www.fgc.cat\/es\/\",\"logo\":{\"@type\":\"ImageObject\",\"inLanguage\":\"es\",\"@id\":\"https:\/\/www.fgc.cat\/es\/#\/schema\/logo\/image\/\",\"url\":\"https:\/\/www.fgc.cat\/wp-content\/uploads\/2020\/06\/logo-FGC-square.png\",\"contentUrl\":\"https:\/\/www.fgc.cat\/wp-content\/uploads\/2020\/06\/logo-FGC-square.png\",\"width\":1024,\"height\":1024,\"caption\":\"Ferrocarrils de la Generalitat de Catalunya\"},\"image\":{\"@id\":\"https:\/\/www.fgc.cat\/es\/#\/schema\/logo\/image\/\"},\"sameAs\":[\"https:\/\/www.facebook.com\/fgcferrocarrils\",\"https:\/\/x.com\/FGC\",\"https:\/\/www.instagram.com\/fgc.cat\/?hl=es\",\"http:\/\/www.youtube.com\/user\/FGCferrocarrils\"]}]}<\/script>\n<!-- \/ Yoast SEO Premium plugin. -->","yoast_head_json":{"title":"Reina Elisenda - Ferrocarrils de la Generalitat de Catalunya","robots":{"index":"index","follow":"follow","max-snippet":"max-snippet:-1","max-image-preview":"max-image-preview:large","max-video-preview":"max-video-preview:-1"},"canonical":"https:\/\/www.fgc.cat\/es\/red-fgc\/l-barcelona-valles\/reina-elisenda\/","og_locale":"es_ES","og_type":"article","og_title":"Reina Elisenda","og_url":"https:\/\/www.fgc.cat\/es\/red-fgc\/l-barcelona-valles\/reina-elisenda\/","og_site_name":"Ferrocarrils de la Generalitat de Catalunya","article_publisher":"https:\/\/www.facebook.com\/fgcferrocarrils","article_modified_time":"2022-02-16T13:51:57+00:00","og_image":[{"width":1024,"height":683,"url":"https:\/\/www.fgc.cat\/wp-content\/uploads\/2020\/06\/REINA-ELISENDA-FGC-001-1024x683.jpg","type":"image\/jpeg"}],"twitter_card":"summary_large_image","twitter_site":"@FGC","twitter_misc":{"Est. reading time":"1 minuto"},"schema":{"@context":"https:\/\/schema.org","@graph":[{"@type":"WebPage","@id":"https:\/\/www.fgc.cat\/es\/red-fgc\/l-barcelona-valles\/reina-elisenda\/","url":"https:\/\/www.fgc.cat\/es\/red-fgc\/l-barcelona-valles\/reina-elisenda\/","name":"Reina Elisenda - Ferrocarrils de la Generalitat de Catalunya","isPartOf":{"@id":"https:\/\/www.fgc.cat\/es\/#website"},"primaryImageOfPage":{"@id":"https:\/\/www.fgc.cat\/es\/red-fgc\/l-barcelona-valles\/reina-elisenda\/#primaryimage"},"image":{"@id":"https:\/\/www.fgc.cat\/es\/red-fgc\/l-barcelona-valles\/reina-elisenda\/#primaryimage"},"thumbnailUrl":"https:\/\/www.fgc.cat\/wp-content\/uploads\/2020\/06\/REINA-ELISENDA-FGC-001-scaled.jpg","datePublished":"2017-10-19T11:55:57+00:00","dateModified":"2022-02-16T13:51:57+00:00","breadcrumb":{"@id":"https:\/\/www.fgc.cat\/es\/red-fgc\/l-barcelona-valles\/reina-elisenda\/#breadcrumb"},"inLanguage":"es","potentialAction":[{"@type":"ReadAction","target":["https:\/\/www.fgc.cat\/es\/red-fgc\/l-barcelona-valles\/reina-elisenda\/"]}]},{"@type":"ImageObject","inLanguage":"es","@id":"https:\/\/www.fgc.cat\/es\/red-fgc\/l-barcelona-valles\/reina-elisenda\/#primaryimage","url":"https:\/\/www.fgc.cat\/wp-content\/uploads\/2020\/06\/REINA-ELISENDA-FGC-001-scaled.jpg","contentUrl":"https:\/\/www.fgc.cat\/wp-content\/uploads\/2020\/06\/REINA-ELISENDA-FGC-001-scaled.jpg","width":3300,"height":2200,"caption":"FGC ESTACIONS"},{"@type":"BreadcrumbList","@id":"https:\/\/www.fgc.cat\/es\/red-fgc\/l-barcelona-valles\/reina-elisenda\/#breadcrumb","itemListElement":[{"@type":"ListItem","position":1,"name":"Portada","item":"https:\/\/www.fgc.cat\/es\/"},{"@type":"ListItem","position":2,"name":"Red FGC","item":"https:\/\/www.fgc.cat\/es\/red-fgc\/"},{"@type":"ListItem","position":3,"name":"L\u00ednia Barcelona-Vall\u00e8s","item":"https:\/\/www.fgc.cat\/es\/fgc-network\/l-barcelona-valles\/"},{"@type":"ListItem","position":4,"name":"Reina Elisenda"}]},{"@type":"WebSite","@id":"https:\/\/www.fgc.cat\/es\/#website","url":"https:\/\/www.fgc.cat\/es\/","name":"FGC","description":"Ferrocarrils de la Generalitat de Catalunya","publisher":{"@id":"https:\/\/www.fgc.cat\/es\/#organization"},"potentialAction":[{"@type":"SearchAction","target":{"@type":"EntryPoint","urlTemplate":"https:\/\/www.fgc.cat\/es\/?s={search_term_string}"},"query-input":{"@type":"PropertyValueSpecification","valueRequired":true,"valueName":"search_term_string"}}],"inLanguage":"es"},{"@type":"Organization","@id":"https:\/\/www.fgc.cat\/es\/#organization","name":"Ferrocarrils de la Generalitat de Catalunya","url":"https:\/\/www.fgc.cat\/es\/","logo":{"@type":"ImageObject","inLanguage":"es","@id":"https:\/\/www.fgc.cat\/es\/#\/schema\/logo\/image\/","url":"https:\/\/www.fgc.cat\/wp-content\/uploads\/2020\/06\/logo-FGC-square.png","contentUrl":"https:\/\/www.fgc.cat\/wp-content\/uploads\/2020\/06\/logo-FGC-square.png","width":1024,"height":1024,"caption":"Ferrocarrils de la Generalitat de Catalunya"},"image":{"@id":"https:\/\/www.fgc.cat\/es\/#\/schema\/logo\/image\/"},"sameAs":["https:\/\/www.facebook.com\/fgcferrocarrils","https:\/\/x.com\/FGC","https:\/\/www.instagram.com\/fgc.cat\/?hl=es","http:\/\/www.youtube.com\/user\/FGCferrocarrils"]}]}},"publishpress_future_action":{"enabled":false,"date":"2026-04-11 10:32:01","action":"change-status","newStatus":"draft","terms":[],"taxonomy":"translation_priority","extraData":[]},"publishpress_future_workflow_manual_trigger":{"enabledWorkflows":[]},"_links":{"self":[{"href":"https:\/\/www.fgc.cat\/es\/wp-json\/wp\/v2\/pages\/3128","targetHints":{"allow":["GET"]}}],"collection":[{"href":"https:\/\/www.fgc.cat\/es\/wp-json\/wp\/v2\/pages"}],"about":[{"href":"https:\/\/www.fgc.cat\/es\/wp-json\/wp\/v2\/types\/page"}],"author":[{"embeddable":true,"href":"https:\/\/www.fgc.cat\/es\/wp-json\/wp\/v2\/users\/1"}],"replies":[{"embeddable":true,"href":"https:\/\/www.fgc.cat\/es\/wp-json\/wp\/v2\/comments?post=3128"}],"version-history":[{"count":10,"href":"https:\/\/www.fgc.cat\/es\/wp-json\/wp\/v2\/pages\/3128\/revisions"}],"predecessor-version":[{"id":38796,"href":"https:\/\/www.fgc.cat\/es\/wp-json\/wp\/v2\/pages\/3128\/revisions\/38796"}],"up":[{"embeddable":true,"href":"https:\/\/www.fgc.cat\/es\/wp-json\/wp\/v2\/pages\/3000"}],"wp:featuredmedia":[{"embeddable":true,"href":"https:\/\/www.fgc.cat\/es\/wp-json\/wp\/v2\/media\/21749"}],"wp:attachment":[{"href":"https:\/\/www.fgc.cat\/es\/wp-json\/wp\/v2\/media?parent=3128"}],"curies":[{"name":"wp","href":"https:\/\/api.w.org\/{rel}","templated":true}]}}