{"id":36209,"date":"2018-12-11T12:55:33","date_gmt":"2018-12-11T11:55:33","guid":{"rendered":"https:\/\/www.fgc.cat\/riscos-dhivern\/"},"modified":"2024-11-13T11:28:45","modified_gmt":"2024-11-13T10:28:45","slug":"riesgos-de-invierno","status":"publish","type":"page","link":"https:\/\/www.fgc.cat\/es\/riesgos-de-invierno\/","title":{"rendered":"Riesgos de invierno"},"content":{"rendered":"<section class=\"l-section wpb_row container breadcrumb2 height_medium\"><div class=\"l-section-h i-cf\"><div class=\"g-cols vc_row via_flex valign_top type_default stacking_default\"><div class=\"vc_col-sm-12 wpb_column vc_column_container\"><div class=\"vc_column-inner\"><div class=\"wpb_wrapper\"><div class=\"wpb_text_column\"><div class=\"wpb_wrapper\"><span><span><a href=\"https:\/\/www.fgc.cat\/es\/\">Portada<\/a><\/span><\/span>\n<\/div><\/div>[vc_empty_space]<\/div><\/div><\/div><\/div><\/div><\/section><section class=\"l-section wpb_row container height_medium\"><div class=\"l-section-h i-cf\"><div class=\"g-cols vc_row via_flex valign_top type_default stacking_default\"><div class=\"vc_col-sm-12 wpb_column vc_column_container\"><div class=\"vc_column-inner\"><div class=\"wpb_wrapper\">[vc_custom_heading text=\u00bbRIEGOS DE INVIERNO\u00bb use_theme_fonts=\u00bbyes\u00bb el_class=\u00bbencabezado1&#8243;]<div class=\"wpb_text_column\"><div class=\"wpb_wrapper\"><p>Desde Protecci\u00f3n Civil iniciamos un a\u00f1o m\u00e1s la campa\u00f1a <strong>de sensibilizaci\u00f3n ante los riesgos de invierno<\/strong>: nevadas y heladas, avalanchas, olas de fr\u00edo, abanicadas, y prevenci\u00f3n de intoxicaciones y de asfixias por uso incorrecto de calderas y calentadores. Estas campa\u00f1as os informa de los consejos m\u00e1s importantes ante los riesgos de invierno, los cuales os pueden ser \u00fatil en vuestras actividades de ocio.<\/p>\n<\/div><\/div><\/div><\/div><\/div><\/div><\/div><\/section><section class=\"l-section wpb_row container height_medium\"><div class=\"l-section-h i-cf\"><div class=\"g-cols vc_row via_flex valign_top type_default stacking_default\"><div class=\"vc_col-sm-6 wpb_column vc_column_container\"><div class=\"vc_column-inner\"><div class=\"wpb_wrapper\"><div class=\"wpb_text_column\"><div class=\"wpb_wrapper\"><p><a class=\"link_descarga \" href=\"http:\/\/interior.gencat.cat\/nevades\" target=\"_blank\" rel=\"noopener noreferrer\"><img decoding=\"async\" src=\"https:\/\/www.fgc.cat\/wp-content\/uploads\/2018\/12\/snowing.png\" alt=\"Nevades\" \/><span class=\"tabla\">Consejos ante las nevadas y heladas<\/span><\/a><\/p>\n<\/div><\/div><div class=\"wpb_text_column\"><div class=\"wpb_wrapper\"><p><a class=\"link_descarga\" href=\"http:\/\/interior.gencat.cat\/onadadefred\" target=\"_blank\" rel=\"noopener noreferrer\"> <img decoding=\"async\" src=\"https:\/\/www.fgc.cat\/wp-content\/uploads\/2018\/12\/cold.png\" alt=\"fred\" \/><span class=\"tabla\">Consejos ante las olas de fr\u00edo<\/span><br \/>\n<\/a><\/p>\n<\/div><\/div><div class=\"wpb_text_column\"><div class=\"wpb_wrapper\"><p><a class=\"link_descarga\" href=\"http:\/\/interior.gencat.cat\/allaus\" target=\"_blank\" rel=\"noopener noreferrer\"><img decoding=\"async\" src=\"https:\/\/www.fgc.cat\/wp-content\/uploads\/2018\/12\/avalanche.png\" alt=\"allaus\" \/>Consejos ante las avalanchas<\/a><\/p>\n<\/div><\/div><div class=\"wpb_text_column\"><div class=\"wpb_wrapper\"><p><a class=\"link_descarga\" href=\"http:\/\/interior.gencat.cat\/consellspersonessordes\" target=\"_blank\" rel=\"noopener noreferrer\"> <img decoding=\"async\" src=\"https:\/\/www.fgc.cat\/wp-content\/uploads\/2018\/12\/def.png\" alt=\"auditives\" \/><span class=\"tabla\">Consejos para personas con dificultades auditivas<\/span><br \/>\n<\/a><\/p>\n<\/div><\/div><\/div><\/div><\/div><div class=\"vc_col-sm-6 wpb_column vc_column_container\"><div class=\"vc_column-inner\"><div class=\"wpb_wrapper\"><div class=\"wpb_text_column\"><div class=\"wpb_wrapper\"><p><a class=\"link_descarga \" href=\"http:\/\/interior.gencat.cat\/incendisforestals\" target=\"_blank\" rel=\"noopener noreferrer\"><img decoding=\"async\" src=\"https:\/\/www.fgc.cat\/wp-content\/uploads\/2018\/12\/fire.png\" alt=\"incendis\" \/><span class=\"tabla\"><br \/>\nMedidas de prevenci\u00f3n de incendios forestales en invierno<\/span><\/a><\/p>\n<\/div><\/div><div class=\"wpb_text_column\"><div class=\"wpb_wrapper\"><p><a class=\"link_descarga \" href=\"http:\/\/interior.gencat.cat\/intoxicacioestufes\" target=\"_blank\" rel=\"noopener noreferrer\"><img decoding=\"async\" src=\"https:\/\/www.fgc.cat\/wp-content\/uploads\/2018\/12\/toxic.png\" alt=\"intoxicacions\" \/><span class=\"tabla\">Consejos ante las intoxicaciones<\/span><\/a><\/p>\n<\/div><\/div><div class=\"wpb_text_column\"><div class=\"wpb_wrapper\"><p><a class=\"link_descarga \" href=\"http:\/\/interior.gencat.cat\/ventades\" target=\"_blank\" rel=\"noopener noreferrer\"><img decoding=\"async\" src=\"https:\/\/www.fgc.cat\/wp-content\/uploads\/2018\/12\/wind.png\" alt=\"ventades\" \/><span class=\"tabla\">Consejos ante las abanicadas<\/span><\/a><\/p>\n<\/div><\/div><\/div><\/div><\/div><\/div><\/div><\/section>\n","protected":false},"excerpt":{"rendered":"Portada [vc_empty_space][vc_custom_heading text=\"RIEGOS DE INVIERNO\" use_theme_fonts=\"yes\" el_class=\"encabezado1\"]Desde Protecci\u00f3n Civil iniciamos un a\u00f1o m\u00e1s la campa\u00f1a de sensibilizaci\u00f3n ante los riesgos de invierno: nevadas y heladas, avalanchas, olas de fr\u00edo, abanicadas, y prevenci\u00f3n de intoxicaciones y de asfixias por uso incorrecto de calderas y calentadores. Estas campa\u00f1as os informa de los consejos m\u00e1s importantes ante los...","protected":false},"author":1,"featured_media":0,"parent":0,"menu_order":0,"comment_status":"closed","ping_status":"closed","template":"","meta":{"footnotes":""},"class_list":["post-36209","page","type-page","status-publish","hentry"],"yoast_head":"<!-- This site is optimized with the Yoast SEO Premium plugin v27.3 (Yoast SEO v27.3) - https:\/\/yoast.com\/product\/yoast-seo-premium-wordpress\/ -->\n<title>Riesgos de invierno - Ferrocarrils de la Generalitat de Catalunya<\/title>\n<meta name=\"robots\" content=\"index, follow, max-snippet:-1, max-image-preview:large, max-video-preview:-1\" \/>\n<link rel=\"canonical\" href=\"https:\/\/www.fgc.cat\/es\/riesgos-de-invierno\/\" \/>\n<meta property=\"og:locale\" content=\"es_ES\" \/>\n<meta property=\"og:type\" content=\"article\" \/>\n<meta property=\"og:title\" content=\"Riesgos de invierno\" \/>\n<meta property=\"og:url\" content=\"https:\/\/www.fgc.cat\/es\/riesgos-de-invierno\/\" \/>\n<meta property=\"og:site_name\" content=\"Ferrocarrils de la Generalitat de Catalunya\" \/>\n<meta property=\"article:publisher\" content=\"https:\/\/www.facebook.com\/fgcferrocarrils\" \/>\n<meta property=\"article:modified_time\" content=\"2024-11-13T10:28:45+00:00\" \/>\n<meta property=\"og:image\" content=\"https:\/\/www.fgc.cat\/wp-content\/uploads\/2018\/12\/snowing.png\" \/>\n<meta name=\"twitter:card\" content=\"summary_large_image\" \/>\n<meta name=\"twitter:site\" content=\"@FGC\" \/>\n<meta name=\"twitter:label1\" content=\"Tiempo de lectura\" \/>\n\t<meta name=\"twitter:data1\" content=\"3 minutos\" \/>\n<script type=\"application\/ld+json\" class=\"yoast-schema-graph\">{\"@context\":\"https:\\\/\\\/schema.org\",\"@graph\":[{\"@type\":\"WebPage\",\"@id\":\"https:\\\/\\\/www.fgc.cat\\\/es\\\/riesgos-de-invierno\\\/\",\"url\":\"https:\\\/\\\/www.fgc.cat\\\/es\\\/riesgos-de-invierno\\\/\",\"name\":\"Riesgos de invierno - Ferrocarrils de la Generalitat de Catalunya\",\"isPartOf\":{\"@id\":\"https:\\\/\\\/www.fgc.cat\\\/es\\\/#website\"},\"primaryImageOfPage\":{\"@id\":\"https:\\\/\\\/www.fgc.cat\\\/es\\\/riesgos-de-invierno\\\/#primaryimage\"},\"image\":{\"@id\":\"https:\\\/\\\/www.fgc.cat\\\/es\\\/riesgos-de-invierno\\\/#primaryimage\"},\"thumbnailUrl\":\"https:\\\/\\\/www.fgc.cat\\\/wp-content\\\/uploads\\\/2018\\\/12\\\/snowing.png\",\"datePublished\":\"2018-12-11T11:55:33+00:00\",\"dateModified\":\"2024-11-13T10:28:45+00:00\",\"breadcrumb\":{\"@id\":\"https:\\\/\\\/www.fgc.cat\\\/es\\\/riesgos-de-invierno\\\/#breadcrumb\"},\"inLanguage\":\"es\",\"potentialAction\":[{\"@type\":\"ReadAction\",\"target\":[\"https:\\\/\\\/www.fgc.cat\\\/es\\\/riesgos-de-invierno\\\/\"]}]},{\"@type\":\"ImageObject\",\"inLanguage\":\"es\",\"@id\":\"https:\\\/\\\/www.fgc.cat\\\/es\\\/riesgos-de-invierno\\\/#primaryimage\",\"url\":\"https:\\\/\\\/www.fgc.cat\\\/wp-content\\\/uploads\\\/2018\\\/12\\\/snowing.png\",\"contentUrl\":\"https:\\\/\\\/www.fgc.cat\\\/wp-content\\\/uploads\\\/2018\\\/12\\\/snowing.png\"},{\"@type\":\"BreadcrumbList\",\"@id\":\"https:\\\/\\\/www.fgc.cat\\\/es\\\/riesgos-de-invierno\\\/#breadcrumb\",\"itemListElement\":[{\"@type\":\"ListItem\",\"position\":1,\"name\":\"Portada\",\"item\":\"https:\\\/\\\/www.fgc.cat\\\/es\\\/\"},{\"@type\":\"ListItem\",\"position\":2,\"name\":\"Riesgos de invierno\"}]},{\"@type\":\"WebSite\",\"@id\":\"https:\\\/\\\/www.fgc.cat\\\/es\\\/#website\",\"url\":\"https:\\\/\\\/www.fgc.cat\\\/es\\\/\",\"name\":\"FGC\",\"description\":\"Ferrocarrils de la Generalitat de Catalunya\",\"publisher\":{\"@id\":\"https:\\\/\\\/www.fgc.cat\\\/es\\\/#organization\"},\"potentialAction\":[{\"@type\":\"SearchAction\",\"target\":{\"@type\":\"EntryPoint\",\"urlTemplate\":\"https:\\\/\\\/www.fgc.cat\\\/es\\\/?s={search_term_string}\"},\"query-input\":{\"@type\":\"PropertyValueSpecification\",\"valueRequired\":true,\"valueName\":\"search_term_string\"}}],\"inLanguage\":\"es\"},{\"@type\":\"Organization\",\"@id\":\"https:\\\/\\\/www.fgc.cat\\\/es\\\/#organization\",\"name\":\"Ferrocarrils de la Generalitat de Catalunya\",\"url\":\"https:\\\/\\\/www.fgc.cat\\\/es\\\/\",\"logo\":{\"@type\":\"ImageObject\",\"inLanguage\":\"es\",\"@id\":\"https:\\\/\\\/www.fgc.cat\\\/es\\\/#\\\/schema\\\/logo\\\/image\\\/\",\"url\":\"https:\\\/\\\/www.fgc.cat\\\/wp-content\\\/uploads\\\/2020\\\/06\\\/logo-FGC-square.png\",\"contentUrl\":\"https:\\\/\\\/www.fgc.cat\\\/wp-content\\\/uploads\\\/2020\\\/06\\\/logo-FGC-square.png\",\"width\":1024,\"height\":1024,\"caption\":\"Ferrocarrils de la Generalitat de Catalunya\"},\"image\":{\"@id\":\"https:\\\/\\\/www.fgc.cat\\\/es\\\/#\\\/schema\\\/logo\\\/image\\\/\"},\"sameAs\":[\"https:\\\/\\\/www.facebook.com\\\/fgcferrocarrils\",\"https:\\\/\\\/x.com\\\/FGC\",\"https:\\\/\\\/www.instagram.com\\\/fgc.cat\\\/?hl=es\",\"http:\\\/\\\/www.youtube.com\\\/user\\\/FGCferrocarrils\"]}]}<\/script>\n<!-- \/ Yoast SEO Premium plugin. -->","yoast_head_json":{"title":"Riesgos de invierno - Ferrocarrils de la Generalitat de Catalunya","robots":{"index":"index","follow":"follow","max-snippet":"max-snippet:-1","max-image-preview":"max-image-preview:large","max-video-preview":"max-video-preview:-1"},"canonical":"https:\/\/www.fgc.cat\/es\/riesgos-de-invierno\/","og_locale":"es_ES","og_type":"article","og_title":"Riesgos de invierno","og_url":"https:\/\/www.fgc.cat\/es\/riesgos-de-invierno\/","og_site_name":"Ferrocarrils de la Generalitat de Catalunya","article_publisher":"https:\/\/www.facebook.com\/fgcferrocarrils","article_modified_time":"2024-11-13T10:28:45+00:00","og_image":[{"url":"https:\/\/www.fgc.cat\/wp-content\/uploads\/2018\/12\/snowing.png","type":"","width":"","height":""}],"twitter_card":"summary_large_image","twitter_site":"@FGC","twitter_misc":{"Tiempo de lectura":"3 minutos"},"schema":{"@context":"https:\/\/schema.org","@graph":[{"@type":"WebPage","@id":"https:\/\/www.fgc.cat\/es\/riesgos-de-invierno\/","url":"https:\/\/www.fgc.cat\/es\/riesgos-de-invierno\/","name":"Riesgos de invierno - Ferrocarrils de la Generalitat de Catalunya","isPartOf":{"@id":"https:\/\/www.fgc.cat\/es\/#website"},"primaryImageOfPage":{"@id":"https:\/\/www.fgc.cat\/es\/riesgos-de-invierno\/#primaryimage"},"image":{"@id":"https:\/\/www.fgc.cat\/es\/riesgos-de-invierno\/#primaryimage"},"thumbnailUrl":"https:\/\/www.fgc.cat\/wp-content\/uploads\/2018\/12\/snowing.png","datePublished":"2018-12-11T11:55:33+00:00","dateModified":"2024-11-13T10:28:45+00:00","breadcrumb":{"@id":"https:\/\/www.fgc.cat\/es\/riesgos-de-invierno\/#breadcrumb"},"inLanguage":"es","potentialAction":[{"@type":"ReadAction","target":["https:\/\/www.fgc.cat\/es\/riesgos-de-invierno\/"]}]},{"@type":"ImageObject","inLanguage":"es","@id":"https:\/\/www.fgc.cat\/es\/riesgos-de-invierno\/#primaryimage","url":"https:\/\/www.fgc.cat\/wp-content\/uploads\/2018\/12\/snowing.png","contentUrl":"https:\/\/www.fgc.cat\/wp-content\/uploads\/2018\/12\/snowing.png"},{"@type":"BreadcrumbList","@id":"https:\/\/www.fgc.cat\/es\/riesgos-de-invierno\/#breadcrumb","itemListElement":[{"@type":"ListItem","position":1,"name":"Portada","item":"https:\/\/www.fgc.cat\/es\/"},{"@type":"ListItem","position":2,"name":"Riesgos de invierno"}]},{"@type":"WebSite","@id":"https:\/\/www.fgc.cat\/es\/#website","url":"https:\/\/www.fgc.cat\/es\/","name":"FGC","description":"Ferrocarrils de la Generalitat de Catalunya","publisher":{"@id":"https:\/\/www.fgc.cat\/es\/#organization"},"potentialAction":[{"@type":"SearchAction","target":{"@type":"EntryPoint","urlTemplate":"https:\/\/www.fgc.cat\/es\/?s={search_term_string}"},"query-input":{"@type":"PropertyValueSpecification","valueRequired":true,"valueName":"search_term_string"}}],"inLanguage":"es"},{"@type":"Organization","@id":"https:\/\/www.fgc.cat\/es\/#organization","name":"Ferrocarrils de la Generalitat de Catalunya","url":"https:\/\/www.fgc.cat\/es\/","logo":{"@type":"ImageObject","inLanguage":"es","@id":"https:\/\/www.fgc.cat\/es\/#\/schema\/logo\/image\/","url":"https:\/\/www.fgc.cat\/wp-content\/uploads\/2020\/06\/logo-FGC-square.png","contentUrl":"https:\/\/www.fgc.cat\/wp-content\/uploads\/2020\/06\/logo-FGC-square.png","width":1024,"height":1024,"caption":"Ferrocarrils de la Generalitat de Catalunya"},"image":{"@id":"https:\/\/www.fgc.cat\/es\/#\/schema\/logo\/image\/"},"sameAs":["https:\/\/www.facebook.com\/fgcferrocarrils","https:\/\/x.com\/FGC","https:\/\/www.instagram.com\/fgc.cat\/?hl=es","http:\/\/www.youtube.com\/user\/FGCferrocarrils"]}]}},"publishpress_future_action":{"enabled":false,"date":"2026-04-24 13:22:17","action":"change-status","newStatus":"draft","terms":[],"taxonomy":"translation_priority","extraData":[]},"publishpress_future_workflow_manual_trigger":{"enabledWorkflows":[]},"_links":{"self":[{"href":"https:\/\/www.fgc.cat\/es\/wp-json\/wp\/v2\/pages\/36209","targetHints":{"allow":["GET"]}}],"collection":[{"href":"https:\/\/www.fgc.cat\/es\/wp-json\/wp\/v2\/pages"}],"about":[{"href":"https:\/\/www.fgc.cat\/es\/wp-json\/wp\/v2\/types\/page"}],"author":[{"embeddable":true,"href":"https:\/\/www.fgc.cat\/es\/wp-json\/wp\/v2\/users\/1"}],"replies":[{"embeddable":true,"href":"https:\/\/www.fgc.cat\/es\/wp-json\/wp\/v2\/comments?post=36209"}],"version-history":[{"count":3,"href":"https:\/\/www.fgc.cat\/es\/wp-json\/wp\/v2\/pages\/36209\/revisions"}],"predecessor-version":[{"id":50281,"href":"https:\/\/www.fgc.cat\/es\/wp-json\/wp\/v2\/pages\/36209\/revisions\/50281"}],"wp:attachment":[{"href":"https:\/\/www.fgc.cat\/es\/wp-json\/wp\/v2\/media?parent=36209"}],"curies":[{"name":"wp","href":"https:\/\/api.w.org\/{rel}","templated":true}]}}