{"id":8023,"date":"2018-10-08T14:14:34","date_gmt":"2018-10-08T12:14:34","guid":{"rendered":"https:\/\/www.fgc.cat\/?page_id=8023"},"modified":"2020-10-19T13:08:19","modified_gmt":"2020-10-19T11:08:19","slug":"app","status":"publish","type":"page","link":"https:\/\/www.fgc.cat\/es\/app\/","title":{"rendered":"app"},"content":{"rendered":"<section class=\"l-section wpb_row height_medium\"><div class=\"l-section-h i-cf\"><div class=\"g-cols vc_row via_flex valign_top type_default stacking_default\"><div class=\"vc_col-sm-12 wpb_column vc_column_container\"><div class=\"vc_column-inner\"><div class=\"wpb_wrapper\"><div class=\"wpb_text_column us_custom_600e3c9f has_text_color\"><div class=\"wpb_wrapper\"><h3 style=\"text-align: center;\"><strong>Desc\u00e1rgate la app de FGC<br \/>\n<\/strong><\/h3>\n<div id=\"gtx-trans\" style=\"position: absolute; left: -150px; top: -17px; text-align: center;\">\n<div class=\"gtx-trans-icon\"><\/div>\n<\/div>\n<\/div><\/div><div class=\"g-cols wpb_row via_flex valign_top type_default stacking_default\"><div class=\"vc_col-sm-3 wpb_column vc_column_container\"><div class=\"vc_column-inner\"><div class=\"wpb_wrapper\"><\/div><\/div><\/div><div class=\"vc_col-sm-6 wpb_column vc_column_container\"><div class=\"vc_column-inner\"><div class=\"wpb_wrapper\"><div class=\"wpb_text_column us_custom_5f24e9c1 has_text_color\"><div class=\"wpb_wrapper\"><p style=\"text-align: center;\">Descubre algunas de las novedades de la app de FGC<\/p>\n<div id=\"gtx-trans\" style=\"position: absolute; left: -52px; top: -17px;\">\n<div class=\"gtx-trans-icon\"><\/div>\n<\/div>\n<\/div><\/div><\/div><\/div><\/div><div class=\"vc_col-sm-3 wpb_column vc_column_container\"><div class=\"vc_column-inner\"><div class=\"wpb_wrapper\"><\/div><\/div><\/div><\/div><\/div><\/div><\/div><\/div><\/div><\/section><section class=\"l-section wpb_row height_medium\"><div class=\"l-section-h i-cf\"><div class=\"g-cols vc_row via_flex valign_top type_default stacking_default\"><div class=\"vc_col-sm-12 wpb_column vc_column_container\"><div class=\"vc_column-inner\"><div class=\"wpb_wrapper\"><div id=\"ult-carousel-420820815169de2b3ec1b27\" class=\"ult-carousel-wrapper  qui_som_slider_section ult_horizontal\" data-gutter=\"15\" data-rtl=\"false\" ><div class=\"ult-carousel-260938425169de2b3ec1af6 \" ><div class=\"ult-item-wrap\" data-animation=\"animated no-animation\"><div class=\"g-cols wpb_row us_custom_4fb9e5a3 via_flex valign_top type_default stacking_default\"><div class=\"ult-item-wrap\" data-animation=\"animated no-animation\"><div class=\"vc_col-sm-5 wpb_column vc_column_container\"><div class=\"vc_column-inner us_custom_8cf2a2a3\"><div class=\"wpb_wrapper\"><div class=\"ult-item-wrap\" data-animation=\"animated no-animation\"><div class=\"wpb_text_column us_custom_c68b46fb has_text_color\"><div class=\"wpb_wrapper\"><p>Conoce la ocupaci\u00f3n de nuestros trenes<\/p>\n<\/div><\/div><\/div><div class=\"ult-item-wrap\" data-animation=\"animated no-animation\"><div class=\"wpb_text_column us_custom_77efbc79 has_text_color\"><div class=\"wpb_wrapper\"><p>En el buscador encontrar\u00e1s el <strong>Geotren,<\/strong> con el que podr\u00e1s saber en todo momento la ocupaci\u00f3n exacta y en tiempo real de nuestros trenes, para que viajes con toda confianza.<\/p>\n<\/div><\/div><\/div><\/div><\/div><\/div><\/div><div class=\"ult-item-wrap\" data-animation=\"animated no-animation\"><div class=\"vc_col-sm-7 wpb_column vc_column_container has_bg_color\"><div class=\"vc_column-inner us_custom_14889db9\"><div class=\"wpb_wrapper\"><div class=\"ult-item-wrap\" data-animation=\"animated no-animation\"><div class=\"w-image align_right\"><div class=\"w-image-h\"><img decoding=\"async\" width=\"542\" height=\"408\" src=\"https:\/\/www.fgc.cat\/wp-content\/uploads\/2020\/10\/o-nboard-1@2x-1.jpg\" class=\"attachment-large size-large\" alt=\"\" loading=\"lazy\" srcset=\"https:\/\/www.fgc.cat\/wp-content\/uploads\/2020\/10\/o-nboard-1@2x-1.jpg 542w, https:\/\/www.fgc.cat\/wp-content\/uploads\/2020\/10\/o-nboard-1@2x-1-300x226.jpg 300w\" sizes=\"auto, (max-width: 542px) 100vw, 542px\" \/><\/div><\/div><\/div><\/div><\/div><\/div><\/div><\/div><\/div><div class=\"ult-item-wrap\" data-animation=\"animated no-animation\"><div class=\"g-cols wpb_row us_custom_4fb9e5a3 via_flex valign_top type_default stacking_default\"><div class=\"ult-item-wrap\" data-animation=\"animated no-animation\"><div class=\"vc_col-sm-5 wpb_column vc_column_container\"><div class=\"vc_column-inner us_custom_8cf2a2a3\"><div class=\"wpb_wrapper\"><div class=\"ult-item-wrap\" data-animation=\"animated no-animation\"><div class=\"wpb_text_column us_custom_c68b46fb has_text_color\"><div class=\"wpb_wrapper\"><p>Toda la informaci\u00f3n de FGC, en tu m\u00f3vil<\/p>\n<\/div><\/div><\/div><div class=\"ult-item-wrap\" data-animation=\"animated no-animation\"><div class=\"wpb_text_column us_custom_77efbc79 has_text_color\"><div class=\"wpb_wrapper\"><p>Consulta toda la informaci\u00f3n de nuestras l\u00edneas y estaciones.<\/p>\n<\/div><\/div><\/div><\/div><\/div><\/div><\/div><div class=\"ult-item-wrap\" data-animation=\"animated no-animation\"><div class=\"vc_col-sm-7 wpb_column vc_column_container has_bg_color\"><div class=\"vc_column-inner us_custom_14889db9\"><div class=\"wpb_wrapper\"><div class=\"ult-item-wrap\" data-animation=\"animated no-animation\"><div class=\"w-image align_right\"><div class=\"w-image-h\"><img decoding=\"async\" width=\"542\" height=\"408\" src=\"https:\/\/www.fgc.cat\/wp-content\/uploads\/2020\/10\/o-nboard-3@2x.jpg\" class=\"attachment-large size-large\" alt=\"pantalla movil\" loading=\"lazy\" srcset=\"https:\/\/www.fgc.cat\/wp-content\/uploads\/2020\/10\/o-nboard-3@2x.jpg 542w, https:\/\/www.fgc.cat\/wp-content\/uploads\/2020\/10\/o-nboard-3@2x-300x226.jpg 300w\" sizes=\"auto, (max-width: 542px) 100vw, 542px\" \/><\/div><\/div><\/div><\/div><\/div><\/div><\/div><\/div><\/div><div class=\"ult-item-wrap\" data-animation=\"animated no-animation\"><div class=\"g-cols wpb_row us_custom_4fb9e5a3 via_flex valign_top type_default stacking_default\"><div class=\"ult-item-wrap\" data-animation=\"animated no-animation\"><div class=\"vc_col-sm-5 wpb_column vc_column_container\"><div class=\"vc_column-inner us_custom_8cf2a2a3\"><div class=\"wpb_wrapper\"><div class=\"ult-item-wrap\" data-animation=\"animated no-animation\"><div class=\"wpb_text_column us_custom_c68b46fb has_text_color\"><div class=\"wpb_wrapper\"><p>Encuentra tu ruta, de origen a destino<\/p>\n<\/div><\/div><\/div><div class=\"ult-item-wrap\" data-animation=\"animated no-animation\"><div class=\"wpb_text_column us_custom_77efbc79 has_text_color\"><div class=\"wpb_wrapper\"><p>Con el nuevo buscador podr\u00e1s conocer tu ruta completa de origen a destino y en tiempo real.<\/p>\n<\/div><\/div><\/div><\/div><\/div><\/div><\/div><div class=\"ult-item-wrap\" data-animation=\"animated no-animation\"><div class=\"vc_col-sm-7 wpb_column vc_column_container has_bg_color\"><div class=\"vc_column-inner us_custom_14889db9\"><div class=\"wpb_wrapper\"><div class=\"ult-item-wrap\" data-animation=\"animated no-animation\"><div class=\"w-image align_right\"><div class=\"w-image-h\"><img decoding=\"async\" width=\"542\" height=\"408\" src=\"https:\/\/www.fgc.cat\/wp-content\/uploads\/2020\/10\/o-nboard-2@2x.jpg\" class=\"attachment-large size-large\" alt=\"pantalla movil\" loading=\"lazy\" srcset=\"https:\/\/www.fgc.cat\/wp-content\/uploads\/2020\/10\/o-nboard-2@2x.jpg 542w, https:\/\/www.fgc.cat\/wp-content\/uploads\/2020\/10\/o-nboard-2@2x-300x226.jpg 300w\" sizes=\"auto, (max-width: 542px) 100vw, 542px\" \/><\/div><\/div><\/div><\/div><\/div><\/div><\/div><\/div><\/div><\/div><\/div>\t\t\t<script type=\"text\/javascript\">\r\n\t\t\t\tjQuery(document).ready(function ($) {\r\n\t\t\t\t\tif( typeof jQuery('.ult-carousel-260938425169de2b3ec1af6').slick == \"function\"){\r\n\t\t\t\t\t\t$('.ult-carousel-260938425169de2b3ec1af6').slick({dots: false,autoplay: true,autoplaySpeed: 5000,speed: 300,infinite: true,arrows: true,nextArrow: '<button type=\"button\" role=\"button\" aria-label=\"Next\" style=\"color:#333333; font-size:36px;background:#97d700;\" class=\"slick-next square-bg\"><i class=\"ultsl-arrow-right4\"><\/i><\/button>',prevArrow: '<button type=\"button\" role=\"button\" aria-label=\"Previous\" style=\"color:#333333; font-size:36px;background:#97d700;\" class=\"slick-prev square-bg\"><i class=\"ultsl-arrow-left4\"><\/i><\/button>',slidesToScroll:1,slidesToShow:1,swipe: true,draggable: true,touchMove: true,pauseOnHover: true,pauseOnFocus: false,responsive: [\r\n\t\t\t\t\t\t\t{\r\n\t\t\t\t\t\t\t  breakpoint: 1026,\r\n\t\t\t\t\t\t\t  settings: {\r\n\t\t\t\t\t\t\t\tslidesToShow: 1,\r\n\t\t\t\t\t\t\t\tslidesToScroll: 1,  \r\n\t\t\t\t\t\t\t  }\r\n\t\t\t\t\t\t\t},\r\n\t\t\t\t\t\t\t{\r\n\t\t\t\t\t\t\t  breakpoint: 1025,\r\n\t\t\t\t\t\t\t  settings: {\r\n\t\t\t\t\t\t\t\tslidesToShow: 1,\r\n\t\t\t\t\t\t\t\tslidesToScroll: 1\r\n\t\t\t\t\t\t\t  }\r\n\t\t\t\t\t\t\t},\r\n\t\t\t\t\t\t\t{\r\n\t\t\t\t\t\t\t  breakpoint: 760,\r\n\t\t\t\t\t\t\t  settings: {\r\n\t\t\t\t\t\t\t\tslidesToShow: 1,\r\n\t\t\t\t\t\t\t\tslidesToScroll: 1\r\n\t\t\t\t\t\t\t  }\r\n\t\t\t\t\t\t\t}\r\n\t\t\t\t\t\t],pauseOnDotsHover: true,customPaging: function(slider, i) {\r\n                   return '<i type=\"button\" style= \"color:#333333;\" class=\"ultsl-record\" data-role=\"none\"><\/i>';\r\n                },});\r\n\t\t\t\t\t}\r\n\t\t\t\t});\r\n\t\t\t<\/script>\r\n\t\t\t<\/div><\/div><\/div><\/div><\/div><\/section><section class=\"l-section wpb_row height_medium\"><div class=\"l-section-h i-cf\"><div class=\"g-cols vc_row via_flex valign_top type_default stacking_default\"><div class=\"vc_col-sm-12 wpb_column vc_column_container\"><div class=\"vc_column-inner\"><div class=\"wpb_wrapper\"><div class=\"wpb_text_column us_custom_600e3c9f has_text_color\"><div class=\"wpb_wrapper\"><h3 style=\"text-align: center;\"><strong>Descarga la app en tu m\u00f3vil<\/strong><\/h3>\n<p>&nbsp;<\/p>\n<div id=\"gtx-trans\" style=\"position: absolute; left: -150px; top: -17px; text-align: center;\">\n<div class=\"gtx-trans-icon\"><\/div>\n<\/div>\n<\/div><\/div><\/div><\/div><\/div><\/div><\/div><\/section><section class=\"l-section wpb_row us_custom_2e605341 height_medium\"><div class=\"l-section-h i-cf\"><div class=\"g-cols vc_row via_flex valign_top type_default stacking_default\"><div class=\"vc_col-sm-3 wpb_column vc_column_container\"><div class=\"vc_column-inner\"><div class=\"wpb_wrapper\"><\/div><\/div><\/div><div class=\"vc_col-sm-3 wpb_column vc_column_container\"><div class=\"vc_column-inner\"><div class=\"wpb_wrapper\"><div class=\"wpb_text_column us_custom_a6ed5434\"><div class=\"wpb_wrapper\"><div style=\"width: 210px; float: right; position: relative; top: -40px;\"><div class=\"fgc-button\">\n                <a href=\"https:\/\/apps.apple.com\/es\/app\/id481225824\"  target=\"_self\" title=\"Descarga iOs\" data-tipo=\"\" class=\"\">\n                   \t<div class=\"fgc-button-content\">\n                        Descarga iOS\n                        <i class=\"fgc-button-icon fa-solid fa-arrow-right  aria-hidden=\"true\"><\/i>\n                    <\/div>\n                <\/a>\n             <\/div><\/div>\n<\/div><\/div><\/div><\/div><\/div><div class=\"vc_col-sm-3 wpb_column vc_column_container\"><div class=\"vc_column-inner\"><div class=\"wpb_wrapper\"><div class=\"wpb_text_column us_custom_a6ed5434\"><div class=\"wpb_wrapper\"><div style=\"width: 210px; float: right; position: relative; top: -40px;\"><div class=\"fgc-button\">\n                <a href=\"https:\/\/play.google.com\/store\/apps\/details?id=com.iboomobile.fgc&amp;hl=es\"  target=\"_self\" title=\"Descarga Android\" data-tipo=\"\" class=\"\">\n                   \t<div class=\"fgc-button-content\">\n                        Descarga Android\n                        <i class=\"fgc-button-icon fa-solid fa-arrow-right  aria-hidden=\"true\"><\/i>\n                    <\/div>\n                <\/a>\n             <\/div><\/div>\n<\/div><\/div><\/div><\/div><\/div><div class=\"vc_col-sm-3 wpb_column vc_column_container\"><div class=\"vc_column-inner\"><div class=\"wpb_wrapper\"><\/div><\/div><\/div><\/div><\/div><\/section>\n","protected":false},"excerpt":{"rendered":"Desc\u00e1rgate la app de FGC Descubre algunas de las novedades de la app de FGC Conoce la ocupaci\u00f3n de nuestros trenes En el buscador encontrar\u00e1s el Geotren, con el que podr\u00e1s saber en todo momento la ocupaci\u00f3n exacta y en tiempo real de nuestros trenes, para que viajes con toda confianza. Toda la informaci\u00f3n de...","protected":false},"author":1,"featured_media":0,"parent":0,"menu_order":0,"comment_status":"closed","ping_status":"closed","template":"","meta":{"footnotes":""},"class_list":["post-8023","page","type-page","status-publish","hentry"],"yoast_head":"<!-- This site is optimized with the Yoast SEO Premium plugin v27.3 (Yoast SEO v27.3) - https:\/\/yoast.com\/product\/yoast-seo-premium-wordpress\/ -->\n<title>app - Ferrocarrils de la Generalitat de Catalunya<\/title>\n<meta name=\"robots\" content=\"index, follow, max-snippet:-1, max-image-preview:large, max-video-preview:-1\" \/>\n<link rel=\"canonical\" href=\"https:\/\/www.fgc.cat\/es\/app\/\" \/>\n<meta property=\"og:locale\" content=\"es_ES\" \/>\n<meta property=\"og:type\" content=\"article\" \/>\n<meta property=\"og:title\" content=\"app\" \/>\n<meta property=\"og:url\" content=\"https:\/\/www.fgc.cat\/es\/app\/\" \/>\n<meta property=\"og:site_name\" content=\"Ferrocarrils de la Generalitat de Catalunya\" \/>\n<meta property=\"article:publisher\" content=\"https:\/\/www.facebook.com\/fgcferrocarrils\" \/>\n<meta property=\"article:modified_time\" content=\"2020-10-19T11:08:19+00:00\" \/>\n<meta property=\"og:image\" content=\"https:\/\/www.fgc.cat\/wp-content\/uploads\/2020\/06\/MONISTROL-MONTSERRAT-FGC-003-scaled.jpg\" \/>\n\t<meta property=\"og:image:width\" content=\"3300\" \/>\n\t<meta property=\"og:image:height\" content=\"2200\" \/>\n\t<meta property=\"og:image:type\" content=\"image\/jpeg\" \/>\n<meta name=\"twitter:card\" content=\"summary_large_image\" \/>\n<meta name=\"twitter:site\" content=\"@FGC\" \/>\n<meta name=\"twitter:label1\" content=\"Tiempo de lectura\" \/>\n\t<meta name=\"twitter:data1\" content=\"4 minutos\" \/>\n<script type=\"application\/ld+json\" class=\"yoast-schema-graph\">{\"@context\":\"https:\\\/\\\/schema.org\",\"@graph\":[{\"@type\":\"WebPage\",\"@id\":\"https:\\\/\\\/www.fgc.cat\\\/es\\\/app\\\/\",\"url\":\"https:\\\/\\\/www.fgc.cat\\\/es\\\/app\\\/\",\"name\":\"app - Ferrocarrils de la Generalitat de Catalunya\",\"isPartOf\":{\"@id\":\"https:\\\/\\\/www.fgc.cat\\\/es\\\/#website\"},\"datePublished\":\"2018-10-08T12:14:34+00:00\",\"dateModified\":\"2020-10-19T11:08:19+00:00\",\"breadcrumb\":{\"@id\":\"https:\\\/\\\/www.fgc.cat\\\/es\\\/app\\\/#breadcrumb\"},\"inLanguage\":\"es\",\"potentialAction\":[{\"@type\":\"ReadAction\",\"target\":[\"https:\\\/\\\/www.fgc.cat\\\/es\\\/app\\\/\"]}]},{\"@type\":\"BreadcrumbList\",\"@id\":\"https:\\\/\\\/www.fgc.cat\\\/es\\\/app\\\/#breadcrumb\",\"itemListElement\":[{\"@type\":\"ListItem\",\"position\":1,\"name\":\"Portada\",\"item\":\"https:\\\/\\\/www.fgc.cat\\\/es\\\/\"},{\"@type\":\"ListItem\",\"position\":2,\"name\":\"app\"}]},{\"@type\":\"WebSite\",\"@id\":\"https:\\\/\\\/www.fgc.cat\\\/es\\\/#website\",\"url\":\"https:\\\/\\\/www.fgc.cat\\\/es\\\/\",\"name\":\"FGC\",\"description\":\"Ferrocarrils de la Generalitat de Catalunya\",\"publisher\":{\"@id\":\"https:\\\/\\\/www.fgc.cat\\\/es\\\/#organization\"},\"potentialAction\":[{\"@type\":\"SearchAction\",\"target\":{\"@type\":\"EntryPoint\",\"urlTemplate\":\"https:\\\/\\\/www.fgc.cat\\\/es\\\/?s={search_term_string}\"},\"query-input\":{\"@type\":\"PropertyValueSpecification\",\"valueRequired\":true,\"valueName\":\"search_term_string\"}}],\"inLanguage\":\"es\"},{\"@type\":\"Organization\",\"@id\":\"https:\\\/\\\/www.fgc.cat\\\/es\\\/#organization\",\"name\":\"Ferrocarrils de la Generalitat de Catalunya\",\"url\":\"https:\\\/\\\/www.fgc.cat\\\/es\\\/\",\"logo\":{\"@type\":\"ImageObject\",\"inLanguage\":\"es\",\"@id\":\"https:\\\/\\\/www.fgc.cat\\\/es\\\/#\\\/schema\\\/logo\\\/image\\\/\",\"url\":\"https:\\\/\\\/www.fgc.cat\\\/wp-content\\\/uploads\\\/2020\\\/06\\\/logo-FGC-square.png\",\"contentUrl\":\"https:\\\/\\\/www.fgc.cat\\\/wp-content\\\/uploads\\\/2020\\\/06\\\/logo-FGC-square.png\",\"width\":1024,\"height\":1024,\"caption\":\"Ferrocarrils de la Generalitat de Catalunya\"},\"image\":{\"@id\":\"https:\\\/\\\/www.fgc.cat\\\/es\\\/#\\\/schema\\\/logo\\\/image\\\/\"},\"sameAs\":[\"https:\\\/\\\/www.facebook.com\\\/fgcferrocarrils\",\"https:\\\/\\\/x.com\\\/FGC\",\"https:\\\/\\\/www.instagram.com\\\/fgc.cat\\\/?hl=es\",\"http:\\\/\\\/www.youtube.com\\\/user\\\/FGCferrocarrils\"]}]}<\/script>\n<!-- \/ Yoast SEO Premium plugin. -->","yoast_head_json":{"title":"app - Ferrocarrils de la Generalitat de Catalunya","robots":{"index":"index","follow":"follow","max-snippet":"max-snippet:-1","max-image-preview":"max-image-preview:large","max-video-preview":"max-video-preview:-1"},"canonical":"https:\/\/www.fgc.cat\/es\/app\/","og_locale":"es_ES","og_type":"article","og_title":"app","og_url":"https:\/\/www.fgc.cat\/es\/app\/","og_site_name":"Ferrocarrils de la Generalitat de Catalunya","article_publisher":"https:\/\/www.facebook.com\/fgcferrocarrils","article_modified_time":"2020-10-19T11:08:19+00:00","og_image":[{"width":3300,"height":2200,"url":"https:\/\/www.fgc.cat\/wp-content\/uploads\/2020\/06\/MONISTROL-MONTSERRAT-FGC-003-scaled.jpg","type":"image\/jpeg"}],"twitter_card":"summary_large_image","twitter_site":"@FGC","twitter_misc":{"Tiempo de lectura":"4 minutos"},"schema":{"@context":"https:\/\/schema.org","@graph":[{"@type":"WebPage","@id":"https:\/\/www.fgc.cat\/es\/app\/","url":"https:\/\/www.fgc.cat\/es\/app\/","name":"app - Ferrocarrils de la Generalitat de Catalunya","isPartOf":{"@id":"https:\/\/www.fgc.cat\/es\/#website"},"datePublished":"2018-10-08T12:14:34+00:00","dateModified":"2020-10-19T11:08:19+00:00","breadcrumb":{"@id":"https:\/\/www.fgc.cat\/es\/app\/#breadcrumb"},"inLanguage":"es","potentialAction":[{"@type":"ReadAction","target":["https:\/\/www.fgc.cat\/es\/app\/"]}]},{"@type":"BreadcrumbList","@id":"https:\/\/www.fgc.cat\/es\/app\/#breadcrumb","itemListElement":[{"@type":"ListItem","position":1,"name":"Portada","item":"https:\/\/www.fgc.cat\/es\/"},{"@type":"ListItem","position":2,"name":"app"}]},{"@type":"WebSite","@id":"https:\/\/www.fgc.cat\/es\/#website","url":"https:\/\/www.fgc.cat\/es\/","name":"FGC","description":"Ferrocarrils de la Generalitat de Catalunya","publisher":{"@id":"https:\/\/www.fgc.cat\/es\/#organization"},"potentialAction":[{"@type":"SearchAction","target":{"@type":"EntryPoint","urlTemplate":"https:\/\/www.fgc.cat\/es\/?s={search_term_string}"},"query-input":{"@type":"PropertyValueSpecification","valueRequired":true,"valueName":"search_term_string"}}],"inLanguage":"es"},{"@type":"Organization","@id":"https:\/\/www.fgc.cat\/es\/#organization","name":"Ferrocarrils de la Generalitat de Catalunya","url":"https:\/\/www.fgc.cat\/es\/","logo":{"@type":"ImageObject","inLanguage":"es","@id":"https:\/\/www.fgc.cat\/es\/#\/schema\/logo\/image\/","url":"https:\/\/www.fgc.cat\/wp-content\/uploads\/2020\/06\/logo-FGC-square.png","contentUrl":"https:\/\/www.fgc.cat\/wp-content\/uploads\/2020\/06\/logo-FGC-square.png","width":1024,"height":1024,"caption":"Ferrocarrils de la Generalitat de Catalunya"},"image":{"@id":"https:\/\/www.fgc.cat\/es\/#\/schema\/logo\/image\/"},"sameAs":["https:\/\/www.facebook.com\/fgcferrocarrils","https:\/\/x.com\/FGC","https:\/\/www.instagram.com\/fgc.cat\/?hl=es","http:\/\/www.youtube.com\/user\/FGCferrocarrils"]}]}},"publishpress_future_action":{"enabled":false,"date":"2026-04-21 13:55:42","action":"change-status","newStatus":"draft","terms":[],"taxonomy":"translation_priority","extraData":[]},"publishpress_future_workflow_manual_trigger":{"enabledWorkflows":[]},"_links":{"self":[{"href":"https:\/\/www.fgc.cat\/es\/wp-json\/wp\/v2\/pages\/8023","targetHints":{"allow":["GET"]}}],"collection":[{"href":"https:\/\/www.fgc.cat\/es\/wp-json\/wp\/v2\/pages"}],"about":[{"href":"https:\/\/www.fgc.cat\/es\/wp-json\/wp\/v2\/types\/page"}],"author":[{"embeddable":true,"href":"https:\/\/www.fgc.cat\/es\/wp-json\/wp\/v2\/users\/1"}],"replies":[{"embeddable":true,"href":"https:\/\/www.fgc.cat\/es\/wp-json\/wp\/v2\/comments?post=8023"}],"version-history":[{"count":6,"href":"https:\/\/www.fgc.cat\/es\/wp-json\/wp\/v2\/pages\/8023\/revisions"}],"predecessor-version":[{"id":29563,"href":"https:\/\/www.fgc.cat\/es\/wp-json\/wp\/v2\/pages\/8023\/revisions\/29563"}],"wp:attachment":[{"href":"https:\/\/www.fgc.cat\/es\/wp-json\/wp\/v2\/media?parent=8023"}],"curies":[{"name":"wp","href":"https:\/\/api.w.org\/{rel}","templated":true}]}}