{"id":9836,"date":"2019-03-07T10:58:11","date_gmt":"2019-03-07T09:58:11","guid":{"rendered":"https:\/\/www.fgc.cat\/?page_id=9836"},"modified":"2020-10-06T11:23:16","modified_gmt":"2020-10-06T09:23:16","slug":"noticias-responsabilidad-social","status":"publish","type":"page","link":"https:\/\/www.fgc.cat\/es\/acerca-de-nosotros\/responsabilidad-social\/noticias-responsabilidad-social\/","title":{"rendered":"Noticias responsabilidad social"},"content":{"rendered":"<section class=\"l-section wpb_row container breadcrumb2 height_medium\"><div class=\"l-section-h i-cf\"><div class=\"g-cols vc_row via_flex valign_top type_default stacking_default\"><div class=\"vc_col-sm-12 wpb_column vc_column_container\"><div class=\"vc_column-inner\"><div class=\"wpb_wrapper\"><div class=\"wpb_text_column\"><div class=\"wpb_wrapper\"><span><span><a href=\"https:\/\/www.fgc.cat\/es\/\">Portada<\/a><\/span><\/span>\n<\/div><\/div><\/div><\/div><\/div><\/div><\/div><\/section><section class=\"l-section wpb_row container formulari_social height_medium\"><div class=\"l-section-h i-cf\"><div class=\"g-cols vc_row via_flex valign_top type_default stacking_default\"><div class=\"vc_col-sm-12 wpb_column vc_column_container\"><div class=\"vc_column-inner\"><div class=\"wpb_wrapper\">[vc_custom_heading text=\u00bbNOTICIAS\u00bb font_container=\u00bbtag:h1|text_align:left\u00bb use_theme_fonts=\u00bbyes\u00bb el_class=\u00bbencabezado1&#8243;]<\/div><\/div><\/div><\/div><\/div><\/section>\n","protected":false},"excerpt":{"rendered":"Portada [vc_custom_heading text=\"NOTICIAS\" font_container=\"tag:h1|text_align:left\" use_theme_fonts=\"yes\" el_class=\"encabezado1\"]","protected":false},"author":1,"featured_media":0,"parent":2922,"menu_order":0,"comment_status":"closed","ping_status":"closed","template":"","meta":{"footnotes":""},"class_list":["post-9836","page","type-page","status-publish","hentry"],"yoast_head":"<!-- This site is optimized with the Yoast SEO Premium plugin v27.3 (Yoast SEO v27.3) - https:\/\/yoast.com\/product\/yoast-seo-premium-wordpress\/ -->\n<title>Noticias de responsabilidad social | FGC<\/title>\n<meta name=\"description\" content=\"Visita el Espacio \u00c9tico de FGC donde podr\u00e1s consultar nuestro C\u00f3digo \u00c9tico y de nuestras sociedades mercantiles, as\u00ed como otra normativa aplicable.\" \/>\n<meta name=\"robots\" content=\"index, follow, max-snippet:-1, max-image-preview:large, max-video-preview:-1\" \/>\n<link rel=\"canonical\" href=\"https:\/\/www.fgc.cat\/es\/acerca-de-nosotros\/responsabilidad-social\/noticias-responsabilidad-social\/\" \/>\n<meta property=\"og:locale\" content=\"es_ES\" \/>\n<meta property=\"og:type\" content=\"article\" \/>\n<meta property=\"og:title\" content=\"Noticias responsabilidad social\" \/>\n<meta property=\"og:description\" content=\"Visita el Espacio \u00c9tico de FGC donde podr\u00e1s consultar nuestro C\u00f3digo \u00c9tico y de nuestras sociedades mercantiles, as\u00ed como otra normativa aplicable.\" \/>\n<meta property=\"og:url\" content=\"https:\/\/www.fgc.cat\/es\/acerca-de-nosotros\/responsabilidad-social\/noticias-responsabilidad-social\/\" \/>\n<meta property=\"og:site_name\" content=\"Ferrocarrils de la Generalitat de Catalunya\" \/>\n<meta property=\"article:publisher\" content=\"https:\/\/www.facebook.com\/fgcferrocarrils\" \/>\n<meta property=\"article:modified_time\" content=\"2020-10-06T09:23:16+00:00\" \/>\n<meta property=\"og:image\" content=\"https:\/\/www.fgc.cat\/wp-content\/uploads\/2020\/06\/MONISTROL-MONTSERRAT-FGC-003-scaled.jpg\" \/>\n\t<meta property=\"og:image:width\" content=\"3300\" \/>\n\t<meta property=\"og:image:height\" content=\"2200\" \/>\n\t<meta property=\"og:image:type\" content=\"image\/jpeg\" \/>\n<meta name=\"twitter:card\" content=\"summary_large_image\" \/>\n<meta name=\"twitter:site\" content=\"@FGC\" \/>\n<script type=\"application\/ld+json\" class=\"yoast-schema-graph\">{\"@context\":\"https:\\\/\\\/schema.org\",\"@graph\":[{\"@type\":\"WebPage\",\"@id\":\"https:\\\/\\\/www.fgc.cat\\\/es\\\/acerca-de-nosotros\\\/responsabilidad-social\\\/noticias-responsabilidad-social\\\/\",\"url\":\"https:\\\/\\\/www.fgc.cat\\\/es\\\/acerca-de-nosotros\\\/responsabilidad-social\\\/noticias-responsabilidad-social\\\/\",\"name\":\"Noticias de responsabilidad social | FGC\",\"isPartOf\":{\"@id\":\"https:\\\/\\\/www.fgc.cat\\\/es\\\/#website\"},\"datePublished\":\"2019-03-07T09:58:11+00:00\",\"dateModified\":\"2020-10-06T09:23:16+00:00\",\"description\":\"Visita el Espacio \u00c9tico de FGC donde podr\u00e1s consultar nuestro C\u00f3digo \u00c9tico y de nuestras sociedades mercantiles, as\u00ed como otra normativa aplicable.\",\"breadcrumb\":{\"@id\":\"https:\\\/\\\/www.fgc.cat\\\/es\\\/acerca-de-nosotros\\\/responsabilidad-social\\\/noticias-responsabilidad-social\\\/#breadcrumb\"},\"inLanguage\":\"es\",\"potentialAction\":[{\"@type\":\"ReadAction\",\"target\":[\"https:\\\/\\\/www.fgc.cat\\\/es\\\/acerca-de-nosotros\\\/responsabilidad-social\\\/noticias-responsabilidad-social\\\/\"]}]},{\"@type\":\"BreadcrumbList\",\"@id\":\"https:\\\/\\\/www.fgc.cat\\\/es\\\/acerca-de-nosotros\\\/responsabilidad-social\\\/noticias-responsabilidad-social\\\/#breadcrumb\",\"itemListElement\":[{\"@type\":\"ListItem\",\"position\":1,\"name\":\"Portada\",\"item\":\"https:\\\/\\\/www.fgc.cat\\\/es\\\/\"},{\"@type\":\"ListItem\",\"position\":2,\"name\":\"Sobre FGC\",\"item\":\"https:\\\/\\\/www.fgc.cat\\\/es\\\/acerca-de-nosotros\\\/\"},{\"@type\":\"ListItem\",\"position\":3,\"name\":\"Responsabilidad social\",\"item\":\"https:\\\/\\\/www.fgc.cat\\\/es\\\/acerca-de-nosotros\\\/responsabilidad-social\\\/\"},{\"@type\":\"ListItem\",\"position\":4,\"name\":\"Noticias responsabilidad social\"}]},{\"@type\":\"WebSite\",\"@id\":\"https:\\\/\\\/www.fgc.cat\\\/es\\\/#website\",\"url\":\"https:\\\/\\\/www.fgc.cat\\\/es\\\/\",\"name\":\"FGC\",\"description\":\"Ferrocarrils de la Generalitat de Catalunya\",\"publisher\":{\"@id\":\"https:\\\/\\\/www.fgc.cat\\\/es\\\/#organization\"},\"potentialAction\":[{\"@type\":\"SearchAction\",\"target\":{\"@type\":\"EntryPoint\",\"urlTemplate\":\"https:\\\/\\\/www.fgc.cat\\\/es\\\/?s={search_term_string}\"},\"query-input\":{\"@type\":\"PropertyValueSpecification\",\"valueRequired\":true,\"valueName\":\"search_term_string\"}}],\"inLanguage\":\"es\"},{\"@type\":\"Organization\",\"@id\":\"https:\\\/\\\/www.fgc.cat\\\/es\\\/#organization\",\"name\":\"Ferrocarrils de la Generalitat de Catalunya\",\"url\":\"https:\\\/\\\/www.fgc.cat\\\/es\\\/\",\"logo\":{\"@type\":\"ImageObject\",\"inLanguage\":\"es\",\"@id\":\"https:\\\/\\\/www.fgc.cat\\\/es\\\/#\\\/schema\\\/logo\\\/image\\\/\",\"url\":\"https:\\\/\\\/www.fgc.cat\\\/wp-content\\\/uploads\\\/2020\\\/06\\\/logo-FGC-square.png\",\"contentUrl\":\"https:\\\/\\\/www.fgc.cat\\\/wp-content\\\/uploads\\\/2020\\\/06\\\/logo-FGC-square.png\",\"width\":1024,\"height\":1024,\"caption\":\"Ferrocarrils de la Generalitat de Catalunya\"},\"image\":{\"@id\":\"https:\\\/\\\/www.fgc.cat\\\/es\\\/#\\\/schema\\\/logo\\\/image\\\/\"},\"sameAs\":[\"https:\\\/\\\/www.facebook.com\\\/fgcferrocarrils\",\"https:\\\/\\\/x.com\\\/FGC\",\"https:\\\/\\\/www.instagram.com\\\/fgc.cat\\\/?hl=es\",\"http:\\\/\\\/www.youtube.com\\\/user\\\/FGCferrocarrils\"]}]}<\/script>\n<!-- \/ Yoast SEO Premium plugin. -->","yoast_head_json":{"title":"Noticias de responsabilidad social | FGC","description":"Visita el Espacio \u00c9tico de FGC donde podr\u00e1s consultar nuestro C\u00f3digo \u00c9tico y de nuestras sociedades mercantiles, as\u00ed como otra normativa aplicable.","robots":{"index":"index","follow":"follow","max-snippet":"max-snippet:-1","max-image-preview":"max-image-preview:large","max-video-preview":"max-video-preview:-1"},"canonical":"https:\/\/www.fgc.cat\/es\/acerca-de-nosotros\/responsabilidad-social\/noticias-responsabilidad-social\/","og_locale":"es_ES","og_type":"article","og_title":"Noticias responsabilidad social","og_description":"Visita el Espacio \u00c9tico de FGC donde podr\u00e1s consultar nuestro C\u00f3digo \u00c9tico y de nuestras sociedades mercantiles, as\u00ed como otra normativa aplicable.","og_url":"https:\/\/www.fgc.cat\/es\/acerca-de-nosotros\/responsabilidad-social\/noticias-responsabilidad-social\/","og_site_name":"Ferrocarrils de la Generalitat de Catalunya","article_publisher":"https:\/\/www.facebook.com\/fgcferrocarrils","article_modified_time":"2020-10-06T09:23:16+00:00","og_image":[{"width":3300,"height":2200,"url":"https:\/\/www.fgc.cat\/wp-content\/uploads\/2020\/06\/MONISTROL-MONTSERRAT-FGC-003-scaled.jpg","type":"image\/jpeg"}],"twitter_card":"summary_large_image","twitter_site":"@FGC","schema":{"@context":"https:\/\/schema.org","@graph":[{"@type":"WebPage","@id":"https:\/\/www.fgc.cat\/es\/acerca-de-nosotros\/responsabilidad-social\/noticias-responsabilidad-social\/","url":"https:\/\/www.fgc.cat\/es\/acerca-de-nosotros\/responsabilidad-social\/noticias-responsabilidad-social\/","name":"Noticias de responsabilidad social | FGC","isPartOf":{"@id":"https:\/\/www.fgc.cat\/es\/#website"},"datePublished":"2019-03-07T09:58:11+00:00","dateModified":"2020-10-06T09:23:16+00:00","description":"Visita el Espacio \u00c9tico de FGC donde podr\u00e1s consultar nuestro C\u00f3digo \u00c9tico y de nuestras sociedades mercantiles, as\u00ed como otra normativa aplicable.","breadcrumb":{"@id":"https:\/\/www.fgc.cat\/es\/acerca-de-nosotros\/responsabilidad-social\/noticias-responsabilidad-social\/#breadcrumb"},"inLanguage":"es","potentialAction":[{"@type":"ReadAction","target":["https:\/\/www.fgc.cat\/es\/acerca-de-nosotros\/responsabilidad-social\/noticias-responsabilidad-social\/"]}]},{"@type":"BreadcrumbList","@id":"https:\/\/www.fgc.cat\/es\/acerca-de-nosotros\/responsabilidad-social\/noticias-responsabilidad-social\/#breadcrumb","itemListElement":[{"@type":"ListItem","position":1,"name":"Portada","item":"https:\/\/www.fgc.cat\/es\/"},{"@type":"ListItem","position":2,"name":"Sobre FGC","item":"https:\/\/www.fgc.cat\/es\/acerca-de-nosotros\/"},{"@type":"ListItem","position":3,"name":"Responsabilidad social","item":"https:\/\/www.fgc.cat\/es\/acerca-de-nosotros\/responsabilidad-social\/"},{"@type":"ListItem","position":4,"name":"Noticias responsabilidad social"}]},{"@type":"WebSite","@id":"https:\/\/www.fgc.cat\/es\/#website","url":"https:\/\/www.fgc.cat\/es\/","name":"FGC","description":"Ferrocarrils de la Generalitat de Catalunya","publisher":{"@id":"https:\/\/www.fgc.cat\/es\/#organization"},"potentialAction":[{"@type":"SearchAction","target":{"@type":"EntryPoint","urlTemplate":"https:\/\/www.fgc.cat\/es\/?s={search_term_string}"},"query-input":{"@type":"PropertyValueSpecification","valueRequired":true,"valueName":"search_term_string"}}],"inLanguage":"es"},{"@type":"Organization","@id":"https:\/\/www.fgc.cat\/es\/#organization","name":"Ferrocarrils de la Generalitat de Catalunya","url":"https:\/\/www.fgc.cat\/es\/","logo":{"@type":"ImageObject","inLanguage":"es","@id":"https:\/\/www.fgc.cat\/es\/#\/schema\/logo\/image\/","url":"https:\/\/www.fgc.cat\/wp-content\/uploads\/2020\/06\/logo-FGC-square.png","contentUrl":"https:\/\/www.fgc.cat\/wp-content\/uploads\/2020\/06\/logo-FGC-square.png","width":1024,"height":1024,"caption":"Ferrocarrils de la Generalitat de Catalunya"},"image":{"@id":"https:\/\/www.fgc.cat\/es\/#\/schema\/logo\/image\/"},"sameAs":["https:\/\/www.facebook.com\/fgcferrocarrils","https:\/\/x.com\/FGC","https:\/\/www.instagram.com\/fgc.cat\/?hl=es","http:\/\/www.youtube.com\/user\/FGCferrocarrils"]}]}},"publishpress_future_action":{"enabled":false,"date":"2026-04-22 13:14:18","action":"change-status","newStatus":"draft","terms":[],"taxonomy":"translation_priority","extraData":[]},"publishpress_future_workflow_manual_trigger":{"enabledWorkflows":[]},"_links":{"self":[{"href":"https:\/\/www.fgc.cat\/es\/wp-json\/wp\/v2\/pages\/9836","targetHints":{"allow":["GET"]}}],"collection":[{"href":"https:\/\/www.fgc.cat\/es\/wp-json\/wp\/v2\/pages"}],"about":[{"href":"https:\/\/www.fgc.cat\/es\/wp-json\/wp\/v2\/types\/page"}],"author":[{"embeddable":true,"href":"https:\/\/www.fgc.cat\/es\/wp-json\/wp\/v2\/users\/1"}],"replies":[{"embeddable":true,"href":"https:\/\/www.fgc.cat\/es\/wp-json\/wp\/v2\/comments?post=9836"}],"version-history":[{"count":2,"href":"https:\/\/www.fgc.cat\/es\/wp-json\/wp\/v2\/pages\/9836\/revisions"}],"predecessor-version":[{"id":29207,"href":"https:\/\/www.fgc.cat\/es\/wp-json\/wp\/v2\/pages\/9836\/revisions\/29207"}],"up":[{"embeddable":true,"href":"https:\/\/www.fgc.cat\/es\/wp-json\/wp\/v2\/pages\/2922"}],"wp:attachment":[{"href":"https:\/\/www.fgc.cat\/es\/wp-json\/wp\/v2\/media?parent=9836"}],"curies":[{"name":"wp","href":"https:\/\/api.w.org\/{rel}","templated":true}]}}